{"id":20803,"date":"2022-06-22T06:40:18","date_gmt":"2022-06-22T06:40:18","guid":{"rendered":"https:\/\/duhocdaiduong.com\/?page_id=20803"},"modified":"2024-06-04T04:28:47","modified_gmt":"2024-06-04T04:28:47","slug":"dang-ky-tu-van","status":"publish","type":"page","link":"https:\/\/duhocdaiduong.com\/en\/dang-ky-tu-van\/","title":{"rendered":"\u0110\u0103ng k\u00fd t\u01b0 v\u1ea5n"},"content":{"rendered":"<div  data-delay=\"0\" class=\"vc_row wpb_row vc_row-fluid\"><div class=\"wpb_column vc_column_container vc_col-sm-12\" data-delay=\"0\"><div class=\"vc_column-inner\"><div class=\"wpb_wrapper\">\n\t<div class=\"wpb_raw_code wpb_content_element wpb_raw_html\" >\n\t\t<div class=\"wpb_wrapper\">\n\t\t\t<div class=\"title-custom\">\n         <a href=\"\" title=\"\">\n         <span>\u0110\u0102NG K\u00dd TH\u00d4NG TIN T\u01af V\u1ea4N DU H\u1eccC<\/span>\n         <img decoding=\"async\" src=\"\/wp-content\/uploads\/2022\/06\/icon-caret-right.png\" alt=\"\">\n         <\/a>\n      <\/div>\n\t\t<\/div>\n\t<\/div>\n\n<div class=\"wpcf7 no-js\" id=\"wpcf7-f20805-o1\" lang=\"vi-VN\" dir=\"ltr\" data-wpcf7-id=\"20805\">\n<div class=\"screen-reader-response\"><p role=\"status\" aria-live=\"polite\" aria-atomic=\"true\"><\/p> <ul><\/ul><\/div>\n<form action=\"\/en\/wp-json\/wp\/v2\/pages\/20803#wpcf7-f20805-o1\" method=\"post\" class=\"wpcf7-form init\" aria-label=\"Contact form\" novalidate=\"novalidate\" data-status=\"init\" data-trp-original-action=\"\/en\/wp-json\/wp\/v2\/pages\/20803#wpcf7-f20805-o1\">\n<fieldset class=\"hidden-fields-container\"><input type=\"hidden\" name=\"_wpcf7\" value=\"20805\" \/><input type=\"hidden\" name=\"_wpcf7_version\" value=\"6.1.5\" \/><input type=\"hidden\" name=\"_wpcf7_locale\" value=\"vi_VN\" \/><input type=\"hidden\" name=\"_wpcf7_unit_tag\" value=\"wpcf7-f20805-o1\" \/><input type=\"hidden\" name=\"_wpcf7_container_post\" value=\"0\" \/><input type=\"hidden\" name=\"_wpcf7_posted_data_hash\" value=\"\" \/>\n<\/fieldset>\n<div class=\"tu-van-form\">\n\t<div class=\"col-3\">\n\t\t<p><span>H\u1ecd t\u00ean<\/span>\n\t\t<\/p>\n\t<\/div>\n\t<div class=\"col-9\">\n\t\t<p><span class=\"wpcf7-form-control-wrap\" data-name=\"name-351\"><input size=\"40\" maxlength=\"400\" class=\"wpcf7-form-control wpcf7-text wpcf7-validates-as-required\" aria-required=\"true\" aria-invalid=\"false\" value=\"\" type=\"text\" name=\"name-351\" \/><\/span>\n\t\t<\/p>\n\t<\/div>\n\t<div class=\"col-3\">\n\t\t<p><span>S\u1ed1 \u0111i\u1ec7n tho\u1ea1i<\/span>\n\t\t<\/p>\n\t<\/div>\n\t<div class=\"col-9\">\n\t\t<p><span class=\"wpcf7-form-control-wrap\" data-name=\"tel-841\"><input size=\"40\" maxlength=\"400\" class=\"wpcf7-form-control wpcf7-tel wpcf7-validates-as-required wpcf7-text wpcf7-validates-as-tel\" aria-required=\"true\" aria-invalid=\"false\" value=\"\" type=\"tel\" name=\"tel-841\" \/><\/span>\n\t\t<\/p>\n\t<\/div>\n\t<div class=\"col-3\">\n\t\t<p><span>Email<\/span>\n\t\t<\/p>\n\t<\/div>\n\t<div class=\"col-9\">\n\t\t<p><span class=\"wpcf7-form-control-wrap\" data-name=\"email-537\"><input size=\"40\" maxlength=\"400\" class=\"wpcf7-form-control wpcf7-email wpcf7-validates-as-required wpcf7-text wpcf7-validates-as-email\" aria-required=\"true\" aria-invalid=\"false\" value=\"\" type=\"email\" name=\"email-537\" \/><\/span>\n\t\t<\/p>\n\t<\/div>\n\t<div class=\"col-3\">\n\t\t<p><span>Ch\u1ecdn v\u0103n ph\u00f2ng t\u01b0 v\u1ea5n<\/span>\n\t\t<\/p>\n\t<\/div>\n\t<div class=\"col-9\">\n\t\t<p><span class=\"wpcf7-form-control-wrap\" data-name=\"area-883\"><select class=\"wpcf7-form-control wpcf7-select wpcf7-validates-as-required\" aria-required=\"true\" aria-invalid=\"false\" name=\"area-883\"><option value=\"TP.HCM\">TP.HCM<\/option><option value=\"\u0110\u00e0 N\u1eb5ng\">\u0110\u00e0 N\u1eb5ng<\/option><option value=\"\u0110\u1ed3ng Nai\">\u0110\u1ed3ng Nai<\/option><option value=\"H\u00e0 N\u1ed9i\">H\u00e0 N\u1ed9i<\/option><option value=\"B\u00e0 R\u1ecba - V\u0169ng T\u00e0u\">B\u00e0 R\u1ecba - V\u0169ng T\u00e0u<\/option><\/select><\/span>\n\t\t<\/p>\n\t<\/div>\n\t<div class=\"col-3\">\n\t\t<p><span>Tr\u01b0\u1eddng d\u1ef1 \u0111\u1ecbnh h\u1ecdc<\/span>\n\t\t<\/p>\n\t<\/div>\n\t<div class=\"col-9\">\n\t\t<p><span class=\"wpcf7-form-control-wrap\" data-name=\"school-351\"><input size=\"40\" maxlength=\"400\" class=\"wpcf7-form-control wpcf7-text wpcf7-validates-as-required\" aria-required=\"true\" aria-invalid=\"false\" value=\"\" type=\"text\" name=\"school-351\" \/><\/span>\n\t\t<\/p>\n\t<\/div>\n\t<div class=\"col-3\">\n\t\t<p><span>Chuy\u00ean ng\u00e0nh<\/span>\n\t\t<\/p>\n\t<\/div>\n\t<div class=\"col-9\">\n\t\t<p><span class=\"wpcf7-form-control-wrap\" data-name=\"major-352\"><input size=\"40\" maxlength=\"400\" class=\"wpcf7-form-control wpcf7-text wpcf7-validates-as-required\" aria-required=\"true\" aria-invalid=\"false\" value=\"\" type=\"text\" name=\"major-352\" \/><\/span>\n\t\t<\/p>\n\t<\/div>\n\t<div class=\"col-3\">\n\t\t<p><span>N\u01b0\u1edbc du h\u1ecdc<\/span>\n\t\t<\/p>\n\t<\/div>\n\t<div class=\"col-9\">\n\t\t<p><span class=\"wpcf7-form-control-wrap\" data-name=\"country-884\"><select class=\"wpcf7-form-control wpcf7-select wpcf7-validates-as-required\" aria-required=\"true\" aria-invalid=\"false\" name=\"country-884\"><option value=\"Anh\">Anh<\/option><option value=\"\u00dac\">\u00dac<\/option><option value=\"M\u1ef9\">M\u1ef9<\/option><option value=\"Canada\">Canada<\/option><option value=\"Singapore\">Singapore<\/option><option value=\"New Zealand\">New Zealand<\/option><option value=\"Philippines\">Philippines<\/option><\/select><\/span>\n\t\t<\/p>\n\t<\/div>\n\t<div class=\"col-3\">\n\t\t<p><span>V\u1ea5n \u0111\u1ec1 c\u1ea7n t\u01b0 v\u1ea5n <\/span>\n\t\t<\/p>\n\t<\/div>\n\t<div class=\"col-9\">\n\t\t<p><span class=\"wpcf7-form-control-wrap\" data-name=\"consult-701\"><textarea cols=\"40\" rows=\"10\" maxlength=\"2000\" class=\"wpcf7-form-control wpcf7-textarea\" aria-invalid=\"false\" name=\"consult-701\"><\/textarea><\/span>\n\t\t<\/p>\n\t<\/div>\n\t<div class=\"col-3\">\n\t\t<p><span>Ng\u00e0y h\u1eb9n g\u1eb7p t\u01b0 v\u1ea5n vi\u00ean <\/span>\n\t\t<\/p>\n\t<\/div>\n\t<div class=\"col-9\">\n\t\t<p><span class=\"wpcf7-form-control-wrap\" data-name=\"date-736\"><input class=\"wpcf7-form-control wpcf7-date wpcf7-validates-as-date\" aria-invalid=\"false\" value=\"\" type=\"date\" name=\"date-736\" \/><\/span>\n\t\t<\/p>\n\t<\/div>\n\t<div class=\"col-3\">\n\t\t<p><span>Gi\u1edd h\u1eb9n g\u1eb7p t\u01b0 v\u1ea5n vi\u00ean <\/span>\n\t\t<\/p>\n\t<\/div>\n\t<div class=\"col-9\">\n\t\t<p><span class=\"wpcf7-form-control-wrap\" data-name=\"time-884\"><select class=\"wpcf7-form-control wpcf7-select\" aria-invalid=\"false\" name=\"time-884\"><option value=\"8h-10h s\u00e1ng\">8h-10h s\u00e1ng<\/option><option value=\"10h - 12h s\u00e1ng\">10h - 12h s\u00e1ng<\/option><option value=\"13h - 15h chi\u1ec1u\">13h - 15h chi\u1ec1u<\/option><option value=\"15h - 17h chi\u1ec1u\">15h - 17h chi\u1ec1u<\/option><\/select><\/span>\n\t\t<\/p>\n\t<\/div>\n\t<div class=\"col-3\">\n\t\t<p><span>Ch\u1ecdn t\u01b0 v\u1ea5n vi\u00ean <\/span>\n\t\t<\/p>\n\t<\/div>\n\t<div class=\"col-9\">\n\t\t<p><span class=\"wpcf7-form-control-wrap\" data-name=\"consultant-884\"><select class=\"wpcf7-form-control wpcf7-select\" aria-invalid=\"false\" name=\"consultant-884\"><option value=\"Nguy\u1ec5n Anh Tu\u00e2n\">Nguy\u1ec5n Anh Tu\u00e2n<\/option><option value=\"B\u1ea1ch Phan Uy\u00ean Thy\">B\u1ea1ch Phan Uy\u00ean Thy<\/option><option value=\"Nguy\u1ec5n Th\u1ecb Ph\u01b0\u01a1ng\">Nguy\u1ec5n Th\u1ecb Ph\u01b0\u01a1ng<\/option><option value=\"H\u1ed3 Th\u1ecb Th\u00f9y Linh\">H\u1ed3 Th\u1ecb Th\u00f9y Linh<\/option><option value=\"Nguy\u1ec5n Th\u1ecb Anh \t\tTh\u01b0\">Nguy\u1ec5n Th\u1ecb Anh \n\t\tTh\u01b0<\/option><option value=\"\u0110\u1eb7ng Ho\u00e0ng Ph\u01b0\u01a1ng Th\u1ea3o\">\u0110\u1eb7ng Ho\u00e0ng Ph\u01b0\u01a1ng Th\u1ea3o<\/option><option value=\"Nguy\u1ec5n H\u1eefu Vinh\">Nguy\u1ec5n H\u1eefu Vinh<\/option><option value=\"Nguy\u1ec5n Th\u1ecb Trinh Tuy\u1ebft\">Nguy\u1ec5n Th\u1ecb Trinh Tuy\u1ebft<\/option><option value=\"Nguy\u1ec5n Vi\u1ec7t D\u0169ng\">Nguy\u1ec5n Vi\u1ec7t D\u0169ng<\/option><option value=\"Nguy\u1ec5n Th\u1ecb Thanh Th\u1ee7y\">Nguy\u1ec5n Th\u1ecb Thanh Th\u1ee7y<\/option><option value=\"Nguy\u1ec5n Ng\u1ecdc Kim Ng\u00e2n2\">Nguy\u1ec5n Ng\u1ecdc Kim Ng\u00e2n2<\/option><option value=\"G\u1eb7p \u0111\u1ea1i di\u1ec7n tr\u01b0\u1eddng n\u01b0\u1edbc ngo\u00e0i \u0111ang l\u00e0m vi\u1ec7c t\u1ea1i Vi\u1ec7t Nam (tr\u1ef1c ti\u1ebfp)\">G\u1eb7p \u0111\u1ea1i di\u1ec7n tr\u01b0\u1eddng n\u01b0\u1edbc ngo\u00e0i \u0111ang l\u00e0m vi\u1ec7c t\u1ea1i Vi\u1ec7t Nam (tr\u1ef1c ti\u1ebfp)<\/option><option value=\"G\u1eb7p \u0111\u1ea1i di\u1ec7n tr\u01b0\u1eddng n\u01b0\u1edbc ngo\u00e0i\t\t(online)\">G\u1eb7p \u0111\u1ea1i di\u1ec7n tr\u01b0\u1eddng n\u01b0\u1edbc ngo\u00e0i\n\t\t(online)<\/option><\/select><\/span>\n\t\t<\/p>\n\t<\/div>\n\t<div class=\"col-3\">\n\t<\/div>\n\t<div class=\"col-9\">\n\t\t<div id=\"cf7sr-69e5f6ec3ab3b\" class=\"cf7sr-g-recaptcha\" data-theme=\"light\" data-type=\"image\" data-size=\"normal\" data-sitekey=\"6Lc_mswhAAAAAAYkwqrY-Xew3_3qkMyUZgRuORT9\"><\/div><span class=\"wpcf7-form-control-wrap cf7sr-recaptcha\" data-name=\"cf7sr-recaptcha\"><input type=\"hidden\" name=\"cf7sr-recaptcha\" value=\"\" class=\"wpcf7-form-control\"><\/span>\n\t\t<\/p>\n\t<\/div>\n\t<div class=\"col-12\">\n\t\t<p><input class=\"wpcf7-form-control wpcf7-submit has-spinner\" type=\"submit\" value=\"\u0110\u0103ng k\u00fd\" \/>\n\t\t<\/p>\n\t<\/div>\n<\/div><div class=\"wpcf7-response-output\" aria-hidden=\"true\"><\/div>\n<input type=\"hidden\" name=\"trp-form-language\" value=\"en\"\/><\/form>\n<\/div>\n<\/div><\/div><\/div><\/div>","protected":false},"excerpt":{"rendered":"\u0110\u0102NG K\u00dd TH\u00d4NG TIN T\u01af V\u1ea4N DU H\u1eccC H\u1ecd t\u00ean S\u1ed1 \u0111i\u1ec7n tho\u1ea1i Email Ch\u1ecdn v\u0103n ph\u00f2ng t\u01b0 v\u1ea5n TP.HCM\u0110\u00e0 N\u1eb5ng\u0110\u1ed3ng NaiH\u00e0 N\u1ed9iB\u00e0 R\u1ecba - V\u0169ng T\u00e0u Tr\u01b0\u1eddng d\u1ef1 \u0111\u1ecbnh h\u1ecdc Chuy\u00ean ng\u00e0nh N\u01b0\u1edbc du h\u1ecdc Anh\u00dacM\u1ef9CanadaSingaporeNew ZealandPhilippines V\u1ea5n \u0111\u1ec1 c\u1ea7n t\u01b0 v\u1ea5n Ng\u00e0y h\u1eb9n g\u1eb7p t\u01b0 v\u1ea5n vi\u00ean Gi\u1edd h\u1eb9n g\u1eb7p t\u01b0 v\u1ea5n vi\u00ean [...]","protected":false},"author":2,"featured_media":0,"parent":0,"menu_order":0,"comment_status":"closed","ping_status":"closed","template":"","meta":{"footnotes":""},"class_list":["post-20803","page","type-page","status-publish","hentry"],"aioseo_notices":[],"_links":{"self":[{"href":"https:\/\/duhocdaiduong.com\/en\/wp-json\/wp\/v2\/pages\/20803","targetHints":{"allow":["GET"]}}],"collection":[{"href":"https:\/\/duhocdaiduong.com\/en\/wp-json\/wp\/v2\/pages"}],"about":[{"href":"https:\/\/duhocdaiduong.com\/en\/wp-json\/wp\/v2\/types\/page"}],"author":[{"embeddable":true,"href":"https:\/\/duhocdaiduong.com\/en\/wp-json\/wp\/v2\/users\/2"}],"replies":[{"embeddable":true,"href":"https:\/\/duhocdaiduong.com\/en\/wp-json\/wp\/v2\/comments?post=20803"}],"version-history":[{"count":8,"href":"https:\/\/duhocdaiduong.com\/en\/wp-json\/wp\/v2\/pages\/20803\/revisions"}],"predecessor-version":[{"id":27524,"href":"https:\/\/duhocdaiduong.com\/en\/wp-json\/wp\/v2\/pages\/20803\/revisions\/27524"}],"wp:attachment":[{"href":"https:\/\/duhocdaiduong.com\/en\/wp-json\/wp\/v2\/media?parent=20803"}],"curies":[{"name":"wp","href":"https:\/\/api.w.org\/{rel}","templated":true}]}}