{"id":20342,"date":"2022-04-18T09:12:14","date_gmt":"2022-04-18T09:12:14","guid":{"rendered":"https:\/\/duhocdaiduong.com\/?page_id=20342"},"modified":"2025-06-04T04:21:32","modified_gmt":"2025-06-04T04:21:32","slug":"he-thong-van-phong","status":"publish","type":"page","link":"https:\/\/duhocdaiduong.com\/en\/he-thong-van-phong\/","title":{"rendered":"Office system"},"content":{"rendered":"<div  data-delay=\"0\" class=\"vc_row wpb_row vc_row-fluid\"><div class=\"wpb_column vc_column_container vc_col-sm-12\" data-delay=\"0\"><div class=\"vc_column-inner\"><div class=\"wpb_wrapper\">\r\n\t<div class=\"wpb_text_column wpb_content_element\" >\r\n\t\t<div class=\"wpb_wrapper\">\r\n\t\t\t<p><strong><span style=\"font-family: 'times new roman', times;\"><u><em><span style=\"font-size: 16px;\">Tr\u1ee5 S\u1edf\u00a0Ch\u00ednh<\/span><\/em><\/u><\/span><\/strong><\/p>\n<p><strong><span style=\"font-family: 'times new roman', times;\"><span style=\"font-size: 16px;\"><span style=\"color: #000000;\">\u0110\u1ecba ch\u1ec9: 76 Nguy\u1ec5n Ch\u00ed Thanh, ph\u01b0\u1eddng 2, qu\u1eadn 10, Tp. HCM (g\u1ea7n ng\u00e3 t\u01b0 Nguy\u1ec5n Ch\u00ed Thanh v\u00e0 S\u01b0 V\u1ea1n H\u1ea1nh)<\/span><\/span><\/span><\/strong><\/p>\n<p><strong><span style=\"font-family: 'times new roman', times;\"><span style=\"font-size: 16px;\"><span style=\"color: #000000;\">\u0110i\u1ec7n tho\u1ea1i: 1800 3309<\/span><\/span><\/span><\/strong><\/p>\n<p><strong><span style=\"font-family: 'times new roman', times;\"><span style=\"font-size: 16px;\"><span style=\"color: #000000;\">Mobile: 0938 281606 &#8211; 0902706269<\/span><\/span><\/span><\/strong><\/p>\n<p><strong><span style=\"font-family: 'times new roman', times;\"><span style=\"font-size: 16px;\"><span style=\"color: #000000;\">Email: <\/span><span style=\"color: #000000;\"><a href=\"mailto:info@duhocdaiduong.com\">info@duhocdaiduong.com<\/a>;<\/span><span style=\"color: #000000;\">\u00a0<\/span><span style=\"color: #000000;\"><a href=\"mailto:tuan@duhocdaiduong.com\">tuan@duhocdaiduong.com<\/a>\u00a0<\/span><span style=\"color: #000000;\">\u00a0\u00a0<\/span><\/span><\/span><\/strong><\/p>\n<p><strong><span style=\"font-family: 'times new roman', times;\"><span style=\"font-size: 16px;\"><span style=\"color: #000000;\">Website:\u00a0 <\/span><span style=\"color: #000000;\"><a href=\"https:\/\/duhocdaiduong.com\/en\/\">www.duhocdaiduong.com<\/a>\u00a0<\/span><\/span><\/span><\/strong><\/p>\n<p>&nbsp;<\/p>\n<p><strong><span style=\"font-family: 'times new roman', times;\">V\u0103n ph\u00f2ng \u0111\u1ea1i di\u1ec7n Sa \u0110\u00e9c<\/span><\/strong><\/p>\n<p><strong><span style=\"font-family: 'times new roman', times;\">\u0110\u1ecba ch\u1ec9: 226 Nguy\u1ec5n T\u1ea5t Th\u00e0nh, kh\u00f3m 2, Ph\u01b0\u1eddng 1, TP. Sa \u0110\u00e9c, t\u1ec9nh \u0110\u1ed3ng Th\u00e1p<\/span><\/strong><\/p>\n<p><strong><span style=\"font-family: 'times new roman', times;\">\u0110i\u1ec7n tho\u1ea1i: 0919 321 799<\/span><\/strong><\/p>\n<p><strong><span style=\"font-family: 'times new roman', times;\">Email: vp-sadec@duhocdaiduong.com<\/span><\/strong><\/p>\n<p>&nbsp;<\/p>\n<p><strong><span style=\"font-family: 'times new roman', times;\">V\u0103n ph\u00f2ng \u0111\u1ea1i di\u1ec7n B\u00ecnh Th\u1ea1nh<\/span><\/strong><\/p>\n<p><strong><span style=\"font-family: 'times new roman', times;\">\u0110\u1ecba ch\u1ec9: T\u00f2a nh\u00e0 VCC Building 69\/1\/3 Nguy\u1ec5n Gia Tr\u00ed, Ph\u01b0\u1eddng 25, Qu\u1eadn B\u00ecnh Th\u1ea1nh, TP. H\u1ed3 Ch\u00ed Minh<\/span><\/strong><\/p>\n<p><strong><span style=\"font-family: 'times new roman', times;\">\u0110i\u1ec7n tho\u1ea1i: 0909 127 669<\/span><\/strong><\/p>\n<p><strong><span style=\"font-family: 'times new roman', times;\">Email: vp-binhthanh@duhocdaiduong.com<\/span><\/strong><\/p>\n<p>&nbsp;<\/p>\n<p><strong><span style=\"font-family: 'times new roman', times;\">V\u0103n ph\u00f2ng \u0111\u1ea1i di\u1ec7n M\u1ef9 Tho<\/span><\/strong><br \/>\n<strong><span style=\"font-family: 'times new roman', times;\">\u0110\u1ecba ch\u1ec9: Shop house Vincom : s\u1ed1 1 H\u00f9ng v\u01b0\u01a1ng- PG 02-06, Th\u00e0nh ph\u1ed1 M\u1ef9 Tho, T\u1ec9nh Ti\u1ec1n Giang<\/span><\/strong><\/p>\n<p><strong><span style=\"font-family: 'times new roman', times;\">\u0110i\u1ec7n tho\u1ea1i: 0983 977 166<\/span><\/strong><\/p>\n<p><strong><span style=\"font-family: 'times new roman', times;\">Email: vp-mytho@duhocdaiduong.com<\/span><\/strong><\/p>\n<p>&nbsp;<\/p>\n<p><strong><span style=\"font-family: 'times new roman', times;\">V\u0103n ph\u00f2ng \u0111\u1ea1i di\u1ec7n Canada<\/span><\/strong><\/p>\n<p><strong><span style=\"font-family: 'times new roman', times;\">\u0110\u1ecba ch\u1ec9: 3760 Coast Meridian Road, Port Coquitlam, BC V3B 3P1<\/span><\/strong><\/p>\n<h6><\/h6>\n\r\n\t\t<\/div>\r\n\t<\/div>\r\n<\/div><\/div><\/div><\/div>","protected":false},"excerpt":{"rendered":"Tr\u1ee5 S\u1edf\u00a0Ch\u00ednh \u0110\u1ecba ch\u1ec9: 76 Nguy\u1ec5n Ch\u00ed Thanh, ph\u01b0\u1eddng 2, qu\u1eadn 10, Tp. HCM (g\u1ea7n ng\u00e3 t\u01b0 Nguy\u1ec5n Ch\u00ed Thanh v\u00e0 S\u01b0 V\u1ea1n H\u1ea1nh) \u0110i\u1ec7n tho\u1ea1i: 1800 3309 Mobile: 0938 281606 - 0902706269 Email: info@duhocdaiduong.com;\u00a0tuan@duhocdaiduong.com\u00a0\u00a0\u00a0 Website:\u00a0 www.duhocdaiduong.com\u00a0 &nbsp; V\u0103n ph\u00f2ng \u0111\u1ea1i di\u1ec7n Sa \u0110\u00e9c \u0110\u1ecba ch\u1ec9: 226 Nguy\u1ec5n T\u1ea5t Th\u00e0nh, kh\u00f3m 2, Ph\u01b0\u1eddng 1, TP. [...]","protected":false},"author":2,"featured_media":0,"parent":0,"menu_order":0,"comment_status":"closed","ping_status":"closed","template":"","meta":{"footnotes":""},"class_list":["post-20342","page","type-page","status-publish","hentry"],"aioseo_notices":[],"_links":{"self":[{"href":"https:\/\/duhocdaiduong.com\/en\/wp-json\/wp\/v2\/pages\/20342","targetHints":{"allow":["GET"]}}],"collection":[{"href":"https:\/\/duhocdaiduong.com\/en\/wp-json\/wp\/v2\/pages"}],"about":[{"href":"https:\/\/duhocdaiduong.com\/en\/wp-json\/wp\/v2\/types\/page"}],"author":[{"embeddable":true,"href":"https:\/\/duhocdaiduong.com\/en\/wp-json\/wp\/v2\/users\/2"}],"replies":[{"embeddable":true,"href":"https:\/\/duhocdaiduong.com\/en\/wp-json\/wp\/v2\/comments?post=20342"}],"version-history":[{"count":3,"href":"https:\/\/duhocdaiduong.com\/en\/wp-json\/wp\/v2\/pages\/20342\/revisions"}],"predecessor-version":[{"id":28520,"href":"https:\/\/duhocdaiduong.com\/en\/wp-json\/wp\/v2\/pages\/20342\/revisions\/28520"}],"wp:attachment":[{"href":"https:\/\/duhocdaiduong.com\/en\/wp-json\/wp\/v2\/media?parent=20342"}],"curies":[{"name":"wp","href":"https:\/\/api.w.org\/{rel}","templated":true}]}}