{"id":20340,"date":"2022-04-18T09:11:40","date_gmt":"2022-04-18T09:11:40","guid":{"rendered":"https:\/\/duhocdaiduong.com\/?page_id=20340"},"modified":"2025-04-04T04:10:01","modified_gmt":"2025-04-04T04:10:01","slug":"dich-vu","status":"publish","type":"page","link":"https:\/\/duhocdaiduong.com\/en\/dich-vu\/","title":{"rendered":"Services"},"content":{"rendered":"<p><span style=\"font-size: 18px;\"><strong>Danh S\u00e1ch C\u00e1c D\u1ecbch V\u1ee5 C\u1ee7a C\u00f4ng Ty:<\/strong><\/span><\/p>\n<p><strong>T\u01b0 V\u1ea5n Du H\u1ecdc<\/strong><\/p>\n<p>\u0110\u1ebfn v\u1edbi \u0110\u1ea1i D\u01b0\u01a1ng Education, b\u1ea1n s\u1ebd c\u00f3 nhi\u1ec1u l\u1ef1a ch\u1ecdn \u0111a d\u1ea1ng v\u1ec1 c\u00e1c ch\u01b0\u01a1ng tr\u00ecnh du h\u1ecdc c\u0169ng nh\u01b0 h\u1ecdc b\u1ed5ng. H\u00e3y s\u1eb5n s\u00e0ng k\u1ebft b\u1ea1n v\u1edbi m\u1ed9t c\u1ed9ng \u0111\u1ed3ng qu\u1ed1c t\u1ebf r\u1ed9ng l\u1edbn!<\/p>\n<ul>\n<li>Du H\u1ecdc Ch\u01b0\u01a1ng Tr\u00ecnh Ph\u1ed5 Th\u00f4ng Trung H\u1ecdc<\/li>\n<li>Du H\u1ecdc Ch\u01b0\u01a1ng Tr\u00ecnh Cao \u0110\u1eb3ng\/ D\u1ef1 B\u1ecb \u0110\u1ea1i H\u1ecdc<\/li>\n<li>Du H\u1ecdc Ch\u01b0\u01a1ng Tr\u00ecnh \u0110\u1ea1i H\u1ecdc<\/li>\n<li>Du H\u1ecdc Ch\u01b0\u01a1ng Tr\u00ecnh Sau \u0110\u1ea1i H\u1ecdc<\/li>\n<li>Du H\u1ecdc H\u00e8<\/li>\n<li>Du H\u1ecdc Ng\u00f4n Ng\u1eef Ng\u1eafn H\u1ea1n<\/li>\n<\/ul>\n<p><strong>T\u01b0 v\u1ea5n c\u00e1c ch\u01b0\u01a1ng tr\u00ecnh l\u00e0m vi\u1ec7c v\u00e0 \u0111\u1ecbnh c\u01b0 n\u01b0\u1edbc ngo\u00e0i: <\/strong><\/p>\n<p><b>Canada:<\/b><\/p>\n<ul>\n<li>Visa l\u00e0m vi\u1ec7c (work permit) v\u00e0 \u0111\u1ecbnh c\u01b0 theo di\u1ec7n Skilled workers<\/li>\n<li>Visa l\u00e0m vi\u1ec7c (work permit) v\u00e0 \u0111\u1ecbnh c\u01b0 theo Ch\u01b0\u01a1ng tr\u00ecnh Start-Up visa<\/li>\n<li>Visa \u0111\u1ecbnh c\u01b0 theo di\u1ec7n th\u00e2n nh\u00e2n b\u1ea3o l\u00e3nh<\/li>\n<li>Visa \u0111\u1ecbnh c\u01b0 theo di\u1ec7n k\u1ebft h\u00f4n,<\/li>\n<li>\u2026<\/li>\n<\/ul>\n<p><strong>M\u1ef9: <\/strong><\/p>\n<ul>\n<li style=\"list-style-type: none;\">\n<ul>\n<li>Visa l\u00e0m vi\u1ec7c v\u00e0 \u0111\u1ecbnh c\u01b0<\/li>\n<li>Visa \u0111\u1ecbnh c\u01b0 theo di\u1ec7n th\u00e2n nh\u00e2n b\u1ea3o l\u00e3nh<\/li>\n<li>Visa \u0111\u1ecbnh c\u01b0 theo di\u1ec7n k\u1ebft h\u00f4n<\/li>\n<\/ul>\n<\/li>\n<\/ul>\n<p><strong>D\u1ecbch Thu\u1eadt\u00a0<\/strong><\/p>\n<ul>\n<li>D\u1ecbch t\u00e0i li\u1ec7u doanh nghi\u1ec7p, t\u00e0i ch\u00ednh, \u0111\u1ecbnh c\u01b0<\/li>\n<li>D\u1ecbch t\u00e0i li\u1ec7u k\u1ef9 thu\u1eadt<\/li>\n<li>D\u1ecbch t\u00e0i li\u1ec7u x\u00e2y d\u1ef1ng, d\u1ef1 \u00e1n, v\u00e0 h\u1ed3 s\u01a1 th\u1ea7u<\/li>\n<li>D\u1ecbch t\u00e0i li\u1ec7u du l\u1ecbch v\u00e0 du h\u1ecdc<\/li>\n<li>D\u1ecbch t\u00e0i li\u1ec7u Ph\u00e1p Lu\u1eadt<\/li>\n<li>D\u1ecbch t\u00e0i li\u1ec7u b\u1ea3o hi\u1ec3m<\/li>\n<\/ul>\n<p><strong>Du\u00a0L\u1ecbch Th\u0103m Th\u00e2n<\/strong><\/p>\n<p>T\u01b0 v\u1ea5n v\u00e0 ho\u00e0n t\u1ea5t h\u1ed3 s\u01a1 sau khi xem x\u00e9t ti\u00eau chu\u1ea9n ch\u1ea5t l\u01b0\u1ee3ng h\u1ed3 s\u01a1 c\u1ee7a Qu\u00fd Kh\u00e1ch. T\u00f9y theo m\u1ed7i n\u01b0\u1edbc, ch\u00fang t\u00f4i s\u1ebd luy\u1ec7n ph\u1ecfng v\u1ea5n cho Qu\u00fd v\u1ecb\u00a0\u0111\u1ec3\u00a0\u0111\u1ea1t\u00a0\u0111\u01b0\u1ee3c Visa\u00a0. Ngo\u00e0i ra, ch\u00fang t\u00f4i c\u00f2n gi\u00fap \u0111\u1ee1 Qu\u00fd v\u1ecb \u0111\u1eb7t v\u00e9 m\u00e1y bay, \u0111\u01b0a \u0111\u00f3n t\u1ea1i s\u00e2n bay v\u00e0 gia h\u1ea1n Visa cho Qu\u00fd v\u1ecb t\u1ea1i n\u01b0\u1edbc ngo\u00e0i n\u1ebfu c\u00f3 nhu c\u1ea7u.<\/p>\n<hr \/>\n<p>C\u00d4NG TY TNHH \u0110\u1ea6U T\u01af V\u00c0 T\u01af V\u1ea4N GI\u00c1O D\u1ee4C QU\u1ed0C T\u1ebe \u0110\u1ea0I D\u01af\u01a0NG<\/p>\n<p>\ud83d\udccd: 76 Nguy\u1ec5n Ch\u00ed Thanh, Ph\u01b0\u1eddng 2, Qu\u1eadn 10, Tp. HCM<\/p>\n<p>\u260e\ufe0f: 1800 3309 \u2013 0902 706 269 \u2013 0938 281 606<\/p>","protected":false},"excerpt":{"rendered":"<p>Danh S\u00e1ch C\u00e1c D\u1ecbch V\u1ee5 C\u1ee7a C\u00f4ng Ty: T\u01b0 V\u1ea5n Du H\u1ecdc \u0110\u1ebfn v\u1edbi \u0110\u1ea1i D\u01b0\u01a1ng Education, b\u1ea1n s\u1ebd c\u00f3 nhi\u1ec1u l\u1ef1a ch\u1ecdn \u0111a d\u1ea1ng v\u1ec1 c\u00e1c ch\u01b0\u01a1ng tr\u00ecnh du h\u1ecdc c\u0169ng nh\u01b0 h\u1ecdc b\u1ed5ng. H\u00e3y s\u1eb5n s\u00e0ng k\u1ebft b\u1ea1n v\u1edbi m\u1ed9t c\u1ed9ng \u0111\u1ed3ng qu\u1ed1c t\u1ebf r\u1ed9ng l\u1edbn! Du H\u1ecdc Ch\u01b0\u01a1ng Tr\u00ecnh Ph\u1ed5 Th\u00f4ng Trung [&hellip;]<\/p>\n","protected":false},"author":2,"featured_media":0,"parent":0,"menu_order":0,"comment_status":"closed","ping_status":"closed","template":"","meta":{"footnotes":""},"class_list":["post-20340","page","type-page","status-publish","hentry"],"aioseo_notices":[],"_links":{"self":[{"href":"https:\/\/duhocdaiduong.com\/en\/wp-json\/wp\/v2\/pages\/20340","targetHints":{"allow":["GET"]}}],"collection":[{"href":"https:\/\/duhocdaiduong.com\/en\/wp-json\/wp\/v2\/pages"}],"about":[{"href":"https:\/\/duhocdaiduong.com\/en\/wp-json\/wp\/v2\/types\/page"}],"author":[{"embeddable":true,"href":"https:\/\/duhocdaiduong.com\/en\/wp-json\/wp\/v2\/users\/2"}],"replies":[{"embeddable":true,"href":"https:\/\/duhocdaiduong.com\/en\/wp-json\/wp\/v2\/comments?post=20340"}],"version-history":[{"count":6,"href":"https:\/\/duhocdaiduong.com\/en\/wp-json\/wp\/v2\/pages\/20340\/revisions"}],"predecessor-version":[{"id":28387,"href":"https:\/\/duhocdaiduong.com\/en\/wp-json\/wp\/v2\/pages\/20340\/revisions\/28387"}],"wp:attachment":[{"href":"https:\/\/duhocdaiduong.com\/en\/wp-json\/wp\/v2\/media?parent=20340"}],"curies":[{"name":"wp","href":"https:\/\/api.w.org\/{rel}","templated":true}]}}