{"id":20338,"date":"2022-04-18T09:11:12","date_gmt":"2022-04-18T09:11:12","guid":{"rendered":"https:\/\/duhocdaiduong.com\/?page_id=20338"},"modified":"2022-10-05T07:36:34","modified_gmt":"2022-10-05T07:36:34","slug":"doi-ngu-nhan-vien","status":"publish","type":"page","link":"https:\/\/duhocdaiduong.com\/en\/doi-ngu-nhan-vien\/","title":{"rendered":"Human resources"},"content":{"rendered":"<p><span style=\"font-size: 18px;\"><strong>Ch\u00fang T\u00f4i \u0110\u1ed3ng H\u00e0nh C\u00f9ng B\u1ea1n !!!<\/strong><\/span><\/p>\n<p><strong><span style=\"font-size: 18px;\"><span style=\"font-size: 12px;\">Kinh nghi\u1ec7m t\u01b0 v\u1ea5n du h\u1ecdc<\/span><\/span><\/strong><\/p>\n<p>C\u00e1c chuy\u00ean vi\u00ean t\u01b0 v\u1ea5n c\u1ee7a ch\u00fang t\u00f4i c\u00f3 kinh nghi\u1ec7m g\u1ea7n 20\u00a0n\u0103m trong ng\u00e0nh t\u01b0 v\u1ea5n du h\u1ecdc. B\u1ea3n th\u00e2n nh\u00e2n vi\u00ean n\u00f3i ri\u00eang v\u00e0 \u0110\u1ea1i D\u01b0\u01a1ng Education n\u00f3i chung \u0111\u00e3 \u0111\u1ea1t \u0111\u01b0\u1ee3c nhi\u1ec1u b\u1eb1ng c\u1ea5p, ch\u1ee9ng ch\u1ec9 t\u01b0 v\u1ea5n du h\u1ecdc, gi\u1ea3i th\u01b0\u1edfng do c\u00e1c c\u01a1 quan gi\u00e1o d\u1ee5c trong v\u00e0 ngo\u00e0i n\u01b0\u1edbc c\u1ea5p. M\u1ed9t s\u1ed1 ch\u1ee9ng ch\u1ec9 v\u00e0 gi\u1ea3i th\u01b0\u1edfng \u0111\u00e3 \u0111\u1ea1t: Ch\u1ee9ng ch\u1ec9 Nghi\u1ec7p V\u1ee5 T\u01b0 V\u1ea5n Du H\u1ecdc c\u1ee7a B\u1ed9 Gi\u00e1o D\u1ee5c v\u00e0 \u0110\u00e0o T\u1ea1o, ch\u1ee9ng ch\u1ec9 T\u01b0 V\u1ea5n Du H\u1ecdc \u00dac, ch\u1ee9ng ch\u1ec9 T\u01b0 V\u1ea5n Du H\u1ecdc Canada, gi\u1ea3i th\u01b0\u1edfng Th\u00e0nh T\u00edch Tuy\u1ec3n Sinh c\u1ee7a tr\u01b0\u1eddng Centennial College, Toronto,&#8230;<\/p>\n<p>Ngo\u00e0i ra, chuy\u00ean vi\u00ean t\u01b0 v\u1ea5n c\u00e1c ch\u01b0\u01a1ng tr\u00ecnh du h\u1ecdc, \u0111\u1ecbnh c\u01b0 Canada c\u00f3 b\u1eb1ng ch\u1ee9ng nh\u1eadn c\u1ee7a H\u1ed9i \u0111\u1ed3ng Lu\u1eadt Di tr\u00fa Canada:\u00a0RCIC Anna Nguyen # R534463.<\/p>\n<p style=\"text-align: center;\"><img loading=\"lazy\" decoding=\"async\" src=\"\/wp-content\/uploads\/about\/anna-nguyen.png\" alt=\"\" width=\"499\" height=\"227\" \/><\/p>\n<div style=\"text-align: center;\">\n<figure class=\"image\" style=\"display: inline-block;\"><img loading=\"lazy\" decoding=\"async\" src=\"\/wp-content\/uploads\/about\/ccg00333.jpg\" alt=\"Ch\u1ee9ng nh\u1eadn t\u01b0 v\u1ea5n Du h\u1ecdc Canada\" width=\"500\" height=\"713\" \/><figcaption>Ch\u1ee9ng nh\u1eadn t\u01b0 v\u1ea5n Du h\u1ecdc Canada<\/figcaption><\/figure>\n<\/div>\n<div style=\"text-align: center;\"><\/div>\n<div><\/div>\n<figure id=\"attachment_24742\" aria-describedby=\"caption-attachment-24742\" style=\"width: 1500px\" class=\"wp-caption aligncenter\"><img loading=\"lazy\" decoding=\"async\" class=\"wp-image-24742 size-full\" src=\"https:\/\/duhocdaiduong.com\/wp-content\/uploads\/2022\/10\/cec-network-certificate.jpg\" alt=\"Ch\u1ee9ng ch\u1ec9 t\u01b0 v\u1ea5n du h\u1ecdc \u00dac\" width=\"1500\" height=\"1095\" srcset=\"https:\/\/duhocdaiduong.com\/wp-content\/uploads\/2022\/10\/cec-network-certificate.jpg 1500w, https:\/\/duhocdaiduong.com\/wp-content\/uploads\/2022\/10\/cec-network-certificate-300x219.jpg 300w, https:\/\/duhocdaiduong.com\/wp-content\/uploads\/2022\/10\/cec-network-certificate-1024x748.jpg 1024w, https:\/\/duhocdaiduong.com\/wp-content\/uploads\/2022\/10\/cec-network-certificate-768x561.jpg 768w, https:\/\/duhocdaiduong.com\/wp-content\/uploads\/2022\/10\/cec-network-certificate-16x12.jpg 16w, https:\/\/duhocdaiduong.com\/wp-content\/uploads\/2022\/10\/cec-network-certificate-750x548.jpg 750w, https:\/\/duhocdaiduong.com\/wp-content\/uploads\/2022\/10\/cec-network-certificate-540x394.jpg 540w\" sizes=\"auto, (max-width: 1500px) 100vw, 1500px\" \/><figcaption id=\"caption-attachment-24742\" class=\"wp-caption-text\">Ch\u1ee9ng ch\u1ec9 t\u01b0 v\u1ea5n du h\u1ecdc \u00dac<\/figcaption><\/figure>\n<p><strong>Kinh nghi\u1ec7m d\u1ecbch thu\u1eadt<\/strong><\/p>\n<p>C\u00e1c phi\u00ean d\u1ecbch vi\u00ean c\u1ee7a ch\u00fang t\u00f4i c\u00f3 kinh nghi\u1ec7m\u00a0 h\u01a1n 15 n\u0103m trong ng\u00e0nh. Ngo\u00e0i ra, ch\u00fang t\u00f4i c\u00f2n c\u00f3 s\u1ef1 c\u1ed1 v\u1ea5n c\u1ee7a Th\u1ea1c S\u0129\u00a0L\u00ea Quang Tr\u1ef1c, Th\u1ea1c S\u0129 Ng\u00f4n Ng\u1eef H\u1ecdc, \u0110\u1ea1i H\u1ecdc Sydney, \u00dac. C\u00e1c phi\u00ean d\u1ecbch vi\u00ean c\u1ee7a ch\u00fang t\u00f4i \u0111\u1ec1u \u0111\u00e3 \u0111\u01b0\u1ee3c \u0111\u0103ng k\u00fd v\u1edbi Ph\u00f2ng T\u01b0 Ph\u00e1p qu\u1eadn 3 v\u00e0 Ph\u00f2ng T\u01b0 Ph\u00e1p qu\u1eadn 10.<\/p>\n<p style=\"text-align: center;\"><img loading=\"lazy\" decoding=\"async\" src=\"\/wp-content\/uploads\/about\/0001_1.jpg\" alt=\"\" width=\"700\" height=\"961\" \/><\/p>\n<p><em><strong>Ch\u00fang T\u00f4i Lu\u00f4n C\u1ed1 G\u1eafng V\u00ec Qu\u00fd Kh\u00e1ch<\/strong><\/em><\/p>\n<p>&nbsp;<\/p>","protected":false},"excerpt":{"rendered":"<p>Ch\u00fang T\u00f4i \u0110\u1ed3ng H\u00e0nh C\u00f9ng B\u1ea1n !!! Kinh nghi\u1ec7m t\u01b0 v\u1ea5n du h\u1ecdc C\u00e1c chuy\u00ean vi\u00ean t\u01b0 v\u1ea5n c\u1ee7a ch\u00fang t\u00f4i c\u00f3 kinh nghi\u1ec7m g\u1ea7n 20\u00a0n\u0103m trong ng\u00e0nh t\u01b0 v\u1ea5n du h\u1ecdc. B\u1ea3n th\u00e2n nh\u00e2n vi\u00ean n\u00f3i ri\u00eang v\u00e0 \u0110\u1ea1i D\u01b0\u01a1ng Education n\u00f3i chung \u0111\u00e3 \u0111\u1ea1t \u0111\u01b0\u1ee3c nhi\u1ec1u b\u1eb1ng c\u1ea5p, ch\u1ee9ng ch\u1ec9 t\u01b0 v\u1ea5n du [&hellip;]<\/p>\n","protected":false},"author":2,"featured_media":0,"parent":0,"menu_order":0,"comment_status":"closed","ping_status":"closed","template":"","meta":{"footnotes":""},"class_list":["post-20338","page","type-page","status-publish","hentry"],"aioseo_notices":[],"_links":{"self":[{"href":"https:\/\/duhocdaiduong.com\/en\/wp-json\/wp\/v2\/pages\/20338","targetHints":{"allow":["GET"]}}],"collection":[{"href":"https:\/\/duhocdaiduong.com\/en\/wp-json\/wp\/v2\/pages"}],"about":[{"href":"https:\/\/duhocdaiduong.com\/en\/wp-json\/wp\/v2\/types\/page"}],"author":[{"embeddable":true,"href":"https:\/\/duhocdaiduong.com\/en\/wp-json\/wp\/v2\/users\/2"}],"replies":[{"embeddable":true,"href":"https:\/\/duhocdaiduong.com\/en\/wp-json\/wp\/v2\/comments?post=20338"}],"version-history":[{"count":4,"href":"https:\/\/duhocdaiduong.com\/en\/wp-json\/wp\/v2\/pages\/20338\/revisions"}],"predecessor-version":[{"id":24743,"href":"https:\/\/duhocdaiduong.com\/en\/wp-json\/wp\/v2\/pages\/20338\/revisions\/24743"}],"wp:attachment":[{"href":"https:\/\/duhocdaiduong.com\/en\/wp-json\/wp\/v2\/media?parent=20338"}],"curies":[{"name":"wp","href":"https:\/\/api.w.org\/{rel}","templated":true}]}}