{"id":20288,"date":"2022-04-18T07:44:27","date_gmt":"2022-04-18T07:44:27","guid":{"rendered":"https:\/\/duhocdaiduong.com\/?page_id=20288"},"modified":"2023-06-27T07:43:22","modified_gmt":"2023-06-27T07:43:22","slug":"chuc-mung-khach-hang","status":"publish","type":"page","link":"https:\/\/duhocdaiduong.com\/en\/chuc-mung-khach-hang\/","title":{"rendered":"Ch\u00fac m\u1eebng kh\u00e1ch \u0111\u1ea1t Visa"},"content":{"rendered":"<div  data-delay=\"0\" class=\"vc_row wpb_row vc_row-fluid\"><div class=\"wpb_column vc_column_container vc_col-sm-12\" data-delay=\"0\"><div class=\"vc_column-inner\"><div class=\"wpb_wrapper\">\r\n\t<div class=\"wpb_text_column wpb_content_element\" >\r\n\t\t<div class=\"wpb_wrapper\">\r\n\t\t\t<p>\u0110ang c\u1eadp nh\u1eadt&#8230;<\/p>\n\r\n\t\t<\/div>\r\n\t<\/div>\r\n<\/div><\/div><\/div><\/div><div  data-delay=\"0\" class=\"vc_row wpb_row vc_row-fluid\"><div class=\"wpb_column vc_column_container vc_col-sm-12\" data-delay=\"0\"><div class=\"vc_column-inner\"><div class=\"wpb_wrapper\"><div class=\"dt-sc-posts-list-wrapper\" data-delay=\"0\"><div class='tpl-blog-holder apply-isotope'><div class='grid-sizer column dt-sc-one-third dt-sc-post-entry entry-grid-layout dt-sc-boxed-style  dt-sc-default-hover dt-sc-default-overlay alignnone'><\/div><div class=\"column dt-sc-one-third dt-sc-post-entry entry-grid-layout dt-sc-boxed-style  dt-sc-default-hover dt-sc-default-overlay alignnone first\"><article id=\"post-26291\" class=\"blog-entry format-standard post-26291 post type-post status-publish has-post-thumbnail hentry category-tri-an-khach-hang\">\t\t\t<!-- Featured Image -->\r\n\t\t\t<div class=\"entry-thumb\">\r\n\t\t\t\t\t\t<a href=\"https:\/\/duhocdaiduong.com\/en\/dau-ket-qua-super-visa-canada-sieu-nhanh-chi-sau-2-tuan-nop-ho-so\/\" title=\"Permalink to \u0110\u1eadu k\u1ebft qu\u1ea3 Super visa Canada si\u00eau nhanh ch\u1ec9 sau 2 tu\u1ea7n n\u1ed9p h\u1ed3 s\u01a1!!!\">\r\n\t\t\t<img loading=\"lazy\" decoding=\"async\" width=\"570\" height=\"380\" src=\"https:\/\/duhocdaiduong.com\/wp-content\/uploads\/2023\/10\/PPVISA-TRAN-THI-KIM-LOAN-2-570x380.jpg\" class=\"attachment-elearni-blog-iii-column size-elearni-blog-iii-column wp-post-image\" alt=\"\" srcset=\"https:\/\/duhocdaiduong.com\/wp-content\/uploads\/2023\/10\/PPVISA-TRAN-THI-KIM-LOAN-2-570x380.jpg 570w, https:\/\/duhocdaiduong.com\/wp-content\/uploads\/2023\/10\/PPVISA-TRAN-THI-KIM-LOAN-2-16x12.jpg 16w, https:\/\/duhocdaiduong.com\/wp-content\/uploads\/2023\/10\/PPVISA-TRAN-THI-KIM-LOAN-2-750x500.jpg 750w, https:\/\/duhocdaiduong.com\/wp-content\/uploads\/2023\/10\/PPVISA-TRAN-THI-KIM-LOAN-2-600x400.jpg 600w\" sizes=\"auto, (max-width: 570px) 100vw, 570px\" \/>\t\t<\/a>\r\n                \t\t\t<\/div><!-- Featured Image -->\r\n        <!-- Entry Date -->\r\n        <div class=\"entry-date\">\r\n        \t\r\n        <i class=\"far fa-clock\"> <\/i>\r\n        9 October, 2023        <\/div><!-- Entry Date -->\r\n        <!-- Entry Title -->\r\n        <div class=\"entry-title\">\r\n        \t\r\n\t<h4>\r\n\t        \t<a href=\"https:\/\/duhocdaiduong.com\/en\/dau-ket-qua-super-visa-canada-sieu-nhanh-chi-sau-2-tuan-nop-ho-so\/\" title=\"Permalink to \u0110\u1eadu k\u1ebft qu\u1ea3 Super visa Canada si\u00eau nhanh ch\u1ec9 sau 2 tu\u1ea7n n\u1ed9p h\u1ed3 s\u01a1!!!\">\u0110\u1eadu k\u1ebft qu\u1ea3 Super visa Canada si\u00eau nhanh ch\u1ec9 sau 2 tu\u1ea7n n\u1ed9p h\u1ed3 s\u01a1!!!<\/a>\r\n\t<\/h4>        <\/div><!-- Entry Title --><\/article><\/div><div class=\"column dt-sc-one-third dt-sc-post-entry entry-grid-layout dt-sc-boxed-style  dt-sc-default-hover dt-sc-default-overlay alignnone\"><article id=\"post-26288\" class=\"blog-entry format-standard post-26288 post type-post status-publish has-post-thumbnail hentry category-tri-an-khach-hang category-du-hoc-my-du-hoc\">\t\t\t<!-- Featured Image -->\r\n\t\t\t<div class=\"entry-thumb\">\r\n\t\t\t\t\t\t<a href=\"https:\/\/duhocdaiduong.com\/en\/visa-du-hoc-my-nam-trong-long-ban-tay\/\" title=\"Permalink to VISA DU H\u1eccC M\u1ef8 N\u1eaeM TRONG L\u00d2NG B\u00c0N TAY\">\r\n\t\t\t<img loading=\"lazy\" decoding=\"async\" width=\"570\" height=\"380\" src=\"https:\/\/duhocdaiduong.com\/wp-content\/uploads\/2023\/10\/PPVISA_Chau-Ngoc-Uyen-Phuong-2-570x380.jpg\" class=\"attachment-elearni-blog-iii-column size-elearni-blog-iii-column wp-post-image\" alt=\"\" srcset=\"https:\/\/duhocdaiduong.com\/wp-content\/uploads\/2023\/10\/PPVISA_Chau-Ngoc-Uyen-Phuong-2-570x380.jpg 570w, https:\/\/duhocdaiduong.com\/wp-content\/uploads\/2023\/10\/PPVISA_Chau-Ngoc-Uyen-Phuong-2-16x12.jpg 16w, https:\/\/duhocdaiduong.com\/wp-content\/uploads\/2023\/10\/PPVISA_Chau-Ngoc-Uyen-Phuong-2-750x500.jpg 750w, https:\/\/duhocdaiduong.com\/wp-content\/uploads\/2023\/10\/PPVISA_Chau-Ngoc-Uyen-Phuong-2-600x400.jpg 600w\" sizes=\"auto, (max-width: 570px) 100vw, 570px\" \/>\t\t<\/a>\r\n                \t\t\t<\/div><!-- Featured Image -->\r\n        <!-- Entry Date -->\r\n        <div class=\"entry-date\">\r\n        \t\r\n        <i class=\"far fa-clock\"> <\/i>\r\n        9 October, 2023        <\/div><!-- Entry Date -->\r\n        <!-- Entry Title -->\r\n        <div class=\"entry-title\">\r\n        \t\r\n\t<h4>\r\n\t        \t<a href=\"https:\/\/duhocdaiduong.com\/en\/visa-du-hoc-my-nam-trong-long-ban-tay\/\" title=\"Permalink to VISA DU H\u1eccC M\u1ef8 N\u1eaeM TRONG L\u00d2NG B\u00c0N TAY\">VISA DU H\u1eccC M\u1ef8 N\u1eaeM TRONG L\u00d2NG B\u00c0N TAY<\/a>\r\n\t<\/h4>        <\/div><!-- Entry Title --><\/article><\/div><div class=\"column dt-sc-one-third dt-sc-post-entry entry-grid-layout dt-sc-boxed-style  dt-sc-default-hover dt-sc-default-overlay alignnone\"><article id=\"post-26226\" class=\"blog-entry format-standard post-26226 post type-post status-publish has-post-thumbnail hentry category-tri-an-khach-hang\">\t\t\t<!-- Featured Image -->\r\n\t\t\t<div class=\"entry-thumb\">\r\n\t\t\t\t\t\t<a href=\"https:\/\/duhocdaiduong.com\/en\/tu-van-du-hoc-dai-duong-chuc-mung-chi-trang-da-xuat-sac-nhan-visa-du-hoc-canada\/\" title=\"Permalink to T\u01b0 v\u1ea5n Du h\u1ecdc \u0110\u1ea1i D\u01b0\u01a1ng CH\u00daC M\u1eeaNG ch\u1ecb Trang \u0111\u00e3 xu\u1ea5t s\u1eafc nh\u1eadn Visa Du h\u1ecdc Canada\">\r\n\t\t\t<img loading=\"lazy\" decoding=\"async\" width=\"570\" height=\"380\" src=\"https:\/\/duhocdaiduong.com\/wp-content\/uploads\/2023\/09\/DH-CA-NGO-NGOC-THIEN-TRANG-570x380.jpg\" class=\"attachment-elearni-blog-iii-column size-elearni-blog-iii-column wp-post-image\" alt=\"\" srcset=\"https:\/\/duhocdaiduong.com\/wp-content\/uploads\/2023\/09\/DH-CA-NGO-NGOC-THIEN-TRANG-570x380.jpg 570w, https:\/\/duhocdaiduong.com\/wp-content\/uploads\/2023\/09\/DH-CA-NGO-NGOC-THIEN-TRANG-16x12.jpg 16w, https:\/\/duhocdaiduong.com\/wp-content\/uploads\/2023\/09\/DH-CA-NGO-NGOC-THIEN-TRANG-750x500.jpg 750w, https:\/\/duhocdaiduong.com\/wp-content\/uploads\/2023\/09\/DH-CA-NGO-NGOC-THIEN-TRANG-600x400.jpg 600w\" sizes=\"auto, (max-width: 570px) 100vw, 570px\" \/>\t\t<\/a>\r\n                \t\t\t<\/div><!-- Featured Image -->\r\n        <!-- Entry Date -->\r\n        <div class=\"entry-date\">\r\n        \t\r\n        <i class=\"far fa-clock\"> <\/i>\r\n        12 September, 2023        <\/div><!-- Entry Date -->\r\n        <!-- Entry Title -->\r\n        <div class=\"entry-title\">\r\n        \t\r\n\t<h4>\r\n\t        \t<a href=\"https:\/\/duhocdaiduong.com\/en\/tu-van-du-hoc-dai-duong-chuc-mung-chi-trang-da-xuat-sac-nhan-visa-du-hoc-canada\/\" title=\"Permalink to T\u01b0 v\u1ea5n Du h\u1ecdc \u0110\u1ea1i D\u01b0\u01a1ng CH\u00daC M\u1eeaNG ch\u1ecb Trang \u0111\u00e3 xu\u1ea5t s\u1eafc nh\u1eadn Visa Du h\u1ecdc Canada\">T\u01b0 v\u1ea5n Du h\u1ecdc \u0110\u1ea1i D\u01b0\u01a1ng CH\u00daC M\u1eeaNG ch\u1ecb Trang \u0111\u00e3 xu\u1ea5t s\u1eafc nh\u1eadn Visa Du h\u1ecdc Canada<\/a>\r\n\t<\/h4>        <\/div><!-- Entry Title --><\/article><\/div><div class=\"column dt-sc-one-third dt-sc-post-entry entry-grid-layout dt-sc-boxed-style  dt-sc-default-hover dt-sc-default-overlay alignnone first\"><article id=\"post-26044\" class=\"blog-entry format-standard post-26044 post type-post status-publish has-post-thumbnail hentry category-tri-an-khach-hang\">\t\t\t<!-- Featured Image -->\r\n\t\t\t<div class=\"entry-thumb\">\r\n\t\t\t\t\t\t<a href=\"https:\/\/duhocdaiduong.com\/en\/chuc-mung-ban-huy-dau-visa-du-lich-han\/\" title=\"Permalink to CH\u00daC M\u1eeaNG B\u1ea0N HUY \u0110\u1eacU VISA DU L\u1ecaCH H\u00c0N\">\r\n\t\t\t<img loading=\"lazy\" decoding=\"async\" width=\"570\" height=\"380\" src=\"https:\/\/duhocdaiduong.com\/wp-content\/uploads\/2023\/07\/Phan-Nhut-Huy-fb-570x380.jpg\" class=\"attachment-elearni-blog-iii-column size-elearni-blog-iii-column wp-post-image\" alt=\"\" srcset=\"https:\/\/duhocdaiduong.com\/wp-content\/uploads\/2023\/07\/Phan-Nhut-Huy-fb-570x380.jpg 570w, https:\/\/duhocdaiduong.com\/wp-content\/uploads\/2023\/07\/Phan-Nhut-Huy-fb-750x500.jpg 750w, https:\/\/duhocdaiduong.com\/wp-content\/uploads\/2023\/07\/Phan-Nhut-Huy-fb-600x400.jpg 600w\" sizes=\"auto, (max-width: 570px) 100vw, 570px\" \/>\t\t<\/a>\r\n                \t\t\t<\/div><!-- Featured Image -->\r\n        <!-- Entry Date -->\r\n        <div class=\"entry-date\">\r\n        \t\r\n        <i class=\"far fa-clock\"> <\/i>\r\n        14 July, 2023        <\/div><!-- Entry Date -->\r\n        <!-- Entry Title -->\r\n        <div class=\"entry-title\">\r\n        \t\r\n\t<h4>\r\n\t        \t<a href=\"https:\/\/duhocdaiduong.com\/en\/chuc-mung-ban-huy-dau-visa-du-lich-han\/\" title=\"Permalink to CH\u00daC M\u1eeaNG B\u1ea0N HUY \u0110\u1eacU VISA DU L\u1ecaCH H\u00c0N\">CH\u00daC M\u1eeaNG B\u1ea0N HUY \u0110\u1eacU VISA DU L\u1ecaCH H\u00c0N<\/a>\r\n\t<\/h4>        <\/div><!-- Entry Title --><\/article><\/div><div class=\"column dt-sc-one-third dt-sc-post-entry entry-grid-layout dt-sc-boxed-style  dt-sc-default-hover dt-sc-default-overlay alignnone\"><article id=\"post-26039\" class=\"blog-entry format-standard post-26039 post type-post status-publish has-post-thumbnail hentry category-tri-an-khach-hang\">\t\t\t<!-- Featured Image -->\r\n\t\t\t<div class=\"entry-thumb\">\r\n\t\t\t\t\t\t<a href=\"https:\/\/duhocdaiduong.com\/en\/tin-vui-noi-tiep-tin-vui-ca-gia-dinh-vi-vu-nuoc-uc\/\" title=\"Permalink to TIN VUI N\u1ed0I TI\u1ebeP TIN VUI &#8211; C\u1ea2 GIA \u0110\u00ccNH \u201cVI VU\u201d N\u01af\u1edaC \u00daC\">\r\n\t\t\t<img loading=\"lazy\" decoding=\"async\" width=\"570\" height=\"380\" src=\"https:\/\/duhocdaiduong.com\/wp-content\/uploads\/2023\/07\/Trong-4-o-Trang-truyen-tranh-570x380.jpg\" class=\"attachment-elearni-blog-iii-column size-elearni-blog-iii-column wp-post-image\" alt=\"\" srcset=\"https:\/\/duhocdaiduong.com\/wp-content\/uploads\/2023\/07\/Trong-4-o-Trang-truyen-tranh-570x380.jpg 570w, https:\/\/duhocdaiduong.com\/wp-content\/uploads\/2023\/07\/Trong-4-o-Trang-truyen-tranh-16x12.jpg 16w, https:\/\/duhocdaiduong.com\/wp-content\/uploads\/2023\/07\/Trong-4-o-Trang-truyen-tranh-750x500.jpg 750w, https:\/\/duhocdaiduong.com\/wp-content\/uploads\/2023\/07\/Trong-4-o-Trang-truyen-tranh-600x400.jpg 600w\" sizes=\"auto, (max-width: 570px) 100vw, 570px\" \/>\t\t<\/a>\r\n                \t\t\t<\/div><!-- Featured Image -->\r\n        <!-- Entry Date -->\r\n        <div class=\"entry-date\">\r\n        \t\r\n        <i class=\"far fa-clock\"> <\/i>\r\n        14 July, 2023        <\/div><!-- Entry Date -->\r\n        <!-- Entry Title -->\r\n        <div class=\"entry-title\">\r\n        \t\r\n\t<h4>\r\n\t        \t<a href=\"https:\/\/duhocdaiduong.com\/en\/tin-vui-noi-tiep-tin-vui-ca-gia-dinh-vi-vu-nuoc-uc\/\" title=\"Permalink to TIN VUI N\u1ed0I TI\u1ebeP TIN VUI &#8211; C\u1ea2 GIA \u0110\u00ccNH \u201cVI VU\u201d N\u01af\u1edaC \u00daC\">TIN VUI N\u1ed0I TI\u1ebeP TIN VUI &#8211; C\u1ea2 GIA \u0110\u00ccNH \u201cVI VU\u201d N\u01af\u1edaC \u00daC<\/a>\r\n\t<\/h4>        <\/div><!-- Entry Title --><\/article><\/div><div class=\"column dt-sc-one-third dt-sc-post-entry entry-grid-layout dt-sc-boxed-style  dt-sc-default-hover dt-sc-default-overlay alignnone\"><article id=\"post-26036\" class=\"blog-entry format-standard post-26036 post type-post status-publish has-post-thumbnail hentry category-tri-an-khach-hang\">\t\t\t<!-- Featured Image -->\r\n\t\t\t<div class=\"entry-thumb\">\r\n\t\t\t\t\t\t<a href=\"https:\/\/duhocdaiduong.com\/en\/chuc-mung-co-phuong-da-dau-visa-multiple-2-nam-cua-vuong-quoc-anh\/\" title=\"Permalink to Ch\u00fac m\u1eebng c\u00f4 Ph\u01b0\u1ee3ng \u0111\u00e3 \u0111\u1eadu Visa multiple 2 n\u0103m c\u1ee7a V\u01b0\u01a1ng Qu\u1ed1c Anh\">\r\n\t\t\t<img loading=\"lazy\" decoding=\"async\" width=\"570\" height=\"380\" src=\"https:\/\/duhocdaiduong.com\/wp-content\/uploads\/2023\/07\/VISA-UK-PHAN-THI-PHUONG-2-YEARS-1-570x380.jpg\" class=\"attachment-elearni-blog-iii-column size-elearni-blog-iii-column wp-post-image\" alt=\"\" srcset=\"https:\/\/duhocdaiduong.com\/wp-content\/uploads\/2023\/07\/VISA-UK-PHAN-THI-PHUONG-2-YEARS-1-570x380.jpg 570w, https:\/\/duhocdaiduong.com\/wp-content\/uploads\/2023\/07\/VISA-UK-PHAN-THI-PHUONG-2-YEARS-1-16x12.jpg 16w, https:\/\/duhocdaiduong.com\/wp-content\/uploads\/2023\/07\/VISA-UK-PHAN-THI-PHUONG-2-YEARS-1-750x500.jpg 750w, https:\/\/duhocdaiduong.com\/wp-content\/uploads\/2023\/07\/VISA-UK-PHAN-THI-PHUONG-2-YEARS-1-600x400.jpg 600w\" sizes=\"auto, (max-width: 570px) 100vw, 570px\" \/>\t\t<\/a>\r\n                \t\t\t<\/div><!-- Featured Image -->\r\n        <!-- Entry Date -->\r\n        <div class=\"entry-date\">\r\n        \t\r\n        <i class=\"far fa-clock\"> <\/i>\r\n        14 July, 2023        <\/div><!-- Entry Date -->\r\n        <!-- Entry Title -->\r\n        <div class=\"entry-title\">\r\n        \t\r\n\t<h4>\r\n\t        \t<a href=\"https:\/\/duhocdaiduong.com\/en\/chuc-mung-co-phuong-da-dau-visa-multiple-2-nam-cua-vuong-quoc-anh\/\" title=\"Permalink to Ch\u00fac m\u1eebng c\u00f4 Ph\u01b0\u1ee3ng \u0111\u00e3 \u0111\u1eadu Visa multiple 2 n\u0103m c\u1ee7a V\u01b0\u01a1ng Qu\u1ed1c Anh\">Ch\u00fac m\u1eebng c\u00f4 Ph\u01b0\u1ee3ng \u0111\u00e3 \u0111\u1eadu Visa multiple 2 n\u0103m c\u1ee7a V\u01b0\u01a1ng Qu\u1ed1c Anh<\/a>\r\n\t<\/h4>        <\/div><!-- Entry Title --><\/article><\/div><div class=\"column dt-sc-one-third dt-sc-post-entry entry-grid-layout dt-sc-boxed-style  dt-sc-default-hover dt-sc-default-overlay alignnone first\"><article id=\"post-25927\" class=\"blog-entry format-standard post-25927 post type-post status-publish has-post-thumbnail hentry category-tri-an-khach-hang\">\t\t\t<!-- Featured Image -->\r\n\t\t\t<div class=\"entry-thumb\">\r\n\t\t\t\t\t\t<a href=\"https:\/\/duhocdaiduong.com\/en\/chuc-mung-em-han-dau-visa-du-hoc-new-zealand\/\" title=\"Permalink to Ch\u00fac m\u1eebng em H\u00e2n \u0111\u1eadu visa du h\u1ecdc New Zealand\">\r\n\t\t\t<img loading=\"lazy\" decoding=\"async\" width=\"570\" height=\"380\" src=\"https:\/\/duhocdaiduong.com\/wp-content\/uploads\/2023\/07\/Visa-To-Hai-Han-web-570x380.jpg\" class=\"attachment-elearni-blog-iii-column size-elearni-blog-iii-column wp-post-image\" alt=\"\" srcset=\"https:\/\/duhocdaiduong.com\/wp-content\/uploads\/2023\/07\/Visa-To-Hai-Han-web-570x380.jpg 570w, https:\/\/duhocdaiduong.com\/wp-content\/uploads\/2023\/07\/Visa-To-Hai-Han-web-16x12.jpg 16w, https:\/\/duhocdaiduong.com\/wp-content\/uploads\/2023\/07\/Visa-To-Hai-Han-web-750x500.jpg 750w, https:\/\/duhocdaiduong.com\/wp-content\/uploads\/2023\/07\/Visa-To-Hai-Han-web-600x400.jpg 600w\" sizes=\"auto, (max-width: 570px) 100vw, 570px\" \/>\t\t<\/a>\r\n                \t\t\t<\/div><!-- Featured Image -->\r\n        <!-- Entry Date -->\r\n        <div class=\"entry-date\">\r\n        \t\r\n        <i class=\"far fa-clock\"> <\/i>\r\n        6 July, 2023        <\/div><!-- Entry Date -->\r\n        <!-- Entry Title -->\r\n        <div class=\"entry-title\">\r\n        \t\r\n\t<h4>\r\n\t        \t<a href=\"https:\/\/duhocdaiduong.com\/en\/chuc-mung-em-han-dau-visa-du-hoc-new-zealand\/\" title=\"Permalink to Ch\u00fac m\u1eebng em H\u00e2n \u0111\u1eadu visa du h\u1ecdc New Zealand\">Ch\u00fac m\u1eebng em H\u00e2n \u0111\u1eadu visa du h\u1ecdc New Zealand<\/a>\r\n\t<\/h4>        <\/div><!-- Entry Title --><\/article><\/div><div class=\"column dt-sc-one-third dt-sc-post-entry entry-grid-layout dt-sc-boxed-style  dt-sc-default-hover dt-sc-default-overlay alignnone\"><article id=\"post-25923\" class=\"blog-entry format-standard post-25923 post type-post status-publish has-post-thumbnail hentry category-tri-an-khach-hang\">\t\t\t<!-- Featured Image -->\r\n\t\t\t<div class=\"entry-thumb\">\r\n\t\t\t\t\t\t<a href=\"https:\/\/duhocdaiduong.com\/en\/gia-han-visa-cho-du-hoc-sinh-my-dung-hanh\/\" title=\"Permalink to Gia h\u1ea1n Visa cho du h\u1ecdc sinh M\u1ef9 &#8211; Dung H\u1ea1nh\">\r\n\t\t\t<img loading=\"lazy\" decoding=\"async\" width=\"570\" height=\"380\" src=\"https:\/\/duhocdaiduong.com\/wp-content\/uploads\/2023\/07\/Vo-Dung-Hanh_Visa-570x380.jpg\" class=\"attachment-elearni-blog-iii-column size-elearni-blog-iii-column wp-post-image\" alt=\"\" srcset=\"https:\/\/duhocdaiduong.com\/wp-content\/uploads\/2023\/07\/Vo-Dung-Hanh_Visa-570x380.jpg 570w, https:\/\/duhocdaiduong.com\/wp-content\/uploads\/2023\/07\/Vo-Dung-Hanh_Visa-16x12.jpg 16w, https:\/\/duhocdaiduong.com\/wp-content\/uploads\/2023\/07\/Vo-Dung-Hanh_Visa-750x500.jpg 750w, https:\/\/duhocdaiduong.com\/wp-content\/uploads\/2023\/07\/Vo-Dung-Hanh_Visa-600x400.jpg 600w\" sizes=\"auto, (max-width: 570px) 100vw, 570px\" \/>\t\t<\/a>\r\n                \t\t\t<\/div><!-- Featured Image -->\r\n        <!-- Entry Date -->\r\n        <div class=\"entry-date\">\r\n        \t\r\n        <i class=\"far fa-clock\"> <\/i>\r\n        6 July, 2023        <\/div><!-- Entry Date -->\r\n        <!-- Entry Title -->\r\n        <div class=\"entry-title\">\r\n        \t\r\n\t<h4>\r\n\t        \t<a href=\"https:\/\/duhocdaiduong.com\/en\/gia-han-visa-cho-du-hoc-sinh-my-dung-hanh\/\" title=\"Permalink to Gia h\u1ea1n Visa cho du h\u1ecdc sinh M\u1ef9 &#8211; Dung H\u1ea1nh\">Gia h\u1ea1n Visa cho du h\u1ecdc sinh M\u1ef9 &#8211; Dung H\u1ea1nh<\/a>\r\n\t<\/h4>        <\/div><!-- Entry Title --><\/article><\/div><div class=\"column dt-sc-one-third dt-sc-post-entry entry-grid-layout dt-sc-boxed-style  dt-sc-default-hover dt-sc-default-overlay alignnone\"><article id=\"post-25917\" class=\"blog-entry format-standard post-25917 post type-post status-publish has-post-thumbnail hentry category-tri-an-khach-hang\">\t\t\t<!-- Featured Image -->\r\n\t\t\t<div class=\"entry-thumb\">\r\n\t\t\t\t\t\t<a href=\"https:\/\/duhocdaiduong.com\/en\/chuc-mung-co-hue-da-thanh-cong-dau-visa-du-lich-uc-chi-trong-2-tieng-lan-tay-tu-11h-den-2h-da-co-ket-qua\/\" title=\"Permalink to Ch\u00fac m\u1eebng c\u00f4 Hu\u1ec7 \u0111\u00e3 th\u00e0nh c\u00f4ng \u0110\u1eacU VISA DU L\u1ecaCH \u00daC ch\u1ec9 trong 2 ti\u1ebfng l\u0103n tay t\u1eeb 11h \u0111\u1ebfn 2h \u0111\u00e3 c\u00f3 k\u1ebft qu\u1ea3\">\r\n\t\t\t<img loading=\"lazy\" decoding=\"async\" width=\"570\" height=\"380\" src=\"https:\/\/duhocdaiduong.com\/wp-content\/uploads\/2023\/07\/TRAN-TUYET-HUE-VISA-1-570x380.jpg\" class=\"attachment-elearni-blog-iii-column size-elearni-blog-iii-column wp-post-image\" alt=\"\" srcset=\"https:\/\/duhocdaiduong.com\/wp-content\/uploads\/2023\/07\/TRAN-TUYET-HUE-VISA-1-570x380.jpg 570w, https:\/\/duhocdaiduong.com\/wp-content\/uploads\/2023\/07\/TRAN-TUYET-HUE-VISA-1-16x12.jpg 16w, https:\/\/duhocdaiduong.com\/wp-content\/uploads\/2023\/07\/TRAN-TUYET-HUE-VISA-1-750x500.jpg 750w, https:\/\/duhocdaiduong.com\/wp-content\/uploads\/2023\/07\/TRAN-TUYET-HUE-VISA-1-600x400.jpg 600w\" sizes=\"auto, (max-width: 570px) 100vw, 570px\" \/>\t\t<\/a>\r\n                \t\t\t<\/div><!-- Featured Image -->\r\n        <!-- Entry Date -->\r\n        <div class=\"entry-date\">\r\n        \t\r\n        <i class=\"far fa-clock\"> <\/i>\r\n        5 July, 2023        <\/div><!-- Entry Date -->\r\n        <!-- Entry Title -->\r\n        <div class=\"entry-title\">\r\n        \t\r\n\t<h4>\r\n\t        \t<a href=\"https:\/\/duhocdaiduong.com\/en\/chuc-mung-co-hue-da-thanh-cong-dau-visa-du-lich-uc-chi-trong-2-tieng-lan-tay-tu-11h-den-2h-da-co-ket-qua\/\" title=\"Permalink to Ch\u00fac m\u1eebng c\u00f4 Hu\u1ec7 \u0111\u00e3 th\u00e0nh c\u00f4ng \u0110\u1eacU VISA DU L\u1ecaCH \u00daC ch\u1ec9 trong 2 ti\u1ebfng l\u0103n tay t\u1eeb 11h \u0111\u1ebfn 2h \u0111\u00e3 c\u00f3 k\u1ebft qu\u1ea3\">Ch\u00fac m\u1eebng c\u00f4 Hu\u1ec7 \u0111\u00e3 th\u00e0nh c\u00f4ng \u0110\u1eacU VISA DU L\u1ecaCH \u00daC ch\u1ec9 trong 2 ti\u1ebfng l\u0103n tay t\u1eeb 11h \u0111\u1ebfn 2h \u0111\u00e3 c\u00f3 k\u1ebft qu\u1ea3<\/a>\r\n\t<\/h4>        <\/div><!-- Entry Title --><\/article><\/div><\/div><div class=\"pagination blog-pagination\"><div class=\"column one pager_wrapper\"><ul class='page-numbers'>\n\t<li><span aria-current=\"page\" class=\"page-numbers current\">1<\/span><\/li>\n\t<li><a class=\"page-numbers\" href=\"https:\/\/duhocdaiduong.com\/en\/wp-json\/wp\/v2\/pages\/20288\/page\/2\/\">2<\/a><\/li>\n\t<li><a class=\"next page-numbers\" href=\"https:\/\/duhocdaiduong.com\/en\/wp-json\/wp\/v2\/pages\/20288\/page\/2\/\">Next<i class=\"fas fa-angle-double-right\"><\/i><\/a><\/li>\n<\/ul>\n<\/div>\n<\/div><\/div><\/div><\/div><\/div><\/div>","protected":false},"excerpt":{"rendered":"\u2049 Nh\u1eadn visa du l\u1ecbch \u00dac ch\u1ec9 trong 2 ti\u1ebfng l\u0103n tay c\u00f3 th\u1eadt kh\u00f4ng????? \u2665 T\u01b0 V\u1ea5n Du H\u1ecdc \u0110\u1ea1i D\u01b0\u01a1ng ch\u00fac m\u1eebng c\u00f4 Hu\u1ec7 \u0111\u00e3 th\u00e0nh c\u00f4ng \u0110\u1eacU VISA DU L\u1ecaCH \u00daC ch\u1ec9 trong 2 ti\u1ebfng l\u0103n tay t\u1eeb 11h \u0111\u1ebfn 2h \u0111\u00e3 c\u00f3 k\u1ebft qu\u1ea3 \u2665 L\u00e0 ng\u01b0\u1eddi ph\u1ee5 n\u1eef \u0111\u1ed9c l\u1eadp, [...]","protected":false},"author":2,"featured_media":0,"parent":0,"menu_order":0,"comment_status":"closed","ping_status":"closed","template":"","meta":{"footnotes":""},"class_list":["post-20288","page","type-page","status-publish","hentry"],"aioseo_notices":[],"_links":{"self":[{"href":"https:\/\/duhocdaiduong.com\/en\/wp-json\/wp\/v2\/pages\/20288","targetHints":{"allow":["GET"]}}],"collection":[{"href":"https:\/\/duhocdaiduong.com\/en\/wp-json\/wp\/v2\/pages"}],"about":[{"href":"https:\/\/duhocdaiduong.com\/en\/wp-json\/wp\/v2\/types\/page"}],"author":[{"embeddable":true,"href":"https:\/\/duhocdaiduong.com\/en\/wp-json\/wp\/v2\/users\/2"}],"replies":[{"embeddable":true,"href":"https:\/\/duhocdaiduong.com\/en\/wp-json\/wp\/v2\/comments?post=20288"}],"version-history":[{"count":5,"href":"https:\/\/duhocdaiduong.com\/en\/wp-json\/wp\/v2\/pages\/20288\/revisions"}],"predecessor-version":[{"id":25853,"href":"https:\/\/duhocdaiduong.com\/en\/wp-json\/wp\/v2\/pages\/20288\/revisions\/25853"}],"wp:attachment":[{"href":"https:\/\/duhocdaiduong.com\/en\/wp-json\/wp\/v2\/media?parent=20288"}],"curies":[{"name":"wp","href":"https:\/\/api.w.org\/{rel}","templated":true}]}}