{"id":19035,"date":"2019-02-01T11:11:40","date_gmt":"2019-02-01T11:11:40","guid":{"rendered":"https:\/\/elearni.local\/?page_id=19035"},"modified":"2019-02-14T11:01:55","modified_gmt":"2019-02-14T11:01:55","slug":"bottom-border","status":"publish","type":"page","link":"https:\/\/duhocdaiduong.com\/en\/khach-hang-dat-visa\/bottom-border\/","title":{"rendered":"Bottom Border"},"content":{"rendered":"<div  data-delay=\"0\" class=\"vc_row wpb_row vc_row-fluid\"><div class=\"wpb_column vc_column_container vc_col-sm-12\" data-delay=\"0\"><div class=\"vc_column-inner \"><div class=\"wpb_wrapper\"><div class=\"dtportfolio-container-wrapper dtportfolio-without-fullwidth-wrapper\"><div class=\"dtportfolio-sorting default \">\r\n        \t\t\t<a href=\"#\" class=\"active-sort\" title=\"\" data-filter=\".all-sort\">All<\/a><a href=\"#\" data-filter=\".giay-to-chung-nhan-sort\">Gi\u1ea5y t\u1edd ch\u1ee9ng nh\u1eadn<\/a><a href=\"#\" data-filter=\".khac-hang-dat-visa-thang-11-2024-sort\">Kh\u00e1c h\u00e0ng \u0111\u1ea1t visa th\u00e1ng 11 - 2024<\/a><a href=\"#\" data-filter=\".khach-dat-visa-thang-1-2024-sort\">Kh\u00e1ch \u0111\u1ea1t Visa th\u00e1ng 1 - 2024<\/a><a href=\"#\" data-filter=\".khach-dat-visa-thang-2-2024-sort\">Kh\u00e1ch \u0111\u1ea1t Visa th\u00e1ng 2 - 2024<\/a><a href=\"#\" data-filter=\".khach-dat-visa-thang-3-2024-sort\">Kh\u00e1ch \u0111\u1ea1t Visa th\u00e1ng 3 - 2024<\/a><a href=\"#\" data-filter=\".khach-dat-visa-thang-4-2024-sort\">Kh\u00e1ch \u0111\u1ea1t Visa th\u00e1ng 4 - 2024<\/a><a href=\"#\" data-filter=\".khach-dat-visa-thang-5-2024-sort\">Kh\u00e1ch \u0111\u1ea1t Visa th\u00e1ng 5 - 2024<\/a><a href=\"#\" data-filter=\".khach-hang-dat-visa-sort\">Kh\u00e1ch h\u00e0ng \u0111\u1ea1t visa<\/a><a href=\"#\" data-filter=\".khach-hang-dat-visa-moi-nhat-sort\">Kh\u00e1ch h\u00e0ng \u0111\u1ea1t visa m\u1edbi nh\u1ea5t<\/a><a href=\"#\" data-filter=\".khach-hang-dat-visa-thang-1-sort\">Kh\u00e1ch h\u00e0ng \u0111\u1ea1t Visa th\u00e1ng 1<\/a><a href=\"#\" data-filter=\".khach-hang-dat-visa-thang-1-2025-sort\">Kh\u00e1ch h\u00e0ng \u0111\u1ea1t visa th\u00e1ng 1 - 2025<\/a><a href=\"#\" data-filter=\".khach-hang-dat-visa-thang-1-2026-sort\">Kh\u00e1ch h\u00e0ng \u0111\u1ea1t visa th\u00e1ng 1 - 2026<\/a><a href=\"#\" data-filter=\".khach-hang-dat-visa-thang-10-sort\">Kh\u00e1ch h\u00e0ng \u0111\u1ea1t Visa th\u00e1ng 10<\/a><a href=\"#\" data-filter=\".khach-hang-dat-visa-thang-10-2025-sort\">Kh\u00e1ch h\u00e0ng \u0111\u1ea1t visa th\u00e1ng 10 - 2025<\/a><a href=\"#\" data-filter=\".khach-hang-dat-visa-thang-10-2024-sort\">Kh\u00e1ch h\u00e0ng \u0111\u1ea1t Visa th\u00e1ng 10 2024<\/a><a href=\"#\" data-filter=\".khach-hang-dat-visa-thang-11-sort\">Kh\u00e1ch h\u00e0ng \u0111\u1ea1t Visa th\u00e1ng 11<\/a><a href=\"#\" data-filter=\".khach-hang-dat-visa-thang-11-2025-sort\">Kh\u00e1ch h\u00e0ng \u0111\u1ea1t Visa th\u00e1ng 11 - 2025<\/a><a href=\"#\" data-filter=\".khach-hang-dat-visa-thang-12-sort\">Kh\u00e1ch h\u00e0ng \u0111\u1ea1t Visa th\u00e1ng 12<\/a><a href=\"#\" data-filter=\".khach-hang-dat-visa-thang-12-2024-sort\">Kh\u00e1ch h\u00e0ng \u0111\u1ea1t Visa th\u00e1ng 12 - 2024<\/a><a href=\"#\" data-filter=\".khach-hang-dat-visa-thang-12-2025-sort\">Kh\u00e1ch h\u00e0ng \u0111\u1ea1t visa th\u00e1ng 12 - 2025<\/a><a href=\"#\" data-filter=\".khach-hang-dat-visa-thang-2-sort\">Kh\u00e1ch h\u00e0ng \u0111\u1ea1t Visa th\u00e1ng 2<\/a><a href=\"#\" data-filter=\".khach-hang-dat-visa-thang-2-2025-sort\">Kh\u00e1ch h\u00e0ng \u0111\u1ea1t visa th\u00e1ng 2 - 2025<\/a><a href=\"#\" data-filter=\".khach-hang-dat-visa-thang-2-2026-sort\">Kh\u00e1ch h\u00e0ng \u0111\u1ea1t visa th\u00e1ng 2 - 2026<\/a><a href=\"#\" data-filter=\".khach-hang-dat-visa-thang-3-sort\">Kh\u00e1ch h\u00e0ng \u0111\u1ea1t Visa th\u00e1ng 3<\/a><a href=\"#\" data-filter=\".khach-hang-dat-visa-thang-3-2025-sort\">Kh\u00e1ch h\u00e0ng \u0111\u1ea1t visa th\u00e1ng 3 - 2025<\/a><a href=\"#\" data-filter=\".khach-hang-dat-visa-thang-3-2026-sort\">Kh\u00e1ch h\u00e0ng \u0111\u1ea1t visa th\u00e1ng 3 - 2026<\/a><a href=\"#\" data-filter=\".khach-hang-dat-visa-thang-4-sort\">Kh\u00e1ch h\u00e0ng \u0111\u1ea1t Visa th\u00e1ng 4<\/a><a href=\"#\" data-filter=\".khach-hang-dat-visa-thang-4-2025-sort\">Kh\u00e1ch h\u00e0ng \u0111\u1ea1t visa th\u00e1ng 4 - 2025<\/a><a href=\"#\" data-filter=\".khach-hang-dat-visa-thang-5-sort\">Kh\u00e1ch h\u00e0ng \u0111\u1ea1t Visa th\u00e1ng 5<\/a><a href=\"#\" data-filter=\".khach-hang-dat-visa-thang-5-2025-sort\">Kh\u00e1ch h\u00e0ng \u0111\u1ea1t Visa th\u00e1ng 5 - 2025<\/a><a href=\"#\" data-filter=\".khach-hang-dat-visa-thang-6-sort\">Kh\u00e1ch h\u00e0ng \u0111\u1ea1t Visa th\u00e1ng 6<\/a><a href=\"#\" data-filter=\".khach-hang-dat-visa-thang-6-2024-sort\">Kh\u00e1ch h\u00e0ng \u0111\u1ea1t Visa th\u00e1ng 6 - 2024<\/a><a href=\"#\" data-filter=\".khach-hang-dat-visa-thang-6-2025-sort\">Kh\u00e1ch h\u00e0ng \u0111\u1ea1t visa th\u00e1ng 6 - 2025<\/a><a href=\"#\" data-filter=\".khach-hang-dat-visa-thang-7-sort\">Kh\u00e1ch h\u00e0ng \u0111\u1ea1t visa th\u00e1ng 7<\/a><a href=\"#\" data-filter=\".khach-hang-dat-visa-thang-7-2024-sort\">Kh\u00e1ch h\u00e0ng \u0111\u1ea1t visa th\u00e1ng 7 - 2024<\/a><a href=\"#\" data-filter=\".khach-hang-dat-visa-thang-7-2025-sort\">Kh\u00e1ch h\u00e0ng \u0111\u1ea1t visa th\u00e1ng 7 - 2025<\/a><a href=\"#\" data-filter=\".khach-hang-dat-visa-thang-8-sort\">Kh\u00e1ch h\u00e0ng \u0111\u1ea1t Visa th\u00e1ng 8<\/a><a href=\"#\" data-filter=\".khach-hang-dat-visa-thang-8-2024-sort\">Kh\u00e1ch h\u00e0ng \u0111\u1ea1t visa th\u00e1ng 8 - 2024<\/a><a href=\"#\" data-filter=\".khach-hang-dat-visa-thang-8-2025-sort\">Kh\u00e1ch h\u00e0ng \u0111\u1ea1t visa th\u00e1ng 8 - 2025<\/a><a href=\"#\" data-filter=\".khach-hang-dat-visa-thang-9-sort\">Kh\u00e1ch h\u00e0ng \u0111\u1ea1t visa th\u00e1ng 9<\/a><a href=\"#\" data-filter=\".khach-hang-dat-visa-thang-9-2025-sort\">Kh\u00e1ch h\u00e0ng \u0111\u1ea1t visa th\u00e1ng 9 - 2025<\/a><a href=\"#\" data-filter=\".khach-hang-dat-visa-thang-9-2024-sort\">Kh\u00e1ch h\u00e0ng \u0111\u1ea1t Visa th\u00e1ng 9-2024<\/a><a href=\"#\" data-filter=\".khach-hang-dat-visa-trang-chu-sort\">Kh\u00e1ch h\u00e0ng \u0111\u1ea1t visa- Trang ch\u1ee7<\/a><\/div><div class=\"dtportfolio-container with-space dtportfolio-container-resetter\" data-column=\"3\" data-postperpage=\"12\"><div class=\"dtportfolio-grid-sizer     dtportfolio-one-third\"><\/div><div class=\"default with-space  dtportfolio-item dtportfolio-column dtportfolio-one-third all-sort khach-hang-dat-visa-thang-3-2026-sort dtportfolio-hover-bottom-border first\" ><figure><img decoding=\"async\" src=\"https:\/\/duhocdaiduong.com\/wp-content\/uploads\/2026\/04\/THANH-LAM-KH-dat-visa-du-lich-Canada.jpg\" alt=\"THANH LAM-KH \u0111\u1ea1t visa du l\u1ecbch Canada\" title=\"THANH LAM-KH \u0111\u1ea1t visa du l\u1ecbch Canada\" \/><div class=\"dtportfolio-image-overlay \"  ><div class=\"links\">\r\n\t\t\t\t\t\t\t<a title=\"THANH LAM-KH \u0111\u1ea1t visa du l\u1ecbch Canada\" href=\"https:\/\/duhocdaiduong.com\/en\/portfolios\/thanh-lam-kh-dat-visa-du-lich-canada\/\"> <span class=\"fas fa-link\"> <\/span> <\/a>\r\n\t\t\t\t\t\t\t<a title=\"THANH LAM-KH \u0111\u1ea1t visa du l\u1ecbch Canada\" data-gal=\"prettyPhoto[gallery]\" href=\"https:\/\/duhocdaiduong.com\/wp-content\/uploads\/2026\/04\/THANH-LAM-KH-dat-visa-du-lich-Canada.jpg\"> <span class=\"fas fa-search\"> <\/span> <\/a>\r\n\t\t\t\t\t\t<\/div>\r\n\t\t\t\t\t\t<div class=\"dtportfolio-image-overlay-details\">\r\n\t\t\t\t\t\t\t<h2><a href=\"https:\/\/duhocdaiduong.com\/en\/portfolios\/thanh-lam-kh-dat-visa-du-lich-canada\/\" title=\"THANH LAM-KH \u0111\u1ea1t visa du l\u1ecbch Canada\">THANH LAM-KH \u0111\u1ea1t visa du l\u1ecbch Canada<\/a><\/h2><p class=\"categories\"><a href=\"https:\/\/duhocdaiduong.com\/en\/portfolio-categories\/khach-hang-dat-visa-thang-3-2026\/\" rel=\"tag\">Kh\u00e1ch h\u00e0ng \u0111\u1ea1t visa th\u00e1ng 3 - 2026<\/a><\/p><\/div><\/div><\/figure><\/div><div class=\"default with-space  dtportfolio-item dtportfolio-column dtportfolio-one-third all-sort khach-hang-dat-visa-thang-3-2026-sort dtportfolio-hover-bottom-border\" ><figure><img decoding=\"async\" src=\"https:\/\/duhocdaiduong.com\/wp-content\/uploads\/2026\/04\/PHAM-THI-KHANH-LY-DHCA-2.jpg\" alt=\"KHANH LY &#8211; Kh \u0111\u1ea1t visa du h\u1ecdc Canada\" title=\"KHANH LY &#8211; Kh \u0111\u1ea1t visa du h\u1ecdc Canada\" \/><div class=\"dtportfolio-image-overlay \"  ><div class=\"links\">\r\n\t\t\t\t\t\t\t<a title=\"KHANH LY &#8211; Kh \u0111\u1ea1t visa du h\u1ecdc Canada\" href=\"https:\/\/duhocdaiduong.com\/en\/portfolios\/khanh-ly-kh-dat-visa-du-hoc-canada\/\"> <span class=\"fas fa-link\"> <\/span> <\/a>\r\n\t\t\t\t\t\t\t<a title=\"KHANH LY &#8211; Kh \u0111\u1ea1t visa du h\u1ecdc Canada\" data-gal=\"prettyPhoto[gallery]\" href=\"https:\/\/duhocdaiduong.com\/wp-content\/uploads\/2026\/04\/PHAM-THI-KHANH-LY-DHCA-2.jpg\"> <span class=\"fas fa-search\"> <\/span> <\/a>\r\n\t\t\t\t\t\t<\/div>\r\n\t\t\t\t\t\t<div class=\"dtportfolio-image-overlay-details\">\r\n\t\t\t\t\t\t\t<h2><a href=\"https:\/\/duhocdaiduong.com\/en\/portfolios\/khanh-ly-kh-dat-visa-du-hoc-canada\/\" title=\"KHANH LY &#8211; Kh \u0111\u1ea1t visa du h\u1ecdc Canada\">KHANH LY &#8211; Kh \u0111\u1ea1t visa du h\u1ecdc Canada<\/a><\/h2><p class=\"categories\"><a href=\"https:\/\/duhocdaiduong.com\/en\/portfolio-categories\/khach-hang-dat-visa-thang-3-2026\/\" rel=\"tag\">Kh\u00e1ch h\u00e0ng \u0111\u1ea1t visa th\u00e1ng 3 - 2026<\/a><\/p><\/div><\/div><\/figure><\/div><div class=\"default with-space  dtportfolio-item dtportfolio-column dtportfolio-one-third all-sort khach-hang-dat-visa-thang-3-2026-sort dtportfolio-hover-bottom-border\" ><figure><img decoding=\"async\" src=\"https:\/\/duhocdaiduong.com\/wp-content\/uploads\/2026\/04\/Minh-Tam-Kh-dat-visa-lich-canada.jpg\" alt=\"Minh Tam- Kh \u0111\u1ea1t visa du l\u1ecbch Canada\" title=\"Minh Tam- Kh \u0111\u1ea1t visa du l\u1ecbch Canada\" \/><div class=\"dtportfolio-image-overlay \"  ><div class=\"links\">\r\n\t\t\t\t\t\t\t<a title=\"Minh Tam- Kh \u0111\u1ea1t visa du l\u1ecbch Canada\" href=\"https:\/\/duhocdaiduong.com\/en\/portfolios\/minh-tam-kh-dat-visa-du-lich-canada\/\"> <span class=\"fas fa-link\"> <\/span> <\/a>\r\n\t\t\t\t\t\t\t<a title=\"Minh Tam- Kh \u0111\u1ea1t visa du l\u1ecbch Canada\" data-gal=\"prettyPhoto[gallery]\" href=\"https:\/\/duhocdaiduong.com\/wp-content\/uploads\/2026\/04\/Minh-Tam-Kh-dat-visa-lich-canada.jpg\"> <span class=\"fas fa-search\"> <\/span> <\/a>\r\n\t\t\t\t\t\t<\/div>\r\n\t\t\t\t\t\t<div class=\"dtportfolio-image-overlay-details\">\r\n\t\t\t\t\t\t\t<h2><a href=\"https:\/\/duhocdaiduong.com\/en\/portfolios\/minh-tam-kh-dat-visa-du-lich-canada\/\" title=\"Minh Tam- Kh \u0111\u1ea1t visa du l\u1ecbch Canada\">Minh Tam- Kh \u0111\u1ea1t visa du l\u1ecbch Canada<\/a><\/h2><p class=\"categories\"><a href=\"https:\/\/duhocdaiduong.com\/en\/portfolio-categories\/khach-hang-dat-visa-thang-3-2026\/\" rel=\"tag\">Kh\u00e1ch h\u00e0ng \u0111\u1ea1t visa th\u00e1ng 3 - 2026<\/a><\/p><\/div><\/div><\/figure><\/div><div class=\"default with-space  dtportfolio-item dtportfolio-column dtportfolio-one-third all-sort khach-hang-dat-visa-thang-2-2026-sort dtportfolio-hover-bottom-border first\" ><figure><img decoding=\"async\" src=\"https:\/\/duhocdaiduong.com\/wp-content\/uploads\/2026\/03\/YEN-NHI-KH-dat-visa-Duc.jpg\" alt=\"YEN NHI-KH \u0111\u1ea1t visa \u0110\u1ee9c\" title=\"YEN NHI-KH \u0111\u1ea1t visa \u0110\u1ee9c\" \/><div class=\"dtportfolio-image-overlay \"  ><div class=\"links\">\r\n\t\t\t\t\t\t\t<a title=\"YEN NHI-KH \u0111\u1ea1t visa \u0110\u1ee9c\" href=\"https:\/\/duhocdaiduong.com\/en\/portfolios\/yen-nhi-kh-dat-visa-duc\/\"> <span class=\"fas fa-link\"> <\/span> <\/a>\r\n\t\t\t\t\t\t\t<a title=\"YEN NHI-KH \u0111\u1ea1t visa \u0110\u1ee9c\" data-gal=\"prettyPhoto[gallery]\" href=\"https:\/\/duhocdaiduong.com\/wp-content\/uploads\/2026\/03\/YEN-NHI-KH-dat-visa-Duc.jpg\"> <span class=\"fas fa-search\"> <\/span> <\/a>\r\n\t\t\t\t\t\t<\/div>\r\n\t\t\t\t\t\t<div class=\"dtportfolio-image-overlay-details\">\r\n\t\t\t\t\t\t\t<h2><a href=\"https:\/\/duhocdaiduong.com\/en\/portfolios\/yen-nhi-kh-dat-visa-duc\/\" title=\"YEN NHI-KH \u0111\u1ea1t visa \u0110\u1ee9c\">YEN NHI-KH \u0111\u1ea1t visa \u0110\u1ee9c<\/a><\/h2><p class=\"categories\"><a href=\"https:\/\/duhocdaiduong.com\/en\/portfolio-categories\/khach-hang-dat-visa-thang-2-2026\/\" rel=\"tag\">Kh\u00e1ch h\u00e0ng \u0111\u1ea1t visa th\u00e1ng 2 - 2026<\/a><\/p><\/div><\/div><\/figure><\/div><div class=\"default with-space  dtportfolio-item dtportfolio-column dtportfolio-one-third all-sort khach-hang-dat-visa-thang-2-2026-sort dtportfolio-hover-bottom-border\" ><figure><img decoding=\"async\" src=\"https:\/\/duhocdaiduong.com\/wp-content\/uploads\/2026\/03\/THIEN-THINH-KH-dat-visa-MY.jpg\" alt=\"THIEN THINH-KH \u0111\u1ea1t visa M\u1ef9\" title=\"THIEN THINH-KH \u0111\u1ea1t visa M\u1ef9\" \/><div class=\"dtportfolio-image-overlay \"  ><div class=\"links\">\r\n\t\t\t\t\t\t\t<a title=\"THIEN THINH-KH \u0111\u1ea1t visa M\u1ef9\" href=\"https:\/\/duhocdaiduong.com\/en\/portfolios\/thien-thinh-kh-dat-visa-my\/\"> <span class=\"fas fa-link\"> <\/span> <\/a>\r\n\t\t\t\t\t\t\t<a title=\"THIEN THINH-KH \u0111\u1ea1t visa M\u1ef9\" data-gal=\"prettyPhoto[gallery]\" href=\"https:\/\/duhocdaiduong.com\/wp-content\/uploads\/2026\/03\/THIEN-THINH-KH-dat-visa-MY.jpg\"> <span class=\"fas fa-search\"> <\/span> <\/a>\r\n\t\t\t\t\t\t<\/div>\r\n\t\t\t\t\t\t<div class=\"dtportfolio-image-overlay-details\">\r\n\t\t\t\t\t\t\t<h2><a href=\"https:\/\/duhocdaiduong.com\/en\/portfolios\/thien-thinh-kh-dat-visa-my\/\" title=\"THIEN THINH-KH \u0111\u1ea1t visa M\u1ef9\">THIEN THINH-KH \u0111\u1ea1t visa M\u1ef9<\/a><\/h2><p class=\"categories\"><a href=\"https:\/\/duhocdaiduong.com\/en\/portfolio-categories\/khach-hang-dat-visa-thang-2-2026\/\" rel=\"tag\">Kh\u00e1ch h\u00e0ng \u0111\u1ea1t visa th\u00e1ng 2 - 2026<\/a><\/p><\/div><\/div><\/figure><\/div><div class=\"default with-space  dtportfolio-item dtportfolio-column dtportfolio-one-third all-sort khach-hang-dat-visa-thang-2-2026-sort dtportfolio-hover-bottom-border\" ><figure><img decoding=\"async\" src=\"https:\/\/duhocdaiduong.com\/wp-content\/uploads\/2026\/03\/KIM-HOANG-KH-dat-visa-Duc.jpg\" alt=\"KIM HOANG-KH \u0111\u1ea1t visa \u0110\u1ee9c\" title=\"KIM HOANG-KH \u0111\u1ea1t visa \u0110\u1ee9c\" \/><div class=\"dtportfolio-image-overlay \"  ><div class=\"links\">\r\n\t\t\t\t\t\t\t<a title=\"KIM HOANG-KH \u0111\u1ea1t visa \u0110\u1ee9c\" href=\"https:\/\/duhocdaiduong.com\/en\/portfolios\/kim-hoang-kh-dat-visa-duc\/\"> <span class=\"fas fa-link\"> <\/span> <\/a>\r\n\t\t\t\t\t\t\t<a title=\"KIM HOANG-KH \u0111\u1ea1t visa \u0110\u1ee9c\" data-gal=\"prettyPhoto[gallery]\" href=\"https:\/\/duhocdaiduong.com\/wp-content\/uploads\/2026\/03\/KIM-HOANG-KH-dat-visa-Duc.jpg\"> <span class=\"fas fa-search\"> <\/span> <\/a>\r\n\t\t\t\t\t\t<\/div>\r\n\t\t\t\t\t\t<div class=\"dtportfolio-image-overlay-details\">\r\n\t\t\t\t\t\t\t<h2><a href=\"https:\/\/duhocdaiduong.com\/en\/portfolios\/kim-hoang-kh-dat-visa-duc\/\" title=\"KIM HOANG-KH \u0111\u1ea1t visa \u0110\u1ee9c\">KIM HOANG-KH \u0111\u1ea1t visa \u0110\u1ee9c<\/a><\/h2><p class=\"categories\"><a href=\"https:\/\/duhocdaiduong.com\/en\/portfolio-categories\/khach-hang-dat-visa-thang-2-2026\/\" rel=\"tag\">Kh\u00e1ch h\u00e0ng \u0111\u1ea1t visa th\u00e1ng 2 - 2026<\/a><\/p><\/div><\/div><\/figure><\/div><div class=\"default with-space  dtportfolio-item dtportfolio-column dtportfolio-one-third all-sort khach-hang-dat-visa-thang-2-2026-sort dtportfolio-hover-bottom-border first\" ><figure><img decoding=\"async\" src=\"https:\/\/duhocdaiduong.com\/wp-content\/uploads\/2026\/03\/DIEP-LIEN-KH-dat-visa-du-hoc-Canada.jpg\" alt=\"DIEP LIEN-KH \u0111\u1ea1t visa du h\u1ecdc Canada\" title=\"DIEP LIEN-KH \u0111\u1ea1t visa du h\u1ecdc Canada\" \/><div class=\"dtportfolio-image-overlay \"  ><div class=\"links\">\r\n\t\t\t\t\t\t\t<a title=\"DIEP LIEN-KH \u0111\u1ea1t visa du h\u1ecdc Canada\" href=\"https:\/\/duhocdaiduong.com\/en\/portfolios\/diep-lien-kh-dat-visa-du-hoc-canada\/\"> <span class=\"fas fa-link\"> <\/span> <\/a>\r\n\t\t\t\t\t\t\t<a title=\"DIEP LIEN-KH \u0111\u1ea1t visa du h\u1ecdc Canada\" data-gal=\"prettyPhoto[gallery]\" href=\"https:\/\/duhocdaiduong.com\/wp-content\/uploads\/2026\/03\/DIEP-LIEN-KH-dat-visa-du-hoc-Canada.jpg\"> <span class=\"fas fa-search\"> <\/span> <\/a>\r\n\t\t\t\t\t\t<\/div>\r\n\t\t\t\t\t\t<div class=\"dtportfolio-image-overlay-details\">\r\n\t\t\t\t\t\t\t<h2><a href=\"https:\/\/duhocdaiduong.com\/en\/portfolios\/diep-lien-kh-dat-visa-du-hoc-canada\/\" title=\"DIEP LIEN-KH \u0111\u1ea1t visa du h\u1ecdc Canada\">DIEP LIEN-KH \u0111\u1ea1t visa du h\u1ecdc Canada<\/a><\/h2><p class=\"categories\"><a href=\"https:\/\/duhocdaiduong.com\/en\/portfolio-categories\/khach-hang-dat-visa-thang-2-2026\/\" rel=\"tag\">Kh\u00e1ch h\u00e0ng \u0111\u1ea1t visa th\u00e1ng 2 - 2026<\/a><\/p><\/div><\/div><\/figure><\/div><div class=\"default with-space  dtportfolio-item dtportfolio-column dtportfolio-one-third all-sort khach-hang-dat-visa-thang-1-2026-sort dtportfolio-hover-bottom-border\" ><figure><img decoding=\"async\" src=\"https:\/\/duhocdaiduong.com\/wp-content\/uploads\/2026\/01\/XUAN-YEN-KH-dat-visa-Duc.jpg\" alt=\"XUAN YEN &#8211; KH dat visa Duc\" title=\"XUAN YEN &#8211; KH dat visa Duc\" \/><div class=\"dtportfolio-image-overlay \"  ><div class=\"links\">\r\n\t\t\t\t\t\t\t<a title=\"XUAN YEN &#8211; KH dat visa Duc\" href=\"https:\/\/duhocdaiduong.com\/en\/portfolios\/xuan-yen-kh-dat-visa-duc\/\"> <span class=\"fas fa-link\"> <\/span> <\/a>\r\n\t\t\t\t\t\t\t<a title=\"XUAN YEN &#8211; KH dat visa Duc\" data-gal=\"prettyPhoto[gallery]\" href=\"https:\/\/duhocdaiduong.com\/wp-content\/uploads\/2026\/01\/XUAN-YEN-KH-dat-visa-Duc.jpg\"> <span class=\"fas fa-search\"> <\/span> <\/a>\r\n\t\t\t\t\t\t<\/div>\r\n\t\t\t\t\t\t<div class=\"dtportfolio-image-overlay-details\">\r\n\t\t\t\t\t\t\t<h2><a href=\"https:\/\/duhocdaiduong.com\/en\/portfolios\/xuan-yen-kh-dat-visa-duc\/\" title=\"XUAN YEN &#8211; KH dat visa Duc\">XUAN YEN &#8211; KH dat visa Duc<\/a><\/h2><p class=\"categories\"><a href=\"https:\/\/duhocdaiduong.com\/en\/portfolio-categories\/khach-hang-dat-visa-thang-1-2026\/\" rel=\"tag\">Kh\u00e1ch h\u00e0ng \u0111\u1ea1t visa th\u00e1ng 1 - 2026<\/a><\/p><\/div><\/div><\/figure><\/div><div class=\"default with-space  dtportfolio-item dtportfolio-column dtportfolio-one-third all-sort khach-hang-dat-visa-thang-1-2026-sort dtportfolio-hover-bottom-border\" ><figure><img decoding=\"async\" src=\"https:\/\/duhocdaiduong.com\/wp-content\/uploads\/2026\/01\/QUYNH-NHU-KH-dat-visa-du-hoc-canada.jpg\" alt=\"QUYNH NHU-KH \u0111\u1ea1t visa du h\u1ecdc CANADA\" title=\"QUYNH NHU-KH \u0111\u1ea1t visa du h\u1ecdc CANADA\" \/><div class=\"dtportfolio-image-overlay \"  ><div class=\"links\">\r\n\t\t\t\t\t\t\t<a title=\"QUYNH NHU-KH \u0111\u1ea1t visa du h\u1ecdc CANADA\" href=\"https:\/\/duhocdaiduong.com\/en\/portfolios\/quynh-nhu-kh-dat-visa-du-hoc-canada\/\"> <span class=\"fas fa-link\"> <\/span> <\/a>\r\n\t\t\t\t\t\t\t<a title=\"QUYNH NHU-KH \u0111\u1ea1t visa du h\u1ecdc CANADA\" data-gal=\"prettyPhoto[gallery]\" href=\"https:\/\/duhocdaiduong.com\/wp-content\/uploads\/2026\/01\/QUYNH-NHU-KH-dat-visa-du-hoc-canada.jpg\"> <span class=\"fas fa-search\"> <\/span> <\/a>\r\n\t\t\t\t\t\t<\/div>\r\n\t\t\t\t\t\t<div class=\"dtportfolio-image-overlay-details\">\r\n\t\t\t\t\t\t\t<h2><a href=\"https:\/\/duhocdaiduong.com\/en\/portfolios\/quynh-nhu-kh-dat-visa-du-hoc-canada\/\" title=\"QUYNH NHU-KH \u0111\u1ea1t visa du h\u1ecdc CANADA\">QUYNH NHU-KH \u0111\u1ea1t visa du h\u1ecdc CANADA<\/a><\/h2><p class=\"categories\"><a href=\"https:\/\/duhocdaiduong.com\/en\/portfolio-categories\/khach-hang-dat-visa-thang-1-2026\/\" rel=\"tag\">Kh\u00e1ch h\u00e0ng \u0111\u1ea1t visa th\u00e1ng 1 - 2026<\/a><\/p><\/div><\/div><\/figure><\/div><div class=\"default with-space  dtportfolio-item dtportfolio-column dtportfolio-one-third all-sort khach-hang-dat-visa-thang-1-2026-sort dtportfolio-hover-bottom-border first\" ><figure><img decoding=\"async\" src=\"https:\/\/duhocdaiduong.com\/wp-content\/uploads\/2026\/01\/PHUONG-THAO-KH-dat-visa-CANADA.jpg\" alt=\"PHUONG THAO-KH \u0111\u1ea1t visa CANADA\" title=\"PHUONG THAO-KH \u0111\u1ea1t visa CANADA\" \/><div class=\"dtportfolio-image-overlay \"  ><div class=\"links\">\r\n\t\t\t\t\t\t\t<a title=\"PHUONG THAO-KH \u0111\u1ea1t visa CANADA\" href=\"https:\/\/duhocdaiduong.com\/en\/portfolios\/phuong-thao-kh-dat-visa-canada\/\"> <span class=\"fas fa-link\"> <\/span> <\/a>\r\n\t\t\t\t\t\t\t<a title=\"PHUONG THAO-KH \u0111\u1ea1t visa CANADA\" data-gal=\"prettyPhoto[gallery]\" href=\"https:\/\/duhocdaiduong.com\/wp-content\/uploads\/2026\/01\/PHUONG-THAO-KH-dat-visa-CANADA.jpg\"> <span class=\"fas fa-search\"> <\/span> <\/a>\r\n\t\t\t\t\t\t<\/div>\r\n\t\t\t\t\t\t<div class=\"dtportfolio-image-overlay-details\">\r\n\t\t\t\t\t\t\t<h2><a href=\"https:\/\/duhocdaiduong.com\/en\/portfolios\/phuong-thao-kh-dat-visa-canada\/\" title=\"PHUONG THAO-KH \u0111\u1ea1t visa CANADA\">PHUONG THAO-KH \u0111\u1ea1t visa CANADA<\/a><\/h2><p class=\"categories\"><a href=\"https:\/\/duhocdaiduong.com\/en\/portfolio-categories\/khach-hang-dat-visa-thang-1-2026\/\" rel=\"tag\">Kh\u00e1ch h\u00e0ng \u0111\u1ea1t visa th\u00e1ng 1 - 2026<\/a><\/p><\/div><\/div><\/figure><\/div><div class=\"default with-space  dtportfolio-item dtportfolio-column dtportfolio-one-third all-sort khach-hang-dat-visa-thang-1-2026-sort dtportfolio-hover-bottom-border\" ><figure><img decoding=\"async\" src=\"https:\/\/duhocdaiduong.com\/wp-content\/uploads\/2026\/01\/MAI-LINH-KH-dat-visa-du-hoc-CANADA.jpg\" alt=\"MAI LINH-KH \u0111\u1ea1t visa du h\u1ecdc CANADA\" title=\"MAI LINH-KH \u0111\u1ea1t visa du h\u1ecdc CANADA\" \/><div class=\"dtportfolio-image-overlay \"  ><div class=\"links\">\r\n\t\t\t\t\t\t\t<a title=\"MAI LINH-KH \u0111\u1ea1t visa du h\u1ecdc CANADA\" href=\"https:\/\/duhocdaiduong.com\/en\/portfolios\/mai-linh-kh-dat-visa-du-hoc-canada\/\"> <span class=\"fas fa-link\"> <\/span> <\/a>\r\n\t\t\t\t\t\t\t<a title=\"MAI LINH-KH \u0111\u1ea1t visa du h\u1ecdc CANADA\" data-gal=\"prettyPhoto[gallery]\" href=\"https:\/\/duhocdaiduong.com\/wp-content\/uploads\/2026\/01\/MAI-LINH-KH-dat-visa-du-hoc-CANADA.jpg\"> <span class=\"fas fa-search\"> <\/span> <\/a>\r\n\t\t\t\t\t\t<\/div>\r\n\t\t\t\t\t\t<div class=\"dtportfolio-image-overlay-details\">\r\n\t\t\t\t\t\t\t<h2><a href=\"https:\/\/duhocdaiduong.com\/en\/portfolios\/mai-linh-kh-dat-visa-du-hoc-canada\/\" title=\"MAI LINH-KH \u0111\u1ea1t visa du h\u1ecdc CANADA\">MAI LINH-KH \u0111\u1ea1t visa du h\u1ecdc CANADA<\/a><\/h2><p class=\"categories\"><a href=\"https:\/\/duhocdaiduong.com\/en\/portfolio-categories\/khach-hang-dat-visa-thang-1-2026\/\" rel=\"tag\">Kh\u00e1ch h\u00e0ng \u0111\u1ea1t visa th\u00e1ng 1 - 2026<\/a><\/p><\/div><\/div><\/figure><\/div><div class=\"default with-space  dtportfolio-item dtportfolio-column dtportfolio-one-third all-sort khach-hang-dat-visa-thang-12-2025-sort dtportfolio-hover-bottom-border\" ><figure><img decoding=\"async\" src=\"https:\/\/duhocdaiduong.com\/wp-content\/uploads\/2026\/01\/TRIEU-MEN-Kh-dat-visa-UC-scaled.jpg\" alt=\"TRIEU MEN-Kh \u0111\u1ea1t visa \u00dac\" title=\"TRIEU MEN-Kh \u0111\u1ea1t visa \u00dac\" \/><div class=\"dtportfolio-image-overlay \"  ><div class=\"links\">\r\n\t\t\t\t\t\t\t<a title=\"TRIEU MEN-Kh \u0111\u1ea1t visa \u00dac\" href=\"https:\/\/duhocdaiduong.com\/en\/portfolios\/trieu-men-kh-dat-visa-uc\/\"> <span class=\"fas fa-link\"> <\/span> <\/a>\r\n\t\t\t\t\t\t\t<a title=\"TRIEU MEN-Kh \u0111\u1ea1t visa \u00dac\" data-gal=\"prettyPhoto[gallery]\" href=\"https:\/\/duhocdaiduong.com\/wp-content\/uploads\/2026\/01\/TRIEU-MEN-Kh-dat-visa-UC-scaled.jpg\"> <span class=\"fas fa-search\"> <\/span> <\/a>\r\n\t\t\t\t\t\t<\/div>\r\n\t\t\t\t\t\t<div class=\"dtportfolio-image-overlay-details\">\r\n\t\t\t\t\t\t\t<h2><a href=\"https:\/\/duhocdaiduong.com\/en\/portfolios\/trieu-men-kh-dat-visa-uc\/\" title=\"TRIEU MEN-Kh \u0111\u1ea1t visa \u00dac\">TRIEU MEN-Kh \u0111\u1ea1t visa \u00dac<\/a><\/h2><p class=\"categories\"><a href=\"https:\/\/duhocdaiduong.com\/en\/portfolio-categories\/khach-hang-dat-visa-thang-12-2025\/\" rel=\"tag\">Kh\u00e1ch h\u00e0ng \u0111\u1ea1t visa th\u00e1ng 12 - 2025<\/a><\/p><\/div><\/div><\/figure><\/div><\/div><\/div><div class=\"dtportfolio-fullwidth-wrapper-fix\"><\/div><div id=\"1549361221704-3448fd27-9779\" class=\"dt-sc-empty-space\"><\/div><\/div><\/div><\/div><\/div>\n","protected":false},"excerpt":{"rendered":"","protected":false},"author":2,"featured_media":0,"parent":18719,"menu_order":0,"comment_status":"closed","ping_status":"closed","template":"","meta":{"footnotes":""},"class_list":["post-19035","page","type-page","status-publish","hentry"],"aioseo_notices":[],"_links":{"self":[{"href":"https:\/\/duhocdaiduong.com\/en\/wp-json\/wp\/v2\/pages\/19035","targetHints":{"allow":["GET"]}}],"collection":[{"href":"https:\/\/duhocdaiduong.com\/en\/wp-json\/wp\/v2\/pages"}],"about":[{"href":"https:\/\/duhocdaiduong.com\/en\/wp-json\/wp\/v2\/types\/page"}],"author":[{"embeddable":true,"href":"https:\/\/duhocdaiduong.com\/en\/wp-json\/wp\/v2\/users\/2"}],"replies":[{"embeddable":true,"href":"https:\/\/duhocdaiduong.com\/en\/wp-json\/wp\/v2\/comments?post=19035"}],"version-history":[{"count":0,"href":"https:\/\/duhocdaiduong.com\/en\/wp-json\/wp\/v2\/pages\/19035\/revisions"}],"up":[{"embeddable":true,"href":"https:\/\/duhocdaiduong.com\/en\/wp-json\/wp\/v2\/pages\/18719"}],"wp:attachment":[{"href":"https:\/\/duhocdaiduong.com\/en\/wp-json\/wp\/v2\/media?parent=19035"}],"curies":[{"name":"wp","href":"https:\/\/api.w.org\/{rel}","templated":true}]}}