{"id":19032,"date":"2019-02-01T11:09:59","date_gmt":"2019-02-01T11:09:59","guid":{"rendered":"https:\/\/elearni.local\/?page_id=19032"},"modified":"2019-02-14T11:01:16","modified_gmt":"2019-02-14T11:01:16","slug":"highlighter","status":"publish","type":"page","link":"https:\/\/duhocdaiduong.com\/en\/khach-hang-dat-visa\/highlighter\/","title":{"rendered":"Highlighter"},"content":{"rendered":"<div  data-delay=\"0\" class=\"vc_row wpb_row vc_row-fluid\"><div class=\"wpb_column vc_column_container vc_col-sm-12\" data-delay=\"0\"><div class=\"vc_column-inner\"><div class=\"wpb_wrapper\"><div class=\"dtportfolio-container-wrapper dtportfolio-without-fullwidth-wrapper\"><div class=\"dtportfolio-sorting default\">\r\n        \t\t\t<a href=\"#\" class=\"active-sort\" title=\"\" data-filter=\".all-sort\">All<\/a><a href=\"#\" data-filter=\".giay-to-chung-nhan-sort\">Gi\u1ea5y t\u1edd ch\u1ee9ng nh\u1eadn<\/a><a href=\"#\" data-filter=\".khac-hang-dat-visa-thang-11-2024-sort\">Kh\u00e1c h\u00e0ng \u0111\u1ea1t visa th\u00e1ng 11 - 2024<\/a><a href=\"#\" data-filter=\".khach-dat-visa-thang-1-2024-sort\">Kh\u00e1ch \u0111\u1ea1t Visa th\u00e1ng 1 - 2024<\/a><a href=\"#\" data-filter=\".khach-dat-visa-thang-2-2024-sort\">Kh\u00e1ch \u0111\u1ea1t Visa th\u00e1ng 2 - 2024<\/a><a href=\"#\" data-filter=\".khach-dat-visa-thang-3-2024-sort\">Kh\u00e1ch \u0111\u1ea1t Visa th\u00e1ng 3 - 2024<\/a><a href=\"#\" data-filter=\".khach-dat-visa-thang-4-2024-sort\">Kh\u00e1ch \u0111\u1ea1t Visa th\u00e1ng 4 - 2024<\/a><a href=\"#\" data-filter=\".khach-dat-visa-thang-5-2024-sort\">Kh\u00e1ch \u0111\u1ea1t Visa th\u00e1ng 5 - 2024<\/a><a href=\"#\" data-filter=\".khach-hang-dat-visa-sort\">Achieved visas<\/a><a href=\"#\" data-filter=\".khach-hang-dat-visa-moi-nhat-sort\">Kh\u00e1ch h\u00e0ng \u0111\u1ea1t visa m\u1edbi nh\u1ea5t<\/a><a href=\"#\" data-filter=\".khach-hang-dat-visa-thang-1-sort\">Kh\u00e1ch h\u00e0ng \u0111\u1ea1t Visa th\u00e1ng 1<\/a><a href=\"#\" data-filter=\".khach-hang-dat-visa-thang-1-2025-sort\">Kh\u00e1ch h\u00e0ng \u0111\u1ea1t visa th\u00e1ng 1 - 2025<\/a><a href=\"#\" data-filter=\".khach-hang-dat-visa-thang-1-2026-sort\">Kh\u00e1ch h\u00e0ng \u0111\u1ea1t visa th\u00e1ng 1 - 2026<\/a><a href=\"#\" data-filter=\".khach-hang-dat-visa-thang-10-sort\">Kh\u00e1ch h\u00e0ng \u0111\u1ea1t Visa th\u00e1ng 10<\/a><a href=\"#\" data-filter=\".khach-hang-dat-visa-thang-10-2025-sort\">Kh\u00e1ch h\u00e0ng \u0111\u1ea1t visa th\u00e1ng 10 - 2025<\/a><a href=\"#\" data-filter=\".khach-hang-dat-visa-thang-10-2024-sort\">Kh\u00e1ch h\u00e0ng \u0111\u1ea1t Visa th\u00e1ng 10 2024<\/a><a href=\"#\" data-filter=\".khach-hang-dat-visa-thang-11-sort\">Kh\u00e1ch h\u00e0ng \u0111\u1ea1t Visa th\u00e1ng 11<\/a><a href=\"#\" data-filter=\".khach-hang-dat-visa-thang-11-2025-sort\">Kh\u00e1ch h\u00e0ng \u0111\u1ea1t Visa th\u00e1ng 11 - 2025<\/a><a href=\"#\" data-filter=\".khach-hang-dat-visa-thang-12-sort\">Kh\u00e1ch h\u00e0ng \u0111\u1ea1t Visa th\u00e1ng 12<\/a><a href=\"#\" data-filter=\".khach-hang-dat-visa-thang-12-2024-sort\">Kh\u00e1ch h\u00e0ng \u0111\u1ea1t Visa th\u00e1ng 12 - 2024<\/a><a href=\"#\" data-filter=\".khach-hang-dat-visa-thang-12-2025-sort\">Kh\u00e1ch h\u00e0ng \u0111\u1ea1t visa th\u00e1ng 12 - 2025<\/a><a href=\"#\" data-filter=\".khach-hang-dat-visa-thang-2-sort\">Kh\u00e1ch h\u00e0ng \u0111\u1ea1t Visa th\u00e1ng 2<\/a><a href=\"#\" data-filter=\".khach-hang-dat-visa-thang-2-2025-sort\">Kh\u00e1ch h\u00e0ng \u0111\u1ea1t visa th\u00e1ng 2 - 2025<\/a><a href=\"#\" data-filter=\".khach-hang-dat-visa-thang-2-2026-sort\">Kh\u00e1ch h\u00e0ng \u0111\u1ea1t visa th\u00e1ng 2 - 2026<\/a><a href=\"#\" data-filter=\".khach-hang-dat-visa-thang-3-sort\">Kh\u00e1ch h\u00e0ng \u0111\u1ea1t Visa th\u00e1ng 3<\/a><a href=\"#\" data-filter=\".khach-hang-dat-visa-thang-3-2025-sort\">Kh\u00e1ch h\u00e0ng \u0111\u1ea1t visa th\u00e1ng 3 - 2025<\/a><a href=\"#\" data-filter=\".khach-hang-dat-visa-thang-3-2026-sort\">Kh\u00e1ch h\u00e0ng \u0111\u1ea1t visa th\u00e1ng 3 - 2026<\/a><a href=\"#\" data-filter=\".khach-hang-dat-visa-thang-4-sort\">Kh\u00e1ch h\u00e0ng \u0111\u1ea1t Visa th\u00e1ng 4<\/a><a href=\"#\" data-filter=\".khach-hang-dat-visa-thang-4-2025-sort\">Kh\u00e1ch h\u00e0ng \u0111\u1ea1t visa th\u00e1ng 4 - 2025<\/a><a href=\"#\" data-filter=\".khach-hang-dat-visa-thang-4-2026-sort\">Kh\u00e1ch h\u00e0ng \u0111\u1ea1t visa th\u00e1ng 4 - 2026<\/a><a href=\"#\" data-filter=\".khach-hang-dat-visa-thang-5-sort\">Kh\u00e1ch h\u00e0ng \u0111\u1ea1t Visa th\u00e1ng 5<\/a><a href=\"#\" data-filter=\".khach-hang-dat-visa-thang-5-2025-sort\">Kh\u00e1ch h\u00e0ng \u0111\u1ea1t Visa th\u00e1ng 5 - 2025<\/a><a href=\"#\" data-filter=\".khach-hang-dat-visa-thang-6-sort\">Kh\u00e1ch h\u00e0ng \u0111\u1ea1t Visa th\u00e1ng 6<\/a><a href=\"#\" data-filter=\".khach-hang-dat-visa-thang-6-2024-sort\">Kh\u00e1ch h\u00e0ng \u0111\u1ea1t Visa th\u00e1ng 6 - 2024<\/a><a href=\"#\" data-filter=\".khach-hang-dat-visa-thang-6-2025-sort\">Kh\u00e1ch h\u00e0ng \u0111\u1ea1t visa th\u00e1ng 6 - 2025<\/a><a href=\"#\" data-filter=\".khach-hang-dat-visa-thang-7-sort\">Kh\u00e1ch h\u00e0ng \u0111\u1ea1t visa th\u00e1ng 7<\/a><a href=\"#\" data-filter=\".khach-hang-dat-visa-thang-7-2024-sort\">Kh\u00e1ch h\u00e0ng \u0111\u1ea1t visa th\u00e1ng 7 - 2024<\/a><a href=\"#\" data-filter=\".khach-hang-dat-visa-thang-7-2025-sort\">Kh\u00e1ch h\u00e0ng \u0111\u1ea1t visa th\u00e1ng 7 - 2025<\/a><a href=\"#\" data-filter=\".khach-hang-dat-visa-thang-8-sort\">Kh\u00e1ch h\u00e0ng \u0111\u1ea1t Visa th\u00e1ng 8<\/a><a href=\"#\" data-filter=\".khach-hang-dat-visa-thang-8-2024-sort\">Kh\u00e1ch h\u00e0ng \u0111\u1ea1t visa th\u00e1ng 8 - 2024<\/a><a href=\"#\" data-filter=\".khach-hang-dat-visa-thang-8-2025-sort\">Kh\u00e1ch h\u00e0ng \u0111\u1ea1t visa th\u00e1ng 8 - 2025<\/a><a href=\"#\" data-filter=\".khach-hang-dat-visa-thang-9-sort\">Kh\u00e1ch h\u00e0ng \u0111\u1ea1t visa th\u00e1ng 9<\/a><a href=\"#\" data-filter=\".khach-hang-dat-visa-thang-9-2025-sort\">Kh\u00e1ch h\u00e0ng \u0111\u1ea1t visa th\u00e1ng 9 - 2025<\/a><a href=\"#\" data-filter=\".khach-hang-dat-visa-thang-9-2024-sort\">Kh\u00e1ch h\u00e0ng \u0111\u1ea1t Visa th\u00e1ng 9-2024<\/a><a href=\"#\" data-filter=\".khach-hang-dat-visa-trang-chu-sort\">Kh\u00e1ch h\u00e0ng \u0111\u1ea1t visa- Trang ch\u1ee7<\/a><\/div><div class=\"dtportfolio-container with-space dtportfolio-container-resetter\" data-column=\"3\" data-postperpage=\"12\"><div class=\"dtportfolio-grid-sizer     dtportfolio-one-third\"><\/div><div class=\"default with-space  dtportfolio-item dtportfolio-column dtportfolio-one-third all-sort khach-hang-dat-visa-thang-4-2026-sort dtportfolio-hover-highlighter first\" ><figure><img decoding=\"async\" src=\"https:\/\/duhocdaiduong.com\/wp-content\/uploads\/2026\/04\/THANH-THUY-KH-dat-visa-du-lich-CANADA-1.jpg\" alt=\"THANH THUY-KH \u0111\u1ea1t visa du l\u1ecbch CANADA\" title=\"THANH THUY-KH \u0111\u1ea1t visa du l\u1ecbch CANADA\" \/><a class=\"dtportfolio-image-overlay\" title=\"THANH THUY-KH \u0111\u1ea1t visa du l\u1ecbch CANADA\" href=\"https:\/\/duhocdaiduong.com\/en\/portfolios\/thanh-thuy-kh-dat-visa-du-lich-canada\/\" ><\/a><\/figure><\/div><div class=\"default with-space  dtportfolio-item dtportfolio-column dtportfolio-one-third all-sort khach-hang-dat-visa-thang-4-2026-sort dtportfolio-hover-highlighter\" ><figure><img decoding=\"async\" src=\"https:\/\/duhocdaiduong.com\/wp-content\/uploads\/2026\/04\/XUAN-CHIEN-KH-dat-visa-DUC-1.jpg\" alt=\"XUAN CHIEN-KH \u0111\u1ea1t visa \u0110\u1ee9c\" title=\"XUAN CHIEN-KH \u0111\u1ea1t visa \u0110\u1ee9c\" \/><a class=\"dtportfolio-image-overlay\" title=\"XUAN CHIEN-KH \u0111\u1ea1t visa \u0110\u1ee9c\" href=\"https:\/\/duhocdaiduong.com\/en\/portfolios\/xuan-chien-kh-dat-visa-duc\/\" ><\/a><\/figure><\/div><div class=\"default with-space  dtportfolio-item dtportfolio-column dtportfolio-one-third all-sort khach-hang-dat-visa-thang-4-2026-sort dtportfolio-hover-highlighter\" ><figure><img decoding=\"async\" src=\"https:\/\/duhocdaiduong.com\/wp-content\/uploads\/2026\/04\/18.4.26-VISA-DHCA-DIEU-LINH-Cape-Brenton-University.jpg\" alt=\"Dieu Linh- KH dat visa du hoc CANADA\" title=\"Dieu Linh- KH dat visa du hoc CANADA\" \/><a class=\"dtportfolio-image-overlay\" title=\"Dieu Linh- KH dat visa du hoc CANADA\" href=\"https:\/\/duhocdaiduong.com\/en\/portfolios\/dieu-linh-kh-dat-visa-du-hoc-canada\/\" ><\/a><\/figure><\/div><div class=\"default with-space  dtportfolio-item dtportfolio-column dtportfolio-one-third all-sort khach-hang-dat-visa-thang-3-2026-sort dtportfolio-hover-highlighter first\" ><figure><img decoding=\"async\" src=\"https:\/\/duhocdaiduong.com\/wp-content\/uploads\/2026\/04\/THANH-LAM-KH-dat-visa-du-lich-Canada.jpg\" alt=\"THANH LAM-KH \u0111\u1ea1t visa du l\u1ecbch Canada\" title=\"THANH LAM-KH \u0111\u1ea1t visa du l\u1ecbch Canada\" \/><a class=\"dtportfolio-image-overlay\" title=\"THANH LAM-KH \u0111\u1ea1t visa du l\u1ecbch Canada\" href=\"https:\/\/duhocdaiduong.com\/en\/portfolios\/thanh-lam-kh-dat-visa-du-lich-canada\/\" ><\/a><\/figure><\/div><div class=\"default with-space  dtportfolio-item dtportfolio-column dtportfolio-one-third all-sort khach-hang-dat-visa-thang-3-2026-sort dtportfolio-hover-highlighter\" ><figure><img decoding=\"async\" src=\"https:\/\/duhocdaiduong.com\/wp-content\/uploads\/2026\/04\/PHAM-THI-KHANH-LY-DHCA-2.jpg\" alt=\"KHANH LY \u2013 Kh \u0111\u1ea1t visa du h\u1ecdc Canada\" title=\"KHANH LY \u2013 Kh \u0111\u1ea1t visa du h\u1ecdc Canada\" \/><a class=\"dtportfolio-image-overlay\" title=\"KHANH LY \u2013 Kh \u0111\u1ea1t visa du h\u1ecdc Canada\" href=\"https:\/\/duhocdaiduong.com\/en\/portfolios\/khanh-ly-kh-dat-visa-du-hoc-canada\/\" ><\/a><\/figure><\/div><div class=\"default with-space  dtportfolio-item dtportfolio-column dtportfolio-one-third all-sort khach-hang-dat-visa-thang-3-2026-sort dtportfolio-hover-highlighter\" ><figure><img decoding=\"async\" src=\"https:\/\/duhocdaiduong.com\/wp-content\/uploads\/2026\/04\/Minh-Tam-Kh-dat-visa-lich-canada.jpg\" alt=\"Minh Tam- Kh \u0111\u1ea1t visa du l\u1ecbch Canada\" title=\"Minh Tam- Kh \u0111\u1ea1t visa du l\u1ecbch Canada\" \/><a class=\"dtportfolio-image-overlay\" title=\"Minh Tam- Kh \u0111\u1ea1t visa du l\u1ecbch Canada\" href=\"https:\/\/duhocdaiduong.com\/en\/portfolios\/minh-tam-kh-dat-visa-du-lich-canada\/\" ><\/a><\/figure><\/div><div class=\"default with-space  dtportfolio-item dtportfolio-column dtportfolio-one-third all-sort khach-hang-dat-visa-thang-2-2026-sort dtportfolio-hover-highlighter first\" ><figure><img decoding=\"async\" src=\"https:\/\/duhocdaiduong.com\/wp-content\/uploads\/2026\/03\/YEN-NHI-KH-dat-visa-Duc.jpg\" alt=\"YEN NHI-KH \u0111\u1ea1t visa \u0110\u1ee9c\" title=\"YEN NHI-KH \u0111\u1ea1t visa \u0110\u1ee9c\" \/><a class=\"dtportfolio-image-overlay\" title=\"YEN NHI-KH \u0111\u1ea1t visa \u0110\u1ee9c\" href=\"https:\/\/duhocdaiduong.com\/en\/portfolios\/yen-nhi-kh-dat-visa-duc\/\" ><\/a><\/figure><\/div><div class=\"default with-space  dtportfolio-item dtportfolio-column dtportfolio-one-third all-sort khach-hang-dat-visa-thang-2-2026-sort dtportfolio-hover-highlighter\" ><figure><img decoding=\"async\" src=\"https:\/\/duhocdaiduong.com\/wp-content\/uploads\/2026\/03\/THIEN-THINH-KH-dat-visa-MY.jpg\" alt=\"THIEN THINH-KH \u0111\u1ea1t visa M\u1ef9\" title=\"THIEN THINH-KH \u0111\u1ea1t visa M\u1ef9\" \/><a class=\"dtportfolio-image-overlay\" title=\"THIEN THINH-KH \u0111\u1ea1t visa M\u1ef9\" href=\"https:\/\/duhocdaiduong.com\/en\/portfolios\/thien-thinh-kh-dat-visa-my\/\" ><\/a><\/figure><\/div><div class=\"default with-space  dtportfolio-item dtportfolio-column dtportfolio-one-third all-sort khach-hang-dat-visa-thang-2-2026-sort dtportfolio-hover-highlighter\" ><figure><img decoding=\"async\" src=\"https:\/\/duhocdaiduong.com\/wp-content\/uploads\/2026\/03\/KIM-HOANG-KH-dat-visa-Duc.jpg\" alt=\"KIM HOANG-KH \u0111\u1ea1t visa \u0110\u1ee9c\" title=\"KIM HOANG-KH \u0111\u1ea1t visa \u0110\u1ee9c\" \/><a class=\"dtportfolio-image-overlay\" title=\"KIM HOANG-KH \u0111\u1ea1t visa \u0110\u1ee9c\" href=\"https:\/\/duhocdaiduong.com\/en\/portfolios\/kim-hoang-kh-dat-visa-duc\/\" ><\/a><\/figure><\/div><div class=\"default with-space  dtportfolio-item dtportfolio-column dtportfolio-one-third all-sort khach-hang-dat-visa-thang-2-2026-sort dtportfolio-hover-highlighter first\" ><figure><img decoding=\"async\" src=\"https:\/\/duhocdaiduong.com\/wp-content\/uploads\/2026\/03\/DIEP-LIEN-KH-dat-visa-du-hoc-Canada.jpg\" alt=\"DIEP LIEN-KH \u0111\u1ea1t visa du h\u1ecdc Canada\" title=\"DIEP LIEN-KH \u0111\u1ea1t visa du h\u1ecdc Canada\" \/><a class=\"dtportfolio-image-overlay\" title=\"DIEP LIEN-KH \u0111\u1ea1t visa du h\u1ecdc Canada\" href=\"https:\/\/duhocdaiduong.com\/en\/portfolios\/diep-lien-kh-dat-visa-du-hoc-canada\/\" ><\/a><\/figure><\/div><div class=\"default with-space  dtportfolio-item dtportfolio-column dtportfolio-one-third all-sort khach-hang-dat-visa-thang-1-2026-sort dtportfolio-hover-highlighter\" ><figure><img decoding=\"async\" src=\"https:\/\/duhocdaiduong.com\/wp-content\/uploads\/2026\/01\/XUAN-YEN-KH-dat-visa-Duc.jpg\" alt=\"XUAN YEN \u2013 KH dat visa Duc\" title=\"XUAN YEN \u2013 KH dat visa Duc\" \/><a class=\"dtportfolio-image-overlay\" title=\"XUAN YEN \u2013 KH dat visa Duc\" href=\"https:\/\/duhocdaiduong.com\/en\/portfolios\/xuan-yen-kh-dat-visa-duc\/\" ><\/a><\/figure><\/div><div class=\"default with-space  dtportfolio-item dtportfolio-column dtportfolio-one-third all-sort khach-hang-dat-visa-thang-1-2026-sort dtportfolio-hover-highlighter\" ><figure><img decoding=\"async\" src=\"https:\/\/duhocdaiduong.com\/wp-content\/uploads\/2026\/01\/QUYNH-NHU-KH-dat-visa-du-hoc-canada.jpg\" alt=\"QUYNH NHU-KH \u0111\u1ea1t visa du h\u1ecdc CANADA\" title=\"QUYNH NHU-KH \u0111\u1ea1t visa du h\u1ecdc CANADA\" \/><a class=\"dtportfolio-image-overlay\" title=\"QUYNH NHU-KH \u0111\u1ea1t visa du h\u1ecdc CANADA\" href=\"https:\/\/duhocdaiduong.com\/en\/portfolios\/quynh-nhu-kh-dat-visa-du-hoc-canada\/\" ><\/a><\/figure><\/div><\/div><\/div><div class=\"dtportfolio-fullwidth-wrapper-fix\"><\/div><div id=\"1549361206267-552792af-e508\" class=\"dt-sc-empty-space\"><\/div><\/div><\/div><\/div><\/div>","protected":false},"excerpt":{"rendered":"","protected":false},"author":2,"featured_media":0,"parent":18719,"menu_order":0,"comment_status":"closed","ping_status":"closed","template":"","meta":{"footnotes":""},"class_list":["post-19032","page","type-page","status-publish","hentry"],"aioseo_notices":[],"_links":{"self":[{"href":"https:\/\/duhocdaiduong.com\/en\/wp-json\/wp\/v2\/pages\/19032","targetHints":{"allow":["GET"]}}],"collection":[{"href":"https:\/\/duhocdaiduong.com\/en\/wp-json\/wp\/v2\/pages"}],"about":[{"href":"https:\/\/duhocdaiduong.com\/en\/wp-json\/wp\/v2\/types\/page"}],"author":[{"embeddable":true,"href":"https:\/\/duhocdaiduong.com\/en\/wp-json\/wp\/v2\/users\/2"}],"replies":[{"embeddable":true,"href":"https:\/\/duhocdaiduong.com\/en\/wp-json\/wp\/v2\/comments?post=19032"}],"version-history":[{"count":0,"href":"https:\/\/duhocdaiduong.com\/en\/wp-json\/wp\/v2\/pages\/19032\/revisions"}],"up":[{"embeddable":true,"href":"https:\/\/duhocdaiduong.com\/en\/wp-json\/wp\/v2\/pages\/18719"}],"wp:attachment":[{"href":"https:\/\/duhocdaiduong.com\/en\/wp-json\/wp\/v2\/media?parent=19032"}],"curies":[{"name":"wp","href":"https:\/\/api.w.org\/{rel}","templated":true}]}}