{"id":18474,"date":"2019-01-17T06:26:30","date_gmt":"2019-01-17T06:26:30","guid":{"rendered":"https:\/\/elearni.local\/shop\/"},"modified":"2023-05-12T01:30:02","modified_gmt":"2023-05-12T01:30:02","slug":"all-visa","status":"publish","type":"page","link":"https:\/\/duhocdaiduong.com\/en\/all-visa\/","title":{"rendered":"C\u00e1c kh\u00e1ch h\u00e0ng \u0111\u1ea1t Visa"},"content":{"rendered":"<div  data-delay=\"0\" class=\"vc_row wpb_row vc_row-fluid\"><div class=\"wpb_column vc_column_container vc_col-sm-12\" data-delay=\"0\"><div class=\"vc_column-inner \"><div class=\"wpb_wrapper\"><h2 style=\"text-align: left\" class=\"vc_custom_heading\" >C\u00e1c kh\u00e1ch h\u00e0ng \u0111\u1ea1t Visa<\/h2><div class=\"dtportfolio-infinite-portfolio-wrapper\"><div class=\"message hidden\">No more records to load!<\/div><div class=\"dtportfolio-container dtportfolio-container-framed no-space dtportfolio-container-resetter dtportfolio-infinite-portfolio-container\" data-column=\"4\" data-postperpage=\"16\"><div class=\"dtportfolio-grid-sizer     dtportfolio-one-fourth \"><\/div><div class=\"dtportfolio-framed no-space  dtportfolio-item dtportfolio-column dtportfolio-one-fourth with-sidebar dtportfolio-hover-modern-title first\" ><div class=\"dtportfolio-framed-holder\"><figure><img decoding=\"async\" src=\"https:\/\/duhocdaiduong.com\/wp-content\/uploads\/2022\/04\/Visa-Vo-Tran-Chi-Khang-1.png\" alt=\"V\u00f5 Tr\u1ea7n Ch\u00ed Khang\" title=\"V\u00f5 Tr\u1ea7n Ch\u00ed Khang\" \/><div class=\"dtportfolio-image-overlay \"  ><div class=\"links\">\r\n\t\t\t\t\t\t\t<a title=\"V\u00f5 Tr\u1ea7n Ch\u00ed Khang\" href=\"https:\/\/duhocdaiduong.com\/en\/portfolios\/vo-tran-chi-khang\/\"> <span class=\"fas fa-link\"> <\/span> <\/a>\r\n\t\t\t\t\t\t\t<a title=\"V\u00f5 Tr\u1ea7n Ch\u00ed Khang\" data-gal=\"prettyPhoto[gallery]\" href=\"https:\/\/duhocdaiduong.com\/wp-content\/uploads\/2022\/04\/Visa-Vo-Tran-Chi-Khang-1.png\"> <span class=\"fas fa-search\"> <\/span> <\/a>\r\n\t\t\t\t\t\t<\/div>\r\n\t\t\t\t\t\t<div class=\"dtportfolio-image-overlay-details\">\r\n\t\t\t\t\t\t\t<h2><a href=\"https:\/\/duhocdaiduong.com\/en\/portfolios\/vo-tran-chi-khang\/\" title=\"V\u00f5 Tr\u1ea7n Ch\u00ed Khang\">V\u00f5 Tr\u1ea7n Ch\u00ed Khang<\/a><\/h2><p class=\"categories\"><a href=\"https:\/\/duhocdaiduong.com\/en\/portfolio-categories\/khach-hang-dat-visa\/\" rel=\"tag\">Kh\u00e1ch h\u00e0ng \u0111\u1ea1t visa<\/a><\/p><\/div><\/div><\/figure><\/div><\/div><div class=\"dtportfolio-framed no-space  dtportfolio-item dtportfolio-column dtportfolio-one-fourth with-sidebar dtportfolio-hover-modern-title\" ><div class=\"dtportfolio-framed-holder\"><figure><img decoding=\"async\" src=\"https:\/\/duhocdaiduong.com\/wp-content\/uploads\/2022\/04\/1.jpg\" alt=\"Tr\u1ea7n Ng\u1ecdc Thi\u00ean Trinh\" title=\"Tr\u1ea7n Ng\u1ecdc Thi\u00ean Trinh\" \/><div class=\"dtportfolio-image-overlay \"  ><div class=\"links\">\r\n\t\t\t\t\t\t\t<a title=\"Tr\u1ea7n Ng\u1ecdc Thi\u00ean Trinh\" href=\"https:\/\/duhocdaiduong.com\/en\/portfolios\/tran-ngoc-thien-trinh\/\"> <span class=\"fas fa-link\"> <\/span> <\/a>\r\n\t\t\t\t\t\t\t<a title=\"Tr\u1ea7n Ng\u1ecdc Thi\u00ean Trinh\" data-gal=\"prettyPhoto[gallery]\" href=\"https:\/\/duhocdaiduong.com\/wp-content\/uploads\/2022\/04\/1.jpg\"> <span class=\"fas fa-search\"> <\/span> <\/a>\r\n\t\t\t\t\t\t<\/div>\r\n\t\t\t\t\t\t<div class=\"dtportfolio-image-overlay-details\">\r\n\t\t\t\t\t\t\t<h2><a href=\"https:\/\/duhocdaiduong.com\/en\/portfolios\/tran-ngoc-thien-trinh\/\" title=\"Tr\u1ea7n Ng\u1ecdc Thi\u00ean Trinh\">Tr\u1ea7n Ng\u1ecdc Thi\u00ean Trinh<\/a><\/h2><p class=\"categories\"><a href=\"https:\/\/duhocdaiduong.com\/en\/portfolio-categories\/khach-hang-dat-visa\/\" rel=\"tag\">Kh\u00e1ch h\u00e0ng \u0111\u1ea1t visa<\/a><\/p><\/div><\/div><\/figure><\/div><\/div><div class=\"dtportfolio-framed no-space  dtportfolio-item dtportfolio-column dtportfolio-one-fourth with-sidebar dtportfolio-hover-modern-title\" ><div class=\"dtportfolio-framed-holder\"><figure><img decoding=\"async\" src=\"https:\/\/duhocdaiduong.com\/wp-content\/uploads\/2022\/04\/Visa-Tran-Thi-Hang-1.png\" alt=\"Tr\u1ea7n Th\u1ecb H\u1eb1ng\" title=\"Tr\u1ea7n Th\u1ecb H\u1eb1ng\" \/><div class=\"dtportfolio-image-overlay \"  ><div class=\"links\">\r\n\t\t\t\t\t\t\t<a title=\"Tr\u1ea7n Th\u1ecb H\u1eb1ng\" href=\"https:\/\/duhocdaiduong.com\/en\/portfolios\/tran-thi-hang\/\"> <span class=\"fas fa-link\"> <\/span> <\/a>\r\n\t\t\t\t\t\t\t<a title=\"Tr\u1ea7n Th\u1ecb H\u1eb1ng\" data-gal=\"prettyPhoto[gallery]\" href=\"https:\/\/duhocdaiduong.com\/wp-content\/uploads\/2022\/04\/Visa-Tran-Thi-Hang-1.png\"> <span class=\"fas fa-search\"> <\/span> <\/a>\r\n\t\t\t\t\t\t<\/div>\r\n\t\t\t\t\t\t<div class=\"dtportfolio-image-overlay-details\">\r\n\t\t\t\t\t\t\t<h2><a href=\"https:\/\/duhocdaiduong.com\/en\/portfolios\/tran-thi-hang\/\" title=\"Tr\u1ea7n Th\u1ecb H\u1eb1ng\">Tr\u1ea7n Th\u1ecb H\u1eb1ng<\/a><\/h2><p class=\"categories\"><a href=\"https:\/\/duhocdaiduong.com\/en\/portfolio-categories\/khach-hang-dat-visa\/\" rel=\"tag\">Kh\u00e1ch h\u00e0ng \u0111\u1ea1t visa<\/a><\/p><\/div><\/div><\/figure><\/div><\/div><div class=\"dtportfolio-framed no-space  dtportfolio-item dtportfolio-column dtportfolio-one-fourth with-sidebar dtportfolio-hover-modern-title\" ><div class=\"dtportfolio-framed-holder\"><figure><img decoding=\"async\" src=\"https:\/\/duhocdaiduong.com\/wp-content\/uploads\/2022\/09\/Visa-Do_mi_Di-1.png\" alt=\"\u0110\u1ed7 M\u1ef9 Di &#8211; Du h\u1ecdc M\u1ef9\" title=\"\u0110\u1ed7 M\u1ef9 Di &#8211; Du h\u1ecdc M\u1ef9\" \/><div class=\"dtportfolio-image-overlay \"  ><div class=\"links\">\r\n\t\t\t\t\t\t\t<a title=\"\u0110\u1ed7 M\u1ef9 Di &#8211; Du h\u1ecdc M\u1ef9\" href=\"https:\/\/duhocdaiduong.com\/en\/portfolios\/do-my-di-du-hoc-my\/\"> <span class=\"fas fa-link\"> <\/span> <\/a>\r\n\t\t\t\t\t\t\t<a title=\"\u0110\u1ed7 M\u1ef9 Di &#8211; Du h\u1ecdc M\u1ef9\" data-gal=\"prettyPhoto[gallery]\" href=\"https:\/\/duhocdaiduong.com\/wp-content\/uploads\/2022\/09\/Visa-Do_mi_Di-1.png\"> <span class=\"fas fa-search\"> <\/span> <\/a>\r\n\t\t\t\t\t\t<\/div>\r\n\t\t\t\t\t\t<div class=\"dtportfolio-image-overlay-details\">\r\n\t\t\t\t\t\t\t<h2><a href=\"https:\/\/duhocdaiduong.com\/en\/portfolios\/do-my-di-du-hoc-my\/\" title=\"\u0110\u1ed7 M\u1ef9 Di &#8211; Du h\u1ecdc M\u1ef9\">\u0110\u1ed7 M\u1ef9 Di &#8211; Du h\u1ecdc M\u1ef9<\/a><\/h2><p class=\"categories\"><a href=\"https:\/\/duhocdaiduong.com\/en\/portfolio-categories\/khach-hang-dat-visa\/\" rel=\"tag\">Kh\u00e1ch h\u00e0ng \u0111\u1ea1t visa<\/a><\/p><\/div><\/div><\/figure><\/div><\/div><div class=\"dtportfolio-framed no-space  dtportfolio-item dtportfolio-column dtportfolio-one-fourth with-sidebar dtportfolio-hover-modern-title first\" ><div class=\"dtportfolio-framed-holder\"><figure><img decoding=\"async\" src=\"https:\/\/duhocdaiduong.com\/wp-content\/uploads\/2022\/09\/1-104.jpg\" alt=\"Tr\u01b0\u01a1ng Anh Quang &#8211; Du l\u1ecbch Canada\" title=\"Tr\u01b0\u01a1ng Anh Quang &#8211; Du l\u1ecbch Canada\" \/><div class=\"dtportfolio-image-overlay \"  ><div class=\"links\">\r\n\t\t\t\t\t\t\t<a title=\"Tr\u01b0\u01a1ng Anh Quang &#8211; Du l\u1ecbch Canada\" href=\"https:\/\/duhocdaiduong.com\/en\/portfolios\/truong-anh-quang-du-lich-canada\/\"> <span class=\"fas fa-link\"> <\/span> <\/a>\r\n\t\t\t\t\t\t\t<a title=\"Tr\u01b0\u01a1ng Anh Quang &#8211; Du l\u1ecbch Canada\" data-gal=\"prettyPhoto[gallery]\" href=\"https:\/\/duhocdaiduong.com\/wp-content\/uploads\/2022\/09\/1-104.jpg\"> <span class=\"fas fa-search\"> <\/span> <\/a>\r\n\t\t\t\t\t\t<\/div>\r\n\t\t\t\t\t\t<div class=\"dtportfolio-image-overlay-details\">\r\n\t\t\t\t\t\t\t<h2><a href=\"https:\/\/duhocdaiduong.com\/en\/portfolios\/truong-anh-quang-du-lich-canada\/\" title=\"Tr\u01b0\u01a1ng Anh Quang &#8211; Du l\u1ecbch Canada\">Tr\u01b0\u01a1ng Anh Quang &#8211; Du l\u1ecbch Canada<\/a><\/h2><p class=\"categories\"><a href=\"https:\/\/duhocdaiduong.com\/en\/portfolio-categories\/khach-hang-dat-visa\/\" rel=\"tag\">Kh\u00e1ch h\u00e0ng \u0111\u1ea1t visa<\/a><\/p><\/div><\/div><\/figure><\/div><\/div><div class=\"dtportfolio-framed no-space  dtportfolio-item dtportfolio-column dtportfolio-one-fourth with-sidebar dtportfolio-hover-modern-title\" ><div class=\"dtportfolio-framed-holder\"><figure><img decoding=\"async\" src=\"https:\/\/duhocdaiduong.com\/wp-content\/uploads\/2022\/09\/4-13.jpg\" alt=\"H\u00e0 Th\u1ecb Th\u01a1m &#8211; Du l\u1ecbch Canada\" title=\"H\u00e0 Th\u1ecb Th\u01a1m &#8211; Du l\u1ecbch Canada\" \/><div class=\"dtportfolio-image-overlay \"  ><div class=\"links\">\r\n\t\t\t\t\t\t\t<a title=\"H\u00e0 Th\u1ecb Th\u01a1m &#8211; Du l\u1ecbch Canada\" href=\"https:\/\/duhocdaiduong.com\/en\/portfolios\/ha-thi-thom-du-lich-canada\/\"> <span class=\"fas fa-link\"> <\/span> <\/a>\r\n\t\t\t\t\t\t\t<a title=\"H\u00e0 Th\u1ecb Th\u01a1m &#8211; Du l\u1ecbch Canada\" data-gal=\"prettyPhoto[gallery]\" href=\"https:\/\/duhocdaiduong.com\/wp-content\/uploads\/2022\/09\/4-13.jpg\"> <span class=\"fas fa-search\"> <\/span> <\/a>\r\n\t\t\t\t\t\t<\/div>\r\n\t\t\t\t\t\t<div class=\"dtportfolio-image-overlay-details\">\r\n\t\t\t\t\t\t\t<h2><a href=\"https:\/\/duhocdaiduong.com\/en\/portfolios\/ha-thi-thom-du-lich-canada\/\" title=\"H\u00e0 Th\u1ecb Th\u01a1m &#8211; Du l\u1ecbch Canada\">H\u00e0 Th\u1ecb Th\u01a1m &#8211; Du l\u1ecbch Canada<\/a><\/h2><p class=\"categories\"><a href=\"https:\/\/duhocdaiduong.com\/en\/portfolio-categories\/khach-hang-dat-visa\/\" rel=\"tag\">Kh\u00e1ch h\u00e0ng \u0111\u1ea1t visa<\/a><\/p><\/div><\/div><\/figure><\/div><\/div><div class=\"dtportfolio-framed no-space  dtportfolio-item dtportfolio-column dtportfolio-one-fourth with-sidebar dtportfolio-hover-modern-title\" ><div class=\"dtportfolio-framed-holder\"><figure><img decoding=\"async\" src=\"https:\/\/duhocdaiduong.com\/wp-content\/uploads\/2022\/09\/3-17.jpg\" alt=\"L\u00ea Minh Tr\u1ecdng &#8211; Du l\u1ecbch Canada\" title=\"L\u00ea Minh Tr\u1ecdng &#8211; Du l\u1ecbch Canada\" \/><div class=\"dtportfolio-image-overlay \"  ><div class=\"links\">\r\n\t\t\t\t\t\t\t<a title=\"L\u00ea Minh Tr\u1ecdng &#8211; Du l\u1ecbch Canada\" href=\"https:\/\/duhocdaiduong.com\/en\/portfolios\/le-minh-trong-du-lich-canada\/\"> <span class=\"fas fa-link\"> <\/span> <\/a>\r\n\t\t\t\t\t\t\t<a title=\"L\u00ea Minh Tr\u1ecdng &#8211; Du l\u1ecbch Canada\" data-gal=\"prettyPhoto[gallery]\" href=\"https:\/\/duhocdaiduong.com\/wp-content\/uploads\/2022\/09\/3-17.jpg\"> <span class=\"fas fa-search\"> <\/span> <\/a>\r\n\t\t\t\t\t\t<\/div>\r\n\t\t\t\t\t\t<div class=\"dtportfolio-image-overlay-details\">\r\n\t\t\t\t\t\t\t<h2><a href=\"https:\/\/duhocdaiduong.com\/en\/portfolios\/le-minh-trong-du-lich-canada\/\" title=\"L\u00ea Minh Tr\u1ecdng &#8211; Du l\u1ecbch Canada\">L\u00ea Minh Tr\u1ecdng &#8211; Du l\u1ecbch Canada<\/a><\/h2><p class=\"categories\"><a href=\"https:\/\/duhocdaiduong.com\/en\/portfolio-categories\/khach-hang-dat-visa\/\" rel=\"tag\">Kh\u00e1ch h\u00e0ng \u0111\u1ea1t visa<\/a><\/p><\/div><\/div><\/figure><\/div><\/div><div class=\"dtportfolio-framed no-space  dtportfolio-item dtportfolio-column dtportfolio-one-fourth with-sidebar dtportfolio-hover-modern-title\" ><div class=\"dtportfolio-framed-holder\"><figure><img decoding=\"async\" src=\"https:\/\/duhocdaiduong.com\/wp-content\/uploads\/2022\/09\/Visa-Ha-Thanh-Huyen-fixed.png\" alt=\"H\u00e0 Thanh Huy\u1ec1n &#8211; Du h\u1ecdc Canada\" title=\"H\u00e0 Thanh Huy\u1ec1n &#8211; Du h\u1ecdc Canada\" \/><div class=\"dtportfolio-image-overlay \"  ><div class=\"links\">\r\n\t\t\t\t\t\t\t<a title=\"H\u00e0 Thanh Huy\u1ec1n &#8211; Du h\u1ecdc Canada\" href=\"https:\/\/duhocdaiduong.com\/en\/portfolios\/ha-thanh-huyen-du-hoc-canada\/\"> <span class=\"fas fa-link\"> <\/span> <\/a>\r\n\t\t\t\t\t\t\t<a title=\"H\u00e0 Thanh Huy\u1ec1n &#8211; Du h\u1ecdc Canada\" data-gal=\"prettyPhoto[gallery]\" href=\"https:\/\/duhocdaiduong.com\/wp-content\/uploads\/2022\/09\/Visa-Ha-Thanh-Huyen-fixed.png\"> <span class=\"fas fa-search\"> <\/span> <\/a>\r\n\t\t\t\t\t\t<\/div>\r\n\t\t\t\t\t\t<div class=\"dtportfolio-image-overlay-details\">\r\n\t\t\t\t\t\t\t<h2><a href=\"https:\/\/duhocdaiduong.com\/en\/portfolios\/ha-thanh-huyen-du-hoc-canada\/\" title=\"H\u00e0 Thanh Huy\u1ec1n &#8211; Du h\u1ecdc Canada\">H\u00e0 Thanh Huy\u1ec1n &#8211; Du h\u1ecdc Canada<\/a><\/h2><p class=\"categories\"><a href=\"https:\/\/duhocdaiduong.com\/en\/portfolio-categories\/khach-hang-dat-visa\/\" rel=\"tag\">Kh\u00e1ch h\u00e0ng \u0111\u1ea1t visa<\/a><\/p><\/div><\/div><\/figure><\/div><\/div><div class=\"dtportfolio-framed no-space  dtportfolio-item dtportfolio-column dtportfolio-one-fourth with-sidebar dtportfolio-hover-modern-title first\" ><div class=\"dtportfolio-framed-holder\"><figure><img decoding=\"async\" src=\"https:\/\/duhocdaiduong.com\/wp-content\/uploads\/2022\/09\/Visa-Diep-Thanh-Minh-Chau2.png\" alt=\"Di\u1ec7p Thanh Minh Ch\u00e2u &#8211; Du h\u1ecdc Canada\" title=\"Di\u1ec7p Thanh Minh Ch\u00e2u &#8211; Du h\u1ecdc Canada\" \/><div class=\"dtportfolio-image-overlay \"  ><div class=\"links\">\r\n\t\t\t\t\t\t\t<a title=\"Di\u1ec7p Thanh Minh Ch\u00e2u &#8211; Du h\u1ecdc Canada\" href=\"https:\/\/duhocdaiduong.com\/en\/portfolios\/diep-thanh-minh-chau-du-hoc-canada\/\"> <span class=\"fas fa-link\"> <\/span> <\/a>\r\n\t\t\t\t\t\t\t<a title=\"Di\u1ec7p Thanh Minh Ch\u00e2u &#8211; Du h\u1ecdc Canada\" data-gal=\"prettyPhoto[gallery]\" href=\"https:\/\/duhocdaiduong.com\/wp-content\/uploads\/2022\/09\/Visa-Diep-Thanh-Minh-Chau2.png\"> <span class=\"fas fa-search\"> <\/span> <\/a>\r\n\t\t\t\t\t\t<\/div>\r\n\t\t\t\t\t\t<div class=\"dtportfolio-image-overlay-details\">\r\n\t\t\t\t\t\t\t<h2><a href=\"https:\/\/duhocdaiduong.com\/en\/portfolios\/diep-thanh-minh-chau-du-hoc-canada\/\" title=\"Di\u1ec7p Thanh Minh Ch\u00e2u &#8211; Du h\u1ecdc Canada\">Di\u1ec7p Thanh Minh Ch\u00e2u &#8211; Du h\u1ecdc Canada<\/a><\/h2><p class=\"categories\"><a href=\"https:\/\/duhocdaiduong.com\/en\/portfolio-categories\/khach-hang-dat-visa\/\" rel=\"tag\">Kh\u00e1ch h\u00e0ng \u0111\u1ea1t visa<\/a><\/p><\/div><\/div><\/figure><\/div><\/div><div class=\"dtportfolio-framed no-space  dtportfolio-item dtportfolio-column dtportfolio-one-fourth with-sidebar dtportfolio-hover-modern-title\" ><div class=\"dtportfolio-framed-holder\"><figure><img decoding=\"async\" src=\"https:\/\/duhocdaiduong.com\/wp-content\/uploads\/2022\/09\/Visa-Tran-Van-Tam-fix4.png\" alt=\"Tr\u1ea7n V\u0103n T\u00e2m &#8211; Du l\u1ecbch Canada\" title=\"Tr\u1ea7n V\u0103n T\u00e2m &#8211; Du l\u1ecbch Canada\" \/><div class=\"dtportfolio-image-overlay \"  ><div class=\"links\">\r\n\t\t\t\t\t\t\t<a title=\"Tr\u1ea7n V\u0103n T\u00e2m &#8211; Du l\u1ecbch Canada\" href=\"https:\/\/duhocdaiduong.com\/en\/portfolios\/tran-van-tam-du-lich-canada\/\"> <span class=\"fas fa-link\"> <\/span> <\/a>\r\n\t\t\t\t\t\t\t<a title=\"Tr\u1ea7n V\u0103n T\u00e2m &#8211; Du l\u1ecbch Canada\" data-gal=\"prettyPhoto[gallery]\" href=\"https:\/\/duhocdaiduong.com\/wp-content\/uploads\/2022\/09\/Visa-Tran-Van-Tam-fix4.png\"> <span class=\"fas fa-search\"> <\/span> <\/a>\r\n\t\t\t\t\t\t<\/div>\r\n\t\t\t\t\t\t<div class=\"dtportfolio-image-overlay-details\">\r\n\t\t\t\t\t\t\t<h2><a href=\"https:\/\/duhocdaiduong.com\/en\/portfolios\/tran-van-tam-du-lich-canada\/\" title=\"Tr\u1ea7n V\u0103n T\u00e2m &#8211; Du l\u1ecbch Canada\">Tr\u1ea7n V\u0103n T\u00e2m &#8211; Du l\u1ecbch Canada<\/a><\/h2><p class=\"categories\"><a href=\"https:\/\/duhocdaiduong.com\/en\/portfolio-categories\/khach-hang-dat-visa\/\" rel=\"tag\">Kh\u00e1ch h\u00e0ng \u0111\u1ea1t visa<\/a><\/p><\/div><\/div><\/figure><\/div><\/div><div class=\"dtportfolio-framed no-space  dtportfolio-item dtportfolio-column dtportfolio-one-fourth with-sidebar dtportfolio-hover-modern-title\" ><div class=\"dtportfolio-framed-holder\"><figure><img decoding=\"async\" src=\"https:\/\/duhocdaiduong.com\/wp-content\/uploads\/2022\/09\/Nguyenhubinh.png\" alt=\"Nguy\u1ec5n Nh\u01b0 B\u00ecnh &#8211; Du h\u1ecdc Canada\" title=\"Nguy\u1ec5n Nh\u01b0 B\u00ecnh &#8211; Du h\u1ecdc Canada\" \/><div class=\"dtportfolio-image-overlay \"  ><div class=\"links\">\r\n\t\t\t\t\t\t\t<a title=\"Nguy\u1ec5n Nh\u01b0 B\u00ecnh &#8211; Du h\u1ecdc Canada\" href=\"https:\/\/duhocdaiduong.com\/en\/portfolios\/nguyen-nhu-binh-du-hoc-canada\/\"> <span class=\"fas fa-link\"> <\/span> <\/a>\r\n\t\t\t\t\t\t\t<a title=\"Nguy\u1ec5n Nh\u01b0 B\u00ecnh &#8211; Du h\u1ecdc Canada\" data-gal=\"prettyPhoto[gallery]\" href=\"https:\/\/duhocdaiduong.com\/wp-content\/uploads\/2022\/09\/Nguyenhubinh.png\"> <span class=\"fas fa-search\"> <\/span> <\/a>\r\n\t\t\t\t\t\t<\/div>\r\n\t\t\t\t\t\t<div class=\"dtportfolio-image-overlay-details\">\r\n\t\t\t\t\t\t\t<h2><a href=\"https:\/\/duhocdaiduong.com\/en\/portfolios\/nguyen-nhu-binh-du-hoc-canada\/\" title=\"Nguy\u1ec5n Nh\u01b0 B\u00ecnh &#8211; Du h\u1ecdc Canada\">Nguy\u1ec5n Nh\u01b0 B\u00ecnh &#8211; Du h\u1ecdc Canada<\/a><\/h2><p class=\"categories\"><a href=\"https:\/\/duhocdaiduong.com\/en\/portfolio-categories\/khach-hang-dat-visa\/\" rel=\"tag\">Kh\u00e1ch h\u00e0ng \u0111\u1ea1t visa<\/a><\/p><\/div><\/div><\/figure><\/div><\/div><div class=\"dtportfolio-framed no-space  dtportfolio-item dtportfolio-column dtportfolio-one-fourth with-sidebar dtportfolio-hover-modern-title\" ><div class=\"dtportfolio-framed-holder\"><figure><img decoding=\"async\" src=\"https:\/\/duhocdaiduong.com\/wp-content\/uploads\/2023\/03\/PPVISA-DL-CA_PHAM-THI-LEO-fixed.png\" alt=\"Ph\u1ea1m Th\u1ecb L\u1ebdo &#8211; Visa du l\u1ecbch Canada\" title=\"Ph\u1ea1m Th\u1ecb L\u1ebdo &#8211; Visa du l\u1ecbch Canada\" \/><div class=\"dtportfolio-image-overlay \"  ><div class=\"links\">\r\n\t\t\t\t\t\t\t<a title=\"Ph\u1ea1m Th\u1ecb L\u1ebdo &#8211; Visa du l\u1ecbch Canada\" href=\"https:\/\/duhocdaiduong.com\/en\/portfolios\/pham-thi-leo\/\"> <span class=\"fas fa-link\"> <\/span> <\/a>\r\n\t\t\t\t\t\t\t<a title=\"Ph\u1ea1m Th\u1ecb L\u1ebdo &#8211; Visa du l\u1ecbch Canada\" data-gal=\"prettyPhoto[gallery]\" href=\"https:\/\/duhocdaiduong.com\/wp-content\/uploads\/2023\/03\/PPVISA-DL-CA_PHAM-THI-LEO-fixed.png\"> <span class=\"fas fa-search\"> <\/span> <\/a>\r\n\t\t\t\t\t\t<\/div>\r\n\t\t\t\t\t\t<div class=\"dtportfolio-image-overlay-details\">\r\n\t\t\t\t\t\t\t<h2><a href=\"https:\/\/duhocdaiduong.com\/en\/portfolios\/pham-thi-leo\/\" title=\"Ph\u1ea1m Th\u1ecb L\u1ebdo &#8211; Visa du l\u1ecbch Canada\">Ph\u1ea1m Th\u1ecb L\u1ebdo &#8211; Visa du l\u1ecbch Canada<\/a><\/h2><p class=\"categories\"><a href=\"https:\/\/duhocdaiduong.com\/en\/portfolio-categories\/khach-hang-dat-visa\/\" rel=\"tag\">Kh\u00e1ch h\u00e0ng \u0111\u1ea1t visa<\/a><\/p><\/div><\/div><\/figure><\/div><\/div><div class=\"dtportfolio-framed no-space  dtportfolio-item dtportfolio-column dtportfolio-one-fourth with-sidebar dtportfolio-hover-modern-title first\" ><div class=\"dtportfolio-framed-holder\"><figure><img decoding=\"async\" src=\"https:\/\/duhocdaiduong.com\/wp-content\/uploads\/2023\/03\/Visa-Passport-Nguyen-Tuan-Anh-fixed.png\" alt=\"Nguy\u1ec5n Tu\u1ea5n Anh &#8211; Du h\u1ecdc Canada\" title=\"Nguy\u1ec5n Tu\u1ea5n Anh &#8211; Du h\u1ecdc Canada\" \/><div class=\"dtportfolio-image-overlay \"  ><div class=\"links\">\r\n\t\t\t\t\t\t\t<a title=\"Nguy\u1ec5n Tu\u1ea5n Anh &#8211; Du h\u1ecdc Canada\" href=\"https:\/\/duhocdaiduong.com\/en\/portfolios\/nguyen-tuan-anh-du-hoc-canada\/\"> <span class=\"fas fa-link\"> <\/span> <\/a>\r\n\t\t\t\t\t\t\t<a title=\"Nguy\u1ec5n Tu\u1ea5n Anh &#8211; Du h\u1ecdc Canada\" data-gal=\"prettyPhoto[gallery]\" href=\"https:\/\/duhocdaiduong.com\/wp-content\/uploads\/2023\/03\/Visa-Passport-Nguyen-Tuan-Anh-fixed.png\"> <span class=\"fas fa-search\"> <\/span> <\/a>\r\n\t\t\t\t\t\t<\/div>\r\n\t\t\t\t\t\t<div class=\"dtportfolio-image-overlay-details\">\r\n\t\t\t\t\t\t\t<h2><a href=\"https:\/\/duhocdaiduong.com\/en\/portfolios\/nguyen-tuan-anh-du-hoc-canada\/\" title=\"Nguy\u1ec5n Tu\u1ea5n Anh &#8211; Du h\u1ecdc Canada\">Nguy\u1ec5n Tu\u1ea5n Anh &#8211; Du h\u1ecdc Canada<\/a><\/h2><p class=\"categories\"><a href=\"https:\/\/duhocdaiduong.com\/en\/portfolio-categories\/khach-hang-dat-visa\/\" rel=\"tag\">Kh\u00e1ch h\u00e0ng \u0111\u1ea1t visa<\/a><\/p><\/div><\/div><\/figure><\/div><\/div><div class=\"dtportfolio-framed no-space  dtportfolio-item dtportfolio-column dtportfolio-one-fourth with-sidebar dtportfolio-hover-modern-title\" ><div class=\"dtportfolio-framed-holder\"><figure><img decoding=\"async\" src=\"https:\/\/duhocdaiduong.com\/wp-content\/uploads\/2023\/03\/VISA-DL-MY_TON-NU-PHUONG-DUNG-fixed.jpg\" alt=\"T\u00d4N N\u1eee PH\u01af\u01a0NG DUNG &#8211; DU L\u1ecaCH M\u1ef8\" title=\"T\u00d4N N\u1eee PH\u01af\u01a0NG DUNG &#8211; DU L\u1ecaCH M\u1ef8\" \/><div class=\"dtportfolio-image-overlay \"  ><div class=\"links\">\r\n\t\t\t\t\t\t\t<a title=\"T\u00d4N N\u1eee PH\u01af\u01a0NG DUNG &#8211; DU L\u1ecaCH M\u1ef8\" href=\"https:\/\/duhocdaiduong.com\/en\/portfolios\/ton-nu-phuong-dung-du-lich-my\/\"> <span class=\"fas fa-link\"> <\/span> <\/a>\r\n\t\t\t\t\t\t\t<a title=\"T\u00d4N N\u1eee PH\u01af\u01a0NG DUNG &#8211; DU L\u1ecaCH M\u1ef8\" data-gal=\"prettyPhoto[gallery]\" href=\"https:\/\/duhocdaiduong.com\/wp-content\/uploads\/2023\/03\/VISA-DL-MY_TON-NU-PHUONG-DUNG-fixed.jpg\"> <span class=\"fas fa-search\"> <\/span> <\/a>\r\n\t\t\t\t\t\t<\/div>\r\n\t\t\t\t\t\t<div class=\"dtportfolio-image-overlay-details\">\r\n\t\t\t\t\t\t\t<h2><a href=\"https:\/\/duhocdaiduong.com\/en\/portfolios\/ton-nu-phuong-dung-du-lich-my\/\" title=\"T\u00d4N N\u1eee PH\u01af\u01a0NG DUNG &#8211; DU L\u1ecaCH M\u1ef8\">T\u00d4N N\u1eee PH\u01af\u01a0NG DUNG &#8211; DU L\u1ecaCH M\u1ef8<\/a><\/h2><p class=\"categories\"><a href=\"https:\/\/duhocdaiduong.com\/en\/portfolio-categories\/khach-hang-dat-visa\/\" rel=\"tag\">Kh\u00e1ch h\u00e0ng \u0111\u1ea1t visa<\/a><\/p><\/div><\/div><\/figure><\/div><\/div><div class=\"dtportfolio-framed no-space  dtportfolio-item dtportfolio-column dtportfolio-one-fourth with-sidebar dtportfolio-hover-modern-title\" ><div class=\"dtportfolio-framed-holder\"><figure><img decoding=\"async\" src=\"https:\/\/duhocdaiduong.com\/wp-content\/uploads\/2023\/04\/pp-and-visa-hoa-full.png\" alt=\"Kh\u00e1ch h\u00e0ng Tr\u1ea7n Qu\u1ed1c H\u00f2a &#8211; \u0110\u1ea1t VISA du h\u1ecdc CANADA\" title=\"Kh\u00e1ch h\u00e0ng Tr\u1ea7n Qu\u1ed1c H\u00f2a &#8211; \u0110\u1ea1t VISA du h\u1ecdc CANADA\" \/><div class=\"dtportfolio-image-overlay \"  ><div class=\"links\">\r\n\t\t\t\t\t\t\t<a title=\"Kh\u00e1ch h\u00e0ng Tr\u1ea7n Qu\u1ed1c H\u00f2a &#8211; \u0110\u1ea1t VISA du h\u1ecdc CANADA\" href=\"https:\/\/duhocdaiduong.com\/en\/portfolios\/khach-hang-tran-quoc-hoa-dat-visa-du-hoc-canada\/\"> <span class=\"fas fa-link\"> <\/span> <\/a>\r\n\t\t\t\t\t\t\t<a title=\"Kh\u00e1ch h\u00e0ng Tr\u1ea7n Qu\u1ed1c H\u00f2a &#8211; \u0110\u1ea1t VISA du h\u1ecdc CANADA\" data-gal=\"prettyPhoto[gallery]\" href=\"https:\/\/duhocdaiduong.com\/wp-content\/uploads\/2023\/04\/pp-and-visa-hoa-full.png\"> <span class=\"fas fa-search\"> <\/span> <\/a>\r\n\t\t\t\t\t\t<\/div>\r\n\t\t\t\t\t\t<div class=\"dtportfolio-image-overlay-details\">\r\n\t\t\t\t\t\t\t<h2><a href=\"https:\/\/duhocdaiduong.com\/en\/portfolios\/khach-hang-tran-quoc-hoa-dat-visa-du-hoc-canada\/\" title=\"Kh\u00e1ch h\u00e0ng Tr\u1ea7n Qu\u1ed1c H\u00f2a &#8211; \u0110\u1ea1t VISA du h\u1ecdc CANADA\">Kh\u00e1ch h\u00e0ng Tr\u1ea7n Qu\u1ed1c H\u00f2a &#8211; \u0110\u1ea1t VISA du h\u1ecdc CANADA<\/a><\/h2><p class=\"categories\"><a href=\"https:\/\/duhocdaiduong.com\/en\/portfolio-categories\/khach-hang-dat-visa\/\" rel=\"tag\">Kh\u00e1ch h\u00e0ng \u0111\u1ea1t visa<\/a><\/p><\/div><\/div><\/figure><\/div><\/div><div class=\"dtportfolio-framed no-space  dtportfolio-item dtportfolio-column dtportfolio-one-fourth with-sidebar dtportfolio-hover-modern-title\" ><div class=\"dtportfolio-framed-holder\"><figure><img decoding=\"async\" src=\"https:\/\/duhocdaiduong.com\/wp-content\/uploads\/2023\/04\/pp-and-visa-hoang-hoa.png\" alt=\"Kh\u00e1ch h\u00e0ng Tr\u1ea7n Th\u1ecb Ho\u00e0ng Hoa &#8211; \u0110\u1ea1t VISA du h\u1ecdc Canada\" title=\"Kh\u00e1ch h\u00e0ng Tr\u1ea7n Th\u1ecb Ho\u00e0ng Hoa &#8211; \u0110\u1ea1t VISA du h\u1ecdc Canada\" \/><div class=\"dtportfolio-image-overlay \"  ><div class=\"links\">\r\n\t\t\t\t\t\t\t<a title=\"Kh\u00e1ch h\u00e0ng Tr\u1ea7n Th\u1ecb Ho\u00e0ng Hoa &#8211; \u0110\u1ea1t VISA du h\u1ecdc Canada\" href=\"https:\/\/duhocdaiduong.com\/en\/portfolios\/khach-hang-tran-thi-hoang-hoa-dat-visa-du-hoc-canada\/\"> <span class=\"fas fa-link\"> <\/span> <\/a>\r\n\t\t\t\t\t\t\t<a title=\"Kh\u00e1ch h\u00e0ng Tr\u1ea7n Th\u1ecb Ho\u00e0ng Hoa &#8211; \u0110\u1ea1t VISA du h\u1ecdc Canada\" data-gal=\"prettyPhoto[gallery]\" href=\"https:\/\/duhocdaiduong.com\/wp-content\/uploads\/2023\/04\/pp-and-visa-hoang-hoa.png\"> <span class=\"fas fa-search\"> <\/span> <\/a>\r\n\t\t\t\t\t\t<\/div>\r\n\t\t\t\t\t\t<div class=\"dtportfolio-image-overlay-details\">\r\n\t\t\t\t\t\t\t<h2><a href=\"https:\/\/duhocdaiduong.com\/en\/portfolios\/khach-hang-tran-thi-hoang-hoa-dat-visa-du-hoc-canada\/\" title=\"Kh\u00e1ch h\u00e0ng Tr\u1ea7n Th\u1ecb Ho\u00e0ng Hoa &#8211; \u0110\u1ea1t VISA du h\u1ecdc Canada\">Kh\u00e1ch h\u00e0ng Tr\u1ea7n Th\u1ecb Ho\u00e0ng Hoa &#8211; \u0110\u1ea1t VISA du h\u1ecdc Canada<\/a><\/h2><p class=\"categories\"><a href=\"https:\/\/duhocdaiduong.com\/en\/portfolio-categories\/khach-hang-dat-visa\/\" rel=\"tag\">Kh\u00e1ch h\u00e0ng \u0111\u1ea1t visa<\/a><\/p><\/div><\/div><\/figure><\/div><\/div><\/div><\/div><a href=\"javascript:void(0)\" class=\"dtportfolio-infinite-portfolio-load-more load-more aligncenter\" data-complete-data={&quot;portfolio-post-per-page&quot;:&quot;16&quot;,&quot;portfolio-post-style&quot;:&quot;dtportfolio-framed&quot;,&quot;portfolio-fullpage-splittedsections&quot;:&quot;leftside-image&quot;,&quot;portfolio-post-layout&quot;:&quot;dtportfolio-one-fourth-column&quot;,&quot;portfolio-categories&quot;:&quot;272&quot;,&quot;portfolio-pagination-type&quot;:&quot;load-more&quot;,&quot;enable-fullwidth&quot;:&quot;true&quot;,&quot;paged&quot;:&quot;1&quot;,&quot;portfolio-hover-style&quot;:&quot;modern-title&quot;,&quot;hover-gradient-direction&quot;:&quot;lefttoright&quot;,&quot;portfolio-carousel-slidesperview&quot;:1}><span>Load More<\/span><\/a><\/div><\/div><\/div><\/div>\n","protected":false},"excerpt":{"rendered":"","protected":false},"author":2,"featured_media":0,"parent":0,"menu_order":0,"comment_status":"closed","ping_status":"closed","template":"","meta":{"footnotes":""},"class_list":["post-18474","page","type-page","status-publish","hentry"],"aioseo_notices":[],"_links":{"self":[{"href":"https:\/\/duhocdaiduong.com\/en\/wp-json\/wp\/v2\/pages\/18474","targetHints":{"allow":["GET"]}}],"collection":[{"href":"https:\/\/duhocdaiduong.com\/en\/wp-json\/wp\/v2\/pages"}],"about":[{"href":"https:\/\/duhocdaiduong.com\/en\/wp-json\/wp\/v2\/types\/page"}],"author":[{"embeddable":true,"href":"https:\/\/duhocdaiduong.com\/en\/wp-json\/wp\/v2\/users\/2"}],"replies":[{"embeddable":true,"href":"https:\/\/duhocdaiduong.com\/en\/wp-json\/wp\/v2\/comments?post=18474"}],"version-history":[{"count":4,"href":"https:\/\/duhocdaiduong.com\/en\/wp-json\/wp\/v2\/pages\/18474\/revisions"}],"predecessor-version":[{"id":25580,"href":"https:\/\/duhocdaiduong.com\/en\/wp-json\/wp\/v2\/pages\/18474\/revisions\/25580"}],"wp:attachment":[{"href":"https:\/\/duhocdaiduong.com\/en\/wp-json\/wp\/v2\/media?parent=18474"}],"curies":[{"name":"wp","href":"https:\/\/api.w.org\/{rel}","templated":true}]}}