{"id":12043,"date":"2019-01-09T13:20:33","date_gmt":"2019-01-09T13:20:33","guid":{"rendered":"https:\/\/owly.dttheme.com\/?page_id=12043"},"modified":"2024-06-04T07:49:10","modified_gmt":"2024-06-04T07:49:10","slug":"tin-tuc","status":"publish","type":"page","link":"https:\/\/duhocdaiduong.com\/en\/tin-tuc\/","title":{"rendered":"News"},"content":{"rendered":"<div  data-delay=\"0\" class=\"vc_row wpb_row vc_row-fluid\"><div class=\"wpb_column vc_column_container vc_col-sm-12\" data-delay=\"0\"><div class=\"vc_column-inner\"><div class=\"wpb_wrapper\"><div class=\"dt-sc-posts-list-wrapper\" data-delay=\"0\"><div class='tpl-blog-holder apply-isotope'><div class='grid-sizer column dt-sc-one-third dt-sc-post-entry entry-grid-layout dt-sc-boxed-style  dt-sc-default-hover dt-sc-default-overlay alignnone'><\/div><div class=\"column dt-sc-one-third dt-sc-post-entry entry-grid-layout dt-sc-boxed-style  dt-sc-default-hover dt-sc-default-overlay alignnone first\"><article id=\"post-29251\" class=\"blog-entry format-standard post-29251 post type-post status-publish has-post-thumbnail hentry category-cam-nang-du-hoc category-hoc-bong-canada category-dinh-cu category-hoc-bong category-tin-du-hoc\">\t\t\t<!-- Featured Image -->\r\n\t\t\t<div class=\"entry-thumb\">\r\n\t\t\t\t\t\t<a href=\"https:\/\/duhocdaiduong.com\/en\/lo-trinh-dinh-cu-rcip-fcip-tai-sudbury-ontario-cho-sinh-vien\/\" title=\"Permalink to L\u1ed9 tr\u00ecnh \u0111\u1ecbnh c\u01b0 RCIP\/FCIP t\u1ea1i Sudbury Ontario cho sinh vi\u00ean\">\r\n\t\t\t<img loading=\"lazy\" decoding=\"async\" width=\"570\" height=\"380\" src=\"https:\/\/duhocdaiduong.com\/wp-content\/uploads\/2026\/04\/Chuong-trinh-dinh-cu-RCIP-FCIP-tai-Ontario-thu-hut-sinh-vien-quoc-te-Canada-anh-bia-du-hoc-dai-duong-570x380.jpg\" class=\"attachment-elearni-blog-iii-column size-elearni-blog-iii-column wp-post-image\" alt=\"anh-bia-Chuong-trinh-dinh-cu-RCIP-FCIP-tai-Ontario-thu-hut-sinh-vien-quoc-te-du-hoc-dai-duong\" srcset=\"https:\/\/duhocdaiduong.com\/wp-content\/uploads\/2026\/04\/Chuong-trinh-dinh-cu-RCIP-FCIP-tai-Ontario-thu-hut-sinh-vien-quoc-te-Canada-anh-bia-du-hoc-dai-duong-570x380.jpg 570w, https:\/\/duhocdaiduong.com\/wp-content\/uploads\/2026\/04\/Chuong-trinh-dinh-cu-RCIP-FCIP-tai-Ontario-thu-hut-sinh-vien-quoc-te-Canada-anh-bia-du-hoc-dai-duong-750x500.jpg 750w, https:\/\/duhocdaiduong.com\/wp-content\/uploads\/2026\/04\/Chuong-trinh-dinh-cu-RCIP-FCIP-tai-Ontario-thu-hut-sinh-vien-quoc-te-Canada-anh-bia-du-hoc-dai-duong-600x400.jpg 600w\" sizes=\"auto, (max-width: 570px) 100vw, 570px\" \/>\t\t<\/a>\r\n                \t\t\t<\/div><!-- Featured Image -->\r\n        <!-- Entry Date -->\r\n        <div class=\"entry-date\">\r\n        \t\r\n        <i class=\"far fa-clock\"> <\/i>\r\n        24 April, 2026        <\/div><!-- Entry Date -->\r\n        <!-- Entry Title -->\r\n        <div class=\"entry-title\">\r\n        \t\r\n\t<h4>\r\n\t        \t<a href=\"https:\/\/duhocdaiduong.com\/en\/lo-trinh-dinh-cu-rcip-fcip-tai-sudbury-ontario-cho-sinh-vien\/\" title=\"Permalink to L\u1ed9 tr\u00ecnh \u0111\u1ecbnh c\u01b0 RCIP\/FCIP t\u1ea1i Sudbury Ontario cho sinh vi\u00ean\">L\u1ed9 tr\u00ecnh \u0111\u1ecbnh c\u01b0 RCIP\/FCIP t\u1ea1i Sudbury Ontario cho sinh vi\u00ean<\/a>\r\n\t<\/h4>        <\/div><!-- Entry Title --><\/article><\/div><div class=\"column dt-sc-one-third dt-sc-post-entry entry-grid-layout dt-sc-boxed-style  dt-sc-default-hover dt-sc-default-overlay alignnone\"><article id=\"post-29237\" class=\"blog-entry format-standard post-29237 post type-post status-publish has-post-thumbnail hentry category-tin-du-hoc\">\t\t\t<!-- Featured Image -->\r\n\t\t\t<div class=\"entry-thumb\">\r\n\t\t\t\t\t\t<a href=\"https:\/\/duhocdaiduong.com\/en\/co-hoi-viec-lam-cho-sinh-vien-du-hoc-canada-sau-tot-nghiep\/\" title=\"Permalink to C\u01a1 h\u1ed9i vi\u1ec7c l\u00e0m cho sinh vi\u00ean du h\u1ecdc Canada sau t\u1ed1t nghi\u1ec7p\">\r\n\t\t\t<img loading=\"lazy\" decoding=\"async\" width=\"570\" height=\"380\" src=\"https:\/\/duhocdaiduong.com\/wp-content\/uploads\/2026\/04\/Co-hoi-viec-lam-cho-sinh-vien-du-hoc-Canada-sau-tot-nghiep-anh-bia-du-hoc-dai-duong-570x380.jpg\" class=\"attachment-elearni-blog-iii-column size-elearni-blog-iii-column wp-post-image\" alt=\"\u1ea3nh b\u00eca b\u00e0i vi\u1ebft C\u01a1 h\u1ed9i vi\u1ec7c l\u00e0m cho sinh vi\u00ean du h\u1ecdc Canada sau t\u1ed1t nghi\u1ec7p\" srcset=\"https:\/\/duhocdaiduong.com\/wp-content\/uploads\/2026\/04\/Co-hoi-viec-lam-cho-sinh-vien-du-hoc-Canada-sau-tot-nghiep-anh-bia-du-hoc-dai-duong-570x380.jpg 570w, https:\/\/duhocdaiduong.com\/wp-content\/uploads\/2026\/04\/Co-hoi-viec-lam-cho-sinh-vien-du-hoc-Canada-sau-tot-nghiep-anh-bia-du-hoc-dai-duong-750x500.jpg 750w, https:\/\/duhocdaiduong.com\/wp-content\/uploads\/2026\/04\/Co-hoi-viec-lam-cho-sinh-vien-du-hoc-Canada-sau-tot-nghiep-anh-bia-du-hoc-dai-duong-600x400.jpg 600w\" sizes=\"auto, (max-width: 570px) 100vw, 570px\" \/>\t\t<\/a>\r\n                \t\t\t<\/div><!-- Featured Image -->\r\n        <!-- Entry Date -->\r\n        <div class=\"entry-date\">\r\n        \t\r\n        <i class=\"far fa-clock\"> <\/i>\r\n        9 April, 2026        <\/div><!-- Entry Date -->\r\n        <!-- Entry Title -->\r\n        <div class=\"entry-title\">\r\n        \t\r\n\t<h4>\r\n\t        \t<a href=\"https:\/\/duhocdaiduong.com\/en\/co-hoi-viec-lam-cho-sinh-vien-du-hoc-canada-sau-tot-nghiep\/\" title=\"Permalink to C\u01a1 h\u1ed9i vi\u1ec7c l\u00e0m cho sinh vi\u00ean du h\u1ecdc Canada sau t\u1ed1t nghi\u1ec7p\">C\u01a1 h\u1ed9i vi\u1ec7c l\u00e0m cho sinh vi\u00ean du h\u1ecdc Canada sau t\u1ed1t nghi\u1ec7p<\/a>\r\n\t<\/h4>        <\/div><!-- Entry Title --><\/article><\/div><div class=\"column dt-sc-one-third dt-sc-post-entry entry-grid-layout dt-sc-boxed-style  dt-sc-default-hover dt-sc-default-overlay alignnone\"><article id=\"post-29215\" class=\"blog-entry format-standard post-29215 post type-post status-publish has-post-thumbnail hentry category-du-hoc category-du-hoc-canada-du-hoc category-ontario\">\t\t\t<!-- Featured Image -->\r\n\t\t\t<div class=\"entry-thumb\">\r\n\t\t\t\t\t\t<a href=\"https:\/\/duhocdaiduong.com\/en\/hoc-gi-de-xin-viec-tai-canada-2026\/\" title=\"Permalink to H\u1ecdc G\u00ec D\u1ec5 Xin Vi\u1ec7c T\u1ea1i Canada? Top Ng\u00e0nh D\u1ec5 C\u00f3 Vi\u1ec7c L\u00e0m 2026\">\r\n\t\t\t<img loading=\"lazy\" decoding=\"async\" width=\"570\" height=\"380\" src=\"https:\/\/duhocdaiduong.com\/wp-content\/uploads\/2026\/04\/4-570x380.png\" class=\"attachment-elearni-blog-iii-column size-elearni-blog-iii-column wp-post-image\" alt=\"\" srcset=\"https:\/\/duhocdaiduong.com\/wp-content\/uploads\/2026\/04\/4-570x380.png 570w, https:\/\/duhocdaiduong.com\/wp-content\/uploads\/2026\/04\/4-750x500.png 750w, https:\/\/duhocdaiduong.com\/wp-content\/uploads\/2026\/04\/4-600x400.png 600w\" sizes=\"auto, (max-width: 570px) 100vw, 570px\" \/>\t\t<\/a>\r\n                \t\t\t<\/div><!-- Featured Image -->\r\n        <!-- Entry Date -->\r\n        <div class=\"entry-date\">\r\n        \t\r\n        <i class=\"far fa-clock\"> <\/i>\r\n        3 April, 2026        <\/div><!-- Entry Date -->\r\n        <!-- Entry Title -->\r\n        <div class=\"entry-title\">\r\n        \t\r\n\t<h4>\r\n\t        \t<a href=\"https:\/\/duhocdaiduong.com\/en\/hoc-gi-de-xin-viec-tai-canada-2026\/\" title=\"Permalink to H\u1ecdc G\u00ec D\u1ec5 Xin Vi\u1ec7c T\u1ea1i Canada? Top Ng\u00e0nh D\u1ec5 C\u00f3 Vi\u1ec7c L\u00e0m 2026\">H\u1ecdc G\u00ec D\u1ec5 Xin Vi\u1ec7c T\u1ea1i Canada? Top Ng\u00e0nh D\u1ec5 C\u00f3 Vi\u1ec7c L\u00e0m 2026<\/a>\r\n\t<\/h4>        <\/div><!-- Entry Title --><\/article><\/div><div class=\"column dt-sc-one-third dt-sc-post-entry entry-grid-layout dt-sc-boxed-style  dt-sc-default-hover dt-sc-default-overlay alignnone first\"><article id=\"post-29210\" class=\"blog-entry format-standard post-29210 post type-post status-publish has-post-thumbnail hentry category-alberta category-du-hoc-canada-du-hoc\">\t\t\t<!-- Featured Image -->\r\n\t\t\t<div class=\"entry-thumb\">\r\n\t\t\t\t\t\t<a href=\"https:\/\/duhocdaiduong.com\/en\/ilac-red-deer-polytechnic-alberta-canada-2026\/\" title=\"Permalink to ILAC @ Red Deer Polytechnic: L\u1ed9 tr\u00ecnh ti\u1ebfng Anh h\u1ecdc thu\u1eadt v\u00e0 chuy\u1ec3n ti\u1ebfp college t\u1ea1i Alberta t\u1eeb 09\/2026\">\r\n\t\t\t<img loading=\"lazy\" decoding=\"async\" width=\"570\" height=\"380\" src=\"https:\/\/duhocdaiduong.com\/wp-content\/uploads\/2026\/04\/SEo-570x380.png\" class=\"attachment-elearni-blog-iii-column size-elearni-blog-iii-column wp-post-image\" alt=\"\" srcset=\"https:\/\/duhocdaiduong.com\/wp-content\/uploads\/2026\/04\/SEo-570x380.png 570w, https:\/\/duhocdaiduong.com\/wp-content\/uploads\/2026\/04\/SEo-750x500.png 750w, https:\/\/duhocdaiduong.com\/wp-content\/uploads\/2026\/04\/SEo-600x400.png 600w\" sizes=\"auto, (max-width: 570px) 100vw, 570px\" \/>\t\t<\/a>\r\n                \t\t\t<\/div><!-- Featured Image -->\r\n        <!-- Entry Date -->\r\n        <div class=\"entry-date\">\r\n        \t\r\n        <i class=\"far fa-clock\"> <\/i>\r\n        2 April, 2026        <\/div><!-- Entry Date -->\r\n        <!-- Entry Title -->\r\n        <div class=\"entry-title\">\r\n        \t\r\n\t<h4>\r\n\t        \t<a href=\"https:\/\/duhocdaiduong.com\/en\/ilac-red-deer-polytechnic-alberta-canada-2026\/\" title=\"Permalink to ILAC @ Red Deer Polytechnic: L\u1ed9 tr\u00ecnh ti\u1ebfng Anh h\u1ecdc thu\u1eadt v\u00e0 chuy\u1ec3n ti\u1ebfp college t\u1ea1i Alberta t\u1eeb 09\/2026\">ILAC @ Red Deer Polytechnic: L\u1ed9 tr\u00ecnh ti\u1ebfng Anh h\u1ecdc thu\u1eadt v\u00e0 chuy\u1ec3n ti\u1ebfp college t\u1ea1i Alberta t\u1eeb 09\/2026<\/a>\r\n\t<\/h4>        <\/div><!-- Entry Title --><\/article><\/div><div class=\"column dt-sc-one-third dt-sc-post-entry entry-grid-layout dt-sc-boxed-style  dt-sc-default-hover dt-sc-default-overlay alignnone\"><article id=\"post-29200\" class=\"blog-entry format-standard post-29200 post type-post status-publish has-post-thumbnail hentry category-du-hoc category-du-hoc-canada-du-hoc category-tin-du-hoc\">\t\t\t<!-- Featured Image -->\r\n\t\t\t<div class=\"entry-thumb\">\r\n\t\t\t\t\t\t<a href=\"https:\/\/duhocdaiduong.com\/en\/thpt-canada-hoc-vien-quoc-te-taie-international-institute\/\" title=\"Permalink to THPT Canada &#8211; H\u1ecdc vi\u1ec7n Qu\u1ed1c t\u1ebf TAIE International Institute\">\r\n\t\t\t<img loading=\"lazy\" decoding=\"async\" width=\"570\" height=\"380\" src=\"https:\/\/duhocdaiduong.com\/wp-content\/uploads\/2026\/03\/TAIE-Canada-anh-bia-duhocdaiduong-570x380.jpg\" class=\"attachment-elearni-blog-iii-column size-elearni-blog-iii-column wp-post-image\" alt=\"H\u1ecdc vi\u1ec7n Qu\u1ed1c t\u1ebf TAIE (TAIE International Institute) .\" srcset=\"https:\/\/duhocdaiduong.com\/wp-content\/uploads\/2026\/03\/TAIE-Canada-anh-bia-duhocdaiduong-570x380.jpg 570w, https:\/\/duhocdaiduong.com\/wp-content\/uploads\/2026\/03\/TAIE-Canada-anh-bia-duhocdaiduong-750x500.jpg 750w, https:\/\/duhocdaiduong.com\/wp-content\/uploads\/2026\/03\/TAIE-Canada-anh-bia-duhocdaiduong-600x400.jpg 600w\" sizes=\"auto, (max-width: 570px) 100vw, 570px\" \/>\t\t<\/a>\r\n                \t\t\t<\/div><!-- Featured Image -->\r\n        <!-- Entry Date -->\r\n        <div class=\"entry-date\">\r\n        \t\r\n        <i class=\"far fa-clock\"> <\/i>\r\n        27 March, 2026        <\/div><!-- Entry Date -->\r\n        <!-- Entry Title -->\r\n        <div class=\"entry-title\">\r\n        \t\r\n\t<h4>\r\n\t        \t<a href=\"https:\/\/duhocdaiduong.com\/en\/thpt-canada-hoc-vien-quoc-te-taie-international-institute\/\" title=\"Permalink to THPT Canada &#8211; H\u1ecdc vi\u1ec7n Qu\u1ed1c t\u1ebf TAIE International Institute\">THPT Canada &#8211; H\u1ecdc vi\u1ec7n Qu\u1ed1c t\u1ebf TAIE International Institute<\/a>\r\n\t<\/h4>        <\/div><!-- Entry Title --><\/article><\/div><div class=\"column dt-sc-one-third dt-sc-post-entry entry-grid-layout dt-sc-boxed-style  dt-sc-default-hover dt-sc-default-overlay alignnone\"><article id=\"post-29193\" class=\"blog-entry format-standard post-29193 post type-post status-publish has-post-thumbnail hentry category-du-hoc category-du-hoc-canada-du-hoc category-ontario\">\t\t\t<!-- Featured Image -->\r\n\t\t\t<div class=\"entry-thumb\">\r\n\t\t\t\t\t\t<a href=\"https:\/\/duhocdaiduong.com\/en\/hoc-bong-algoma-university-canada\/\" title=\"Permalink to H\u1ecdc b\u1ed5ng Algoma University Canada 2026 m\u1edbi nh\u1ea5t\">\r\n\t\t\t<img loading=\"lazy\" decoding=\"async\" width=\"570\" height=\"380\" src=\"https:\/\/duhocdaiduong.com\/wp-content\/uploads\/2026\/03\/Anh-SEO-Algoma-University-2-570x380.png\" class=\"attachment-elearni-blog-iii-column size-elearni-blog-iii-column wp-post-image\" alt=\"\" srcset=\"https:\/\/duhocdaiduong.com\/wp-content\/uploads\/2026\/03\/Anh-SEO-Algoma-University-2-570x380.png 570w, https:\/\/duhocdaiduong.com\/wp-content\/uploads\/2026\/03\/Anh-SEO-Algoma-University-2-750x500.png 750w, https:\/\/duhocdaiduong.com\/wp-content\/uploads\/2026\/03\/Anh-SEO-Algoma-University-2-600x400.png 600w\" sizes=\"auto, (max-width: 570px) 100vw, 570px\" \/>\t\t<\/a>\r\n                \t\t\t<\/div><!-- Featured Image -->\r\n        <!-- Entry Date -->\r\n        <div class=\"entry-date\">\r\n        \t\r\n        <i class=\"far fa-clock\"> <\/i>\r\n        26 March, 2026        <\/div><!-- Entry Date -->\r\n        <!-- Entry Title -->\r\n        <div class=\"entry-title\">\r\n        \t\r\n\t<h4>\r\n\t        \t<a href=\"https:\/\/duhocdaiduong.com\/en\/hoc-bong-algoma-university-canada\/\" title=\"Permalink to H\u1ecdc b\u1ed5ng Algoma University Canada 2026 m\u1edbi nh\u1ea5t\">H\u1ecdc b\u1ed5ng Algoma University Canada 2026 m\u1edbi nh\u1ea5t<\/a>\r\n\t<\/h4>        <\/div><!-- Entry Title --><\/article><\/div><div class=\"column dt-sc-one-third dt-sc-post-entry entry-grid-layout dt-sc-boxed-style  dt-sc-default-hover dt-sc-default-overlay alignnone first\"><article id=\"post-29187\" class=\"blog-entry format-standard post-29187 post type-post status-publish has-post-thumbnail hentry category-uncategorized-vi\">\t\t\t<!-- Featured Image -->\r\n\t\t\t<div class=\"entry-thumb\">\r\n\t\t\t\t\t\t<a href=\"https:\/\/duhocdaiduong.com\/en\/kham-pha-co-hoi-tuong-lai-tai-fanshawe-college\/\" title=\"Permalink to Kh\u00e1m Ph\u00e1 C\u01a1 H\u1ed9i T\u01b0\u01a1ng Lai T\u1ea1i Fanshawe College\">\r\n\t\t\t<img loading=\"lazy\" decoding=\"async\" width=\"570\" height=\"380\" src=\"https:\/\/duhocdaiduong.com\/wp-content\/uploads\/2026\/03\/Kham-Pha-Co-Hoi-Tuong-lai-1-570x380.png\" class=\"attachment-elearni-blog-iii-column size-elearni-blog-iii-column wp-post-image\" alt=\"\" srcset=\"https:\/\/duhocdaiduong.com\/wp-content\/uploads\/2026\/03\/Kham-Pha-Co-Hoi-Tuong-lai-1-570x380.png 570w, https:\/\/duhocdaiduong.com\/wp-content\/uploads\/2026\/03\/Kham-Pha-Co-Hoi-Tuong-lai-1-18x12.png 18w, https:\/\/duhocdaiduong.com\/wp-content\/uploads\/2026\/03\/Kham-Pha-Co-Hoi-Tuong-lai-1-750x500.png 750w, https:\/\/duhocdaiduong.com\/wp-content\/uploads\/2026\/03\/Kham-Pha-Co-Hoi-Tuong-lai-1-600x400.png 600w\" sizes=\"auto, (max-width: 570px) 100vw, 570px\" \/>\t\t<\/a>\r\n                \t\t\t<\/div><!-- Featured Image -->\r\n        <!-- Entry Date -->\r\n        <div class=\"entry-date\">\r\n        \t\r\n        <i class=\"far fa-clock\"> <\/i>\r\n        26 March, 2026        <\/div><!-- Entry Date -->\r\n        <!-- Entry Title -->\r\n        <div class=\"entry-title\">\r\n        \t\r\n\t<h4>\r\n\t        \t<a href=\"https:\/\/duhocdaiduong.com\/en\/kham-pha-co-hoi-tuong-lai-tai-fanshawe-college\/\" title=\"Permalink to Kh\u00e1m Ph\u00e1 C\u01a1 H\u1ed9i T\u01b0\u01a1ng Lai T\u1ea1i Fanshawe College\">Kh\u00e1m Ph\u00e1 C\u01a1 H\u1ed9i T\u01b0\u01a1ng Lai T\u1ea1i Fanshawe College<\/a>\r\n\t<\/h4>        <\/div><!-- Entry Title --><\/article><\/div><div class=\"column dt-sc-one-third dt-sc-post-entry entry-grid-layout dt-sc-boxed-style  dt-sc-default-hover dt-sc-default-overlay alignnone\"><article id=\"post-29181\" class=\"blog-entry format-standard post-29181 post type-post status-publish has-post-thumbnail hentry category-cam-nang-du-hoc category-hoc-bong-canada category-du-hoc category-du-hoc-canada-du-hoc category-hoc-bong category-ontario\">\t\t\t<!-- Featured Image -->\r\n\t\t\t<div class=\"entry-thumb\">\r\n\t\t\t\t\t\t<a href=\"https:\/\/duhocdaiduong.com\/en\/hoc-bong-niagara-college-canada-2025-2026-cho-sinh-vien-quoc-te-dieu-kien-va-muc-ho-tro-moi-nhat\/\" title=\"Permalink to H\u1ecdc b\u1ed5ng Niagara College Canada 2025\u20132026 cho sinh vi\u00ean qu\u1ed1c t\u1ebf: \u0110i\u1ec1u ki\u1ec7n v\u00e0 m\u1ee9c h\u1ed7 tr\u1ee3 m\u1edbi nh\u1ea5t\">\r\n\t\t\t<img loading=\"lazy\" decoding=\"async\" width=\"570\" height=\"380\" src=\"https:\/\/duhocdaiduong.com\/wp-content\/uploads\/2026\/03\/2025-2026-570x380.png\" class=\"attachment-elearni-blog-iii-column size-elearni-blog-iii-column wp-post-image\" alt=\"\" srcset=\"https:\/\/duhocdaiduong.com\/wp-content\/uploads\/2026\/03\/2025-2026-570x380.png 570w, https:\/\/duhocdaiduong.com\/wp-content\/uploads\/2026\/03\/2025-2026-750x500.png 750w, https:\/\/duhocdaiduong.com\/wp-content\/uploads\/2026\/03\/2025-2026-600x400.png 600w\" sizes=\"auto, (max-width: 570px) 100vw, 570px\" \/>\t\t<\/a>\r\n                \t\t\t<\/div><!-- Featured Image -->\r\n        <!-- Entry Date -->\r\n        <div class=\"entry-date\">\r\n        \t\r\n        <i class=\"far fa-clock\"> <\/i>\r\n        26 March, 2026        <\/div><!-- Entry Date -->\r\n        <!-- Entry Title -->\r\n        <div class=\"entry-title\">\r\n        \t\r\n\t<h4>\r\n\t        \t<a href=\"https:\/\/duhocdaiduong.com\/en\/hoc-bong-niagara-college-canada-2025-2026-cho-sinh-vien-quoc-te-dieu-kien-va-muc-ho-tro-moi-nhat\/\" title=\"Permalink to H\u1ecdc b\u1ed5ng Niagara College Canada 2025\u20132026 cho sinh vi\u00ean qu\u1ed1c t\u1ebf: \u0110i\u1ec1u ki\u1ec7n v\u00e0 m\u1ee9c h\u1ed7 tr\u1ee3 m\u1edbi nh\u1ea5t\">H\u1ecdc b\u1ed5ng Niagara College Canada 2025\u20132026 cho sinh vi\u00ean qu\u1ed1c t\u1ebf: \u0110i\u1ec1u ki\u1ec7n v\u00e0 m\u1ee9c h\u1ed7 tr\u1ee3 m\u1edbi nh\u1ea5t<\/a>\r\n\t<\/h4>        <\/div><!-- Entry Title --><\/article><\/div><div class=\"column dt-sc-one-third dt-sc-post-entry entry-grid-layout dt-sc-boxed-style  dt-sc-default-hover dt-sc-default-overlay alignnone\"><article id=\"post-29177\" class=\"blog-entry format-standard post-29177 post type-post status-publish has-post-thumbnail hentry category-du-hoc category-du-hoc-canada-du-hoc category-dinh-cu category-tin-du-hoc\">\t\t\t<!-- Featured Image -->\r\n\t\t\t<div class=\"entry-thumb\">\r\n\t\t\t\t\t\t<a href=\"https:\/\/duhocdaiduong.com\/en\/kinh-te-canada-dang-tang-toc-manh-trong-nam-2026\/\" title=\"Permalink to Kinh t\u1ebf Canada \u0111ang t\u0103ng t\u1ed1c m\u1ea1nh trong n\u0103m 2026\">\r\n\t\t\t<img loading=\"lazy\" decoding=\"async\" width=\"570\" height=\"380\" src=\"https:\/\/duhocdaiduong.com\/wp-content\/uploads\/2026\/03\/Kinh-te-Canada-dang-tang-toc-manh-trong-nam-2026-duhocdaiduong-570x380.jpg\" class=\"attachment-elearni-blog-iii-column size-elearni-blog-iii-column wp-post-image\" alt=\"\" srcset=\"https:\/\/duhocdaiduong.com\/wp-content\/uploads\/2026\/03\/Kinh-te-Canada-dang-tang-toc-manh-trong-nam-2026-duhocdaiduong-570x380.jpg 570w, https:\/\/duhocdaiduong.com\/wp-content\/uploads\/2026\/03\/Kinh-te-Canada-dang-tang-toc-manh-trong-nam-2026-duhocdaiduong-750x500.jpg 750w, https:\/\/duhocdaiduong.com\/wp-content\/uploads\/2026\/03\/Kinh-te-Canada-dang-tang-toc-manh-trong-nam-2026-duhocdaiduong-600x400.jpg 600w\" sizes=\"auto, (max-width: 570px) 100vw, 570px\" \/>\t\t<\/a>\r\n                \t\t\t<\/div><!-- Featured Image -->\r\n        <!-- Entry Date -->\r\n        <div class=\"entry-date\">\r\n        \t\r\n        <i class=\"far fa-clock\"> <\/i>\r\n        22 March, 2026        <\/div><!-- Entry Date -->\r\n        <!-- Entry Title -->\r\n        <div class=\"entry-title\">\r\n        \t\r\n\t<h4>\r\n\t        \t<a href=\"https:\/\/duhocdaiduong.com\/en\/kinh-te-canada-dang-tang-toc-manh-trong-nam-2026\/\" title=\"Permalink to Kinh t\u1ebf Canada \u0111ang t\u0103ng t\u1ed1c m\u1ea1nh trong n\u0103m 2026\">Kinh t\u1ebf Canada \u0111ang t\u0103ng t\u1ed1c m\u1ea1nh trong n\u0103m 2026<\/a>\r\n\t<\/h4>        <\/div><!-- Entry Title --><\/article><\/div><\/div><div class=\"pagination blog-pagination\"><div class=\"column one pager_wrapper\"><ul class='page-numbers'>\n\t<li><span aria-current=\"page\" class=\"page-numbers current\">1<\/span><\/li>\n\t<li><a class=\"page-numbers\" href=\"https:\/\/duhocdaiduong.com\/en\/wp-json\/wp\/v2\/pages\/12043\/page\/2\/\">2<\/a><\/li>\n\t<li><a class=\"page-numbers\" href=\"https:\/\/duhocdaiduong.com\/en\/wp-json\/wp\/v2\/pages\/12043\/page\/3\/\">3<\/a><\/li>\n\t<li><span class=\"page-numbers dots\">&hellip;<\/span><\/li>\n\t<li><a class=\"page-numbers\" href=\"https:\/\/duhocdaiduong.com\/en\/wp-json\/wp\/v2\/pages\/12043\/page\/122\/\">122<\/a><\/li>\n\t<li><a class=\"next page-numbers\" href=\"https:\/\/duhocdaiduong.com\/en\/wp-json\/wp\/v2\/pages\/12043\/page\/2\/\">Next<i class=\"fas fa-angle-double-right\"><\/i><\/a><\/li>\n<\/ul>\n<\/div>\n<\/div><\/div><div id=\"1545904740275-1deda83c-b600\" class=\"dt-sc-empty-space\"><\/div><\/div><\/div><\/div><\/div>","protected":false},"excerpt":{"rendered":"Canada \u0111ang b\u01b0\u1edbc v\u00e0o m\u1ed9t giai \u0111o\u1ea1n ph\u00e1t tri\u1ec3n m\u1edbi v\u1edbi quy m\u00f4 \u0111\u1ea7u t\u01b0 ch\u01b0a t\u1eebng c\u00f3, t\u1eadp trung v\u00e0o h\u1ea1 t\u1ea7ng, n\u0103ng l\u01b0\u1ee3ng, c\u00f4ng ngh\u1ec7 v\u00e0 t\u00e0i nguy\u00ean chi\u1ebfn l\u01b0\u1ee3c. \u0110\u00e2y kh\u00f4ng ch\u1ec9 l\u00e0 c\u00e2u chuy\u1ec7n kinh t\u1ebf, m\u00e0 c\u00f2n m\u1edf ra c\u01a1 h\u1ed9i th\u1ef1c t\u1ebf cho sinh vi\u00ean qu\u1ed1c t\u1ebf trong vi\u1ec7c [...]","protected":false},"author":2,"featured_media":0,"parent":0,"menu_order":0,"comment_status":"closed","ping_status":"closed","template":"","meta":{"footnotes":""},"class_list":["post-12043","page","type-page","status-publish","hentry"],"aioseo_notices":[],"_links":{"self":[{"href":"https:\/\/duhocdaiduong.com\/en\/wp-json\/wp\/v2\/pages\/12043","targetHints":{"allow":["GET"]}}],"collection":[{"href":"https:\/\/duhocdaiduong.com\/en\/wp-json\/wp\/v2\/pages"}],"about":[{"href":"https:\/\/duhocdaiduong.com\/en\/wp-json\/wp\/v2\/types\/page"}],"author":[{"embeddable":true,"href":"https:\/\/duhocdaiduong.com\/en\/wp-json\/wp\/v2\/users\/2"}],"replies":[{"embeddable":true,"href":"https:\/\/duhocdaiduong.com\/en\/wp-json\/wp\/v2\/comments?post=12043"}],"version-history":[{"count":4,"href":"https:\/\/duhocdaiduong.com\/en\/wp-json\/wp\/v2\/pages\/12043\/revisions"}],"predecessor-version":[{"id":27712,"href":"https:\/\/duhocdaiduong.com\/en\/wp-json\/wp\/v2\/pages\/12043\/revisions\/27712"}],"wp:attachment":[{"href":"https:\/\/duhocdaiduong.com\/en\/wp-json\/wp\/v2\/media?parent=12043"}],"curies":[{"name":"wp","href":"https:\/\/api.w.org\/{rel}","templated":true}]}}