{"id":11991,"date":"2018-12-21T04:20:45","date_gmt":"2018-12-21T04:20:45","guid":{"rendered":"https:\/\/elearni.local\/?page_id=11991"},"modified":"2025-08-28T11:39:21","modified_gmt":"2025-08-28T11:39:21","slug":"lien-he","status":"publish","type":"page","link":"https:\/\/duhocdaiduong.com\/en\/lien-he\/","title":{"rendered":"Contact"},"content":{"rendered":"<div  data-delay=\"0\" data-vc-full-width=\"true\" data-vc-full-width-init=\"false\" class=\"vc_row wpb_row vc_row-fluid mouse-hover-animation vc_custom_1650264452350 vc_row-has-fill\"><div class=\"wpb_column vc_column_container vc_col-sm-6\" data-delay=\"0\"><div class=\"vc_column-inner\"><div class=\"wpb_wrapper\"><h2 class=\"default-title  wpb_animate_when_almost_visible wpb_top-to-bottom top-to-bottom\" data-delay='150'>G\u1eedi tin nh\u1eafn cho ch\u00fang t\u00f4i<\/h2><p style=\"text-align: center\" class=\"vc_custom_heading title_uppercase wpb_animate_when_almost_visible wpb_fadeIn fadeIn\" >Ch\u00fang t\u00f4i lu\u00f4n s\u1eb5n s\u00e0ng l\u1eafng nghe b\u1ea1n<\/p><div id=\"1545374696746-2f234990-7a8f\" class=\"dt-sc-empty-space\"><\/div>\n<div class=\"wpcf7 no-js\" id=\"wpcf7-f12303-o1\" lang=\"en-US\" dir=\"ltr\" data-wpcf7-id=\"12303\">\n<div class=\"screen-reader-response\"><p role=\"status\" aria-live=\"polite\" aria-atomic=\"true\"><\/p> <ul><\/ul><\/div>\n<form action=\"\/en\/wp-json\/wp\/v2\/pages\/11991#wpcf7-f12303-o1\" method=\"post\" class=\"wpcf7-form init\" aria-label=\"Contact form\" novalidate=\"novalidate\" data-status=\"init\" data-trp-original-action=\"\/en\/wp-json\/wp\/v2\/pages\/11991#wpcf7-f12303-o1\">\n<fieldset class=\"hidden-fields-container\"><input type=\"hidden\" name=\"_wpcf7\" value=\"12303\" \/><input type=\"hidden\" name=\"_wpcf7_version\" value=\"6.1.5\" \/><input type=\"hidden\" name=\"_wpcf7_locale\" value=\"en_US\" \/><input type=\"hidden\" name=\"_wpcf7_unit_tag\" value=\"wpcf7-f12303-o1\" \/><input type=\"hidden\" name=\"_wpcf7_container_post\" value=\"0\" \/><input type=\"hidden\" name=\"_wpcf7_posted_data_hash\" value=\"\" \/>\n<\/fieldset>\n<div class=\"row\">\n\t<div class=\"col-md-12 col-xs-12 ct-row\" style=\"padding:10px;\">\n\t\t<p><span class=\"wpcf7-form-control-wrap\" data-name=\"text-238\"><input size=\"40\" maxlength=\"400\" class=\"wpcf7-form-control wpcf7-text wpcf7-validates-as-required\" aria-required=\"true\" aria-invalid=\"false\" placeholder=\"H\u1ecd t\u00ean *\" value=\"\" type=\"text\" name=\"text-238\" \/><\/span>\n\t\t<\/p>\n\t<\/div>\n\t<p>&nbsp;\n\t<\/p>\n\t<div class=\"col-md-6 col-xs-12 ct-row\" style=\"padding:10px;\">\n\t\t<p><span class=\"wpcf7-form-control-wrap\" data-name=\"email-730\"><input size=\"40\" maxlength=\"400\" class=\"wpcf7-form-control wpcf7-email wpcf7-validates-as-required wpcf7-text wpcf7-validates-as-email\" aria-required=\"true\" aria-invalid=\"false\" placeholder=\"Email *\" value=\"\" type=\"email\" name=\"email-730\" \/><\/span>\n\t\t<\/p>\n\t<\/div>\n\t<p>&nbsp;\n\t<\/p>\n\t<div class=\"col-md-6 col-xs-12 ct-row\" style=\"padding:10px;\">\n\t\t<p><span class=\"wpcf7-form-control-wrap\" data-name=\"tel-961\"><input size=\"40\" maxlength=\"400\" class=\"wpcf7-form-control wpcf7-tel wpcf7-validates-as-required wpcf7-text wpcf7-validates-as-tel\" aria-required=\"true\" aria-invalid=\"false\" placeholder=\"S\u1ed1 \u0111i\u1ec7n tho\u1ea1i *\" value=\"\" type=\"tel\" name=\"tel-961\" \/><\/span>\n\t\t<\/p>\n\t<\/div>\n\t<p>&nbsp;\n\t<\/p>\n\t<div class=\"col-md-12 col-xs-12 ct-row\" style=\"padding:10px;\">\n\t\t<p><span class=\"wpcf7-form-control-wrap\" data-name=\"textarea-891\"><textarea cols=\"40\" rows=\"10\" maxlength=\"2000\" class=\"wpcf7-form-control wpcf7-textarea\" aria-invalid=\"false\" placeholder=\"N\u1ed9i dung\" name=\"textarea-891\"><\/textarea><\/span>\n\t\t<\/p>\n\t<\/div>\n\t<p>&nbsp;\n\t<\/p>\n\t<div class=\"col-md-12 col-xs-12  ct-row text-center\" style=\"padding:10px;\">\n\t\t<p><input class=\"wpcf7-form-control wpcf7-submit has-spinner\" type=\"submit\" value=\"G\u1eedi\" \/>\n\t\t<\/p>\n\t<\/div>\n<\/div><div class=\"wpcf7-response-output\" aria-hidden=\"true\"><\/div>\n<input type=\"hidden\" name=\"trp-form-language\" value=\"en\"\/><\/form>\n<\/div>\n<div id=\"1650264044869-b9a5881a-6189\" class=\"dt-sc-empty-space\"><\/div><\/div><\/div><\/div><div class=\"space-both-xsmall wpb_animate_when_almost_visible wpb_fadeIn fadeIn wpb_column vc_column_container vc_col-sm-6\" data-delay=\"150\"><div class=\"vc_column-inner\"><div class=\"wpb_wrapper\">\r\n\t<div class=\"wpb_text_column wpb_content_element\" >\r\n\t\t<div class=\"wpb_wrapper\">\r\n\t\t\t<p><iframe loading=\"lazy\" style=\"border: 0;\" src=\"https:\/\/www.google.com\/maps\/embed?pb=!1m18!1m12!1m3!1d3919.655712062353!2d106.67105181533421!3d10.760995062419628!2m3!1f0!2f0!3f0!3m2!1i1024!2i768!4f13.1!3m3!1m2!1s0x31752ee30aff7f3f%3A0xa011ed0b15f4b427!2zQ8O0bmcgVHkgxJB0IHbDoCBUxrAgVuG6pW4gR2nDoW8gROG7pWMgUXXhu5FjIFTDqiDEkOG6oWkgRMawxqFuZw!5e0!3m2!1svi!2s!4v1650253669266!5m2!1svi!2s\" width=\"100%\" height=\"650\" allowfullscreen=\"allowfullscreen\"><span data-mce-type=\"bookmark\" style=\"display: inline-block; width: 0px; overflow: hidden; line-height: 0;\" class=\"mce_SELRES_start\"><\/span><span data-mce-type=\"bookmark\" style=\"display: inline-block; width: 0px; overflow: hidden; line-height: 0;\" class=\"mce_SELRES_start\"><\/span><\/iframe><\/p>\n\r\n\t\t<\/div>\r\n\t<\/div>\r\n<div class=\"vc_row wpb_row vc_inner vc_row-fluid\"><div class=\"aligncenter wpb_column vc_column_container vc_col-sm-12\"><div class=\"vc_column-inner\"><div class=\"wpb_wrapper\"><\/div><\/div><\/div><\/div><\/div><\/div><\/div><\/div><div class=\"vc_row-full-width vc_clearfix\"><\/div><div  style='background-position:right top !important;'  data-delay=\"0\" data-vc-full-width=\"true\" data-vc-full-width-init=\"false\" class=\"vc_row wpb_row vc_row-fluid vc_custom_1546238711913 vc_row-has-fill\"><div class=\"spacing-right dt-col-sm-12 wpb_column vc_column_container vc_col-sm-7\" data-delay=\"0\"><div class=\"vc_column-inner\"><div class=\"wpb_wrapper\"><h2 class=\"default-heading  wpb_animate_when_almost_visible wpb_fadeInLeft fadeInLeft\" data-delay='500'>Th\u00f4ng tin li\u00ean h\u1ec7<\/h2>\r\n\t<div class=\"wpb_text_column wpb_content_element  wpb_animate_when_almost_visible wpb_fadeIn fadeIn vc_custom_1547890665484\" >\r\n\t\t<div class=\"wpb_wrapper\">\r\n\t\t\t<div class='dt-sc-small-separator'><\/div>\n\r\n\t\t<\/div>\r\n\t<\/div>\r\n\r\n\t<div class=\"wpb_text_column wpb_content_element  wpb_animate_when_almost_visible wpb_fadeInUp fadeInUp vc_custom_1650254150487\" >\r\n\t\t<div class=\"wpb_wrapper\">\r\n\t\t\t<p>V\u1edbi ph\u01b0\u01a1ng ch\u00e2m lu\u00f4n \u0111\u1eb7t l\u1ee3i \u00edch v\u00e0 s\u1ef1 tin t\u01b0\u1edfng c\u1ee7a qu\u00fd kh\u00e1ch h\u00e0ng l\u00ean h\u00e0ng \u0111\u1ea7u, ch\u00fang t\u00f4i lu\u00f4n kh\u00f4ng ng\u1eebng c\u1eadp nh\u1eadt, \u0111\u1ed5i m\u1edbi \u0111\u1ec3 mang l\u1ea1i nh\u1eefng d\u1ecbch v\u1ee5 v\u00e0 s\u1ef1 h\u1ed7 tr\u1ee3 t\u1ed1t nh\u1ea5t cho qu\u00fd kh\u00e1ch h\u00e0ng.<\/p>\n\r\n\t\t<\/div>\r\n\t<\/div>\r\n<h4 class=\"default-heading  wpb_animate_when_almost_visible wpb_fadeInLeft fadeInLeft\" data-delay='600'>Gi\u1edd l\u00e0m vi\u1ec7c<\/h4><div class=\"vc_row wpb_row vc_inner vc_row-fluid vc_custom_1545378874491\"><div class=\"wpb_column vc_column_container vc_col-sm-8\"><div class=\"vc_column-inner\"><div class=\"wpb_wrapper\"><div class='dt-sc-contact-info   wpb_animate_when_almost_visible wpb_fadeInLeft fadeInLeft simple-type' data-delay='800'><ul>\n<li><strong>Th\u1ee9 2 &#8211; Th\u1ee9 6:<\/strong>\u00a0 \u00a0 \u00a0 \u00a0 \u00a0 08:00 &#8211; 17:00<\/li>\n<li><strong>Th\u1ee9 7<\/strong>:\u00a0 \u00a0 \u00a0 \u00a0 \u00a0 \u00a0 \u00a0 \u00a0 \u00a0 \u00a0 \u00a0 \u00a0 08:00 &#8211; 12:00<\/li>\n<\/ul><\/div><h4 class=\"default-heading  wpb_animate_when_almost_visible wpb_fadeInUp fadeInUp\" data-delay='800'>Theo d\u00f5i ch\u00fang t\u00f4i<\/h4><div id=\"1545379397362-94125922-392c\" class=\"dt-sc-empty-space\"><\/div><ul id='dt-1545213802338-44596e30-1c3b' data-delay='900' class='dt-sc-sociable extra-large left wpb_animate_when_almost_visible wpb_fadeInUp fadeInUp social-icons-large'\n                data-default-style = 'filled'\n                data-default-border-radius = 'no'\n                data-default-shape = 'circle'\n                data-hover-style = 'filled'\n                data-hover-border-radius = 'no'\n                data-hover-shape = 'circle'\n                ><li class=\"facebook\">  <a href=\"https:\/\/www.facebook.com\/DaiDuongEducation\" title=\"\" target=\"_blank\">      <span class=\"dt-icon-default\"> <span><\/span> <\/span>      <i><\/i>      <span class=\"dt-icon-hover\"> <span><\/span> <\/span>  <\/a><\/li><\/ul><\/div><\/div><\/div><div class=\"wpb_column vc_column_container vc_col-sm-4\"><div class=\"vc_column-inner\"><div class=\"wpb_wrapper\"><\/div><\/div><\/div><\/div><\/div><\/div><\/div><div class=\"dt-col-sm-12 wpb_column vc_column_container vc_col-sm-5\" data-delay=\"0\"><div class=\"vc_column-inner\"><div class=\"wpb_wrapper\"><div id=\"1545378992950-5e3969ba-52e5\" class=\"dt-sc-empty-space\"><\/div><div class='dt-sc-contact-info   wpb_animate_when_almost_visible wpb_fadeInRight fadeInRight simple-type' data-delay='500'><span class='fa fa-building'> <\/span><h6>T\u00ean<\/h6>C\u00f4ng Ty TNHH \u0110\u1ea7u T\u01b0 V\u00e0 T\u01b0 V\u1ea5n Gi\u00e1o D\u1ee5c Qu\u1ed1c T\u1ebf \u0110\u1ea1i D\u01b0\u01a1ng<\/div><div class='dt-sc-contact-info   wpb_animate_when_almost_visible wpb_fadeInRight fadeInRight simple-type' data-delay='500'><span class='fas fa-map-marker-alt'> <\/span><h6>\u0110\u1ecba ch\u1ec9<\/h6>76 Nguy\u1ec5n Ch\u00ed Thanh, Ph\u01b0\u1eddng V\u01b0\u1eddn L\u00e0i, TP. HCM<\/div><div class='dt-sc-contact-info   wpb_animate_when_almost_visible wpb_fadeInRight fadeInRight simple-type' data-delay='600'><span class='fas fa-phone'> <\/span><h6>\u0110i\u1ec7n tho\u1ea1i<\/h6><a href=\"tel:18003309\">1800 3309<\/a><\/div><div class='dt-sc-contact-info   wpb_animate_when_almost_visible wpb_fadeInRight fadeInRight simple-type' data-delay='600'><span class='fas fa-fax'> <\/span><h6>Fax<\/h6><\/div><div class='dt-sc-contact-info   wpb_animate_when_almost_visible wpb_fadeInRight fadeInRight simple-type' data-delay='700'><span class='fas fa-envelope'> <\/span><h6>Email<\/h6><a href=\"mailto:info@duhocdaiduong.com\">info@duhocdaiduong.com<\/a><\/div><div id=\"1545379069271-e9e6fa2a-af73\" class=\"dt-sc-empty-space\"><\/div><\/div><\/div><\/div><\/div><div class=\"vc_row-full-width vc_clearfix\"><\/div>","protected":false},"excerpt":{"rendered":"G\u1eedi tin nh\u1eafn cho ch\u00fang t\u00f4iCh\u00fang t\u00f4i lu\u00f4n s\u1eb5n s\u00e0ng l\u1eafng nghe b\u1ea1n &nbsp; &nbsp; &nbsp; &nbsp; \ufeff\ufeff Th\u00f4ng tin li\u00ean h\u1ec7 V\u1edbi ph\u01b0\u01a1ng ch\u00e2m lu\u00f4n \u0111\u1eb7t l\u1ee3i \u00edch v\u00e0 s\u1ef1 tin t\u01b0\u1edfng c\u1ee7a qu\u00fd kh\u00e1ch h\u00e0ng l\u00ean h\u00e0ng \u0111\u1ea7u, ch\u00fang t\u00f4i lu\u00f4n kh\u00f4ng ng\u1eebng c\u1eadp nh\u1eadt, \u0111\u1ed5i m\u1edbi \u0111\u1ec3 mang l\u1ea1i nh\u1eefng d\u1ecbch v\u1ee5 [...]","protected":false},"author":2,"featured_media":0,"parent":0,"menu_order":0,"comment_status":"closed","ping_status":"closed","template":"","meta":{"footnotes":""},"class_list":["post-11991","page","type-page","status-publish","hentry"],"aioseo_notices":[],"_links":{"self":[{"href":"https:\/\/duhocdaiduong.com\/en\/wp-json\/wp\/v2\/pages\/11991","targetHints":{"allow":["GET"]}}],"collection":[{"href":"https:\/\/duhocdaiduong.com\/en\/wp-json\/wp\/v2\/pages"}],"about":[{"href":"https:\/\/duhocdaiduong.com\/en\/wp-json\/wp\/v2\/types\/page"}],"author":[{"embeddable":true,"href":"https:\/\/duhocdaiduong.com\/en\/wp-json\/wp\/v2\/users\/2"}],"replies":[{"embeddable":true,"href":"https:\/\/duhocdaiduong.com\/en\/wp-json\/wp\/v2\/comments?post=11991"}],"version-history":[{"count":48,"href":"https:\/\/duhocdaiduong.com\/en\/wp-json\/wp\/v2\/pages\/11991\/revisions"}],"predecessor-version":[{"id":28739,"href":"https:\/\/duhocdaiduong.com\/en\/wp-json\/wp\/v2\/pages\/11991\/revisions\/28739"}],"wp:attachment":[{"href":"https:\/\/duhocdaiduong.com\/en\/wp-json\/wp\/v2\/media?parent=11991"}],"curies":[{"name":"wp","href":"https:\/\/api.w.org\/{rel}","templated":true}]}}