{"id":11951,"date":"2018-12-18T07:09:00","date_gmt":"2018-12-18T07:09:00","guid":{"rendered":"https:\/\/elearni.local\/?page_id=11951"},"modified":"2024-01-12T02:59:54","modified_gmt":"2024-01-12T02:59:54","slug":"day-ngoai-ngu","status":"publish","type":"page","link":"https:\/\/duhocdaiduong.com\/en\/day-ngoai-ngu\/","title":{"rendered":"Teaching foreign languages"},"content":{"rendered":"<div  data-delay=\"0\" class=\"vc_row wpb_row vc_row-fluid\"><div class=\"wpb_column vc_column_container vc_col-sm-12\" data-delay=\"0\"><div class=\"vc_column-inner\"><div class=\"wpb_wrapper\"><h2 style=\"text-align: left\" class=\"vc_custom_heading\" >CH\u01af\u01a0NG TR\u00ccNH \u0110\u00c0O T\u1ea0O<\/h2>\r\n\t<div class=\"wpb_text_column wpb_content_element\" >\r\n\t\t<div class=\"wpb_wrapper\">\r\n\t\t\t<p>Chuy\u00ean cung c\u1ea5p \u0111\u00e0o t\u1ea1o c\u00e1c kh\u00f3a h\u1ecdc ti\u1ebfng anh 1 k\u00e8m 1 chuy\u00ean s\u00e2u; luy\u1ec7n thi IELTS d\u00e0nh cho m\u1ecdi h\u1ecdc vi\u00ean nh\u01b0: Du h\u1ecdc, luy\u1ec7n ph\u1ecfng v\u1ea5n, l\u00e0m vi\u1ec7c v\u00e0 \u0111\u1ecbnh c\u01b0 n\u01b0\u1edbc ngo\u00e0i,\u2026 \u0111\u1ea1t k\u1ebft qu\u1ea3 t\u1ed1i \u01b0u trong th\u1eddi gian nhanh nh\u1ea5t, trang b\u1ecb c\u00e1c k\u1ef9 n\u0103ng giao ti\u1ebfp khi du h\u1ecdc v\u00e0 l\u00e0m vi\u1ec7c n\u01b0\u1edbc ngo\u00e0i.<\/p>\n\r\n\t\t<\/div>\r\n\t<\/div>\r\n<h3 style=\"text-align: left\" class=\"vc_custom_heading\" >D\u1ecaCH V\u1ee4 C\u1ee6A TRUNG T\u00c2M<\/h3><\/div><\/div><\/div><\/div><div  data-delay=\"0\" class=\"vc_row wpb_row vc_row-fluid\"><div class=\"wpb_column vc_column_container vc_col-sm-3\" data-delay=\"0\"><div class=\"vc_column-inner\"><div class=\"wpb_wrapper\"><div class='dt-sc-team   team-profile' data-delay='0'><div class='dt-sc-team-thumb'><img loading=\"lazy\" decoding=\"async\" width=\"143\" height=\"143\" src=\"https:\/\/duhocdaiduong.com\/wp-content\/uploads\/2023\/05\/brainstorm.jpg\" class=\"attachment-full\" alt=\"\" title=\"brainstorm\" srcset=\"https:\/\/duhocdaiduong.com\/wp-content\/uploads\/2023\/05\/brainstorm.jpg 143w, https:\/\/duhocdaiduong.com\/wp-content\/uploads\/2023\/05\/brainstorm-12x12.jpg 12w\" sizes=\"auto, (max-width: 143px) 100vw, 143px\" \/><\/div><div class='dt-sc-team-details'><h4>L\u1edbp nh\u00f3m<\/h4><h5><\/h5><p><\/p><\/div><\/div><\/div><\/div><\/div><div class=\"wpb_column vc_column_container vc_col-sm-3\" data-delay=\"0\"><div class=\"vc_column-inner\"><div class=\"wpb_wrapper\"><div class='dt-sc-team   team-profile' data-delay='0'><div class='dt-sc-team-thumb'><img loading=\"lazy\" decoding=\"async\" width=\"143\" height=\"143\" src=\"https:\/\/duhocdaiduong.com\/wp-content\/uploads\/2023\/05\/job-interview1.jpg\" class=\"attachment-full\" alt=\"\" title=\"job-interview1\" srcset=\"https:\/\/duhocdaiduong.com\/wp-content\/uploads\/2023\/05\/job-interview1.jpg 143w, https:\/\/duhocdaiduong.com\/wp-content\/uploads\/2023\/05\/job-interview1-12x12.jpg 12w\" sizes=\"auto, (max-width: 143px) 100vw, 143px\" \/><\/div><div class='dt-sc-team-details'><h4>L\u1edbp 1 k\u00e8m 1<\/h4><h5><\/h5><p><\/p><\/div><\/div><\/div><\/div><\/div><div class=\"wpb_column vc_column_container vc_col-sm-3\" data-delay=\"0\"><div class=\"vc_column-inner\"><div class=\"wpb_wrapper\"><div class='dt-sc-team   team-profile' data-delay='0'><div class='dt-sc-team-thumb'><img loading=\"lazy\" decoding=\"async\" width=\"143\" height=\"143\" src=\"https:\/\/duhocdaiduong.com\/wp-content\/uploads\/2023\/05\/webinar1.jpg\" class=\"attachment-full\" alt=\"\" title=\"webinar1\" srcset=\"https:\/\/duhocdaiduong.com\/wp-content\/uploads\/2023\/05\/webinar1.jpg 143w, https:\/\/duhocdaiduong.com\/wp-content\/uploads\/2023\/05\/webinar1-12x12.jpg 12w\" sizes=\"auto, (max-width: 143px) 100vw, 143px\" \/><\/div><div class='dt-sc-team-details'><h4>L\u1edbp online<\/h4><h5><\/h5><p><\/p><\/div><\/div><\/div><\/div><\/div><div class=\"wpb_column vc_column_container vc_col-sm-3\" data-delay=\"0\"><div class=\"vc_column-inner\"><div class=\"wpb_wrapper\"><div class='dt-sc-team   team-profile' data-delay='0'><div class='dt-sc-team-thumb'><img loading=\"lazy\" decoding=\"async\" width=\"143\" height=\"143\" src=\"https:\/\/duhocdaiduong.com\/wp-content\/uploads\/2023\/05\/free2.jpg\" class=\"attachment-full\" alt=\"\" title=\"free2\" srcset=\"https:\/\/duhocdaiduong.com\/wp-content\/uploads\/2023\/05\/free2.jpg 143w, https:\/\/duhocdaiduong.com\/wp-content\/uploads\/2023\/05\/free2-12x12.jpg 12w\" sizes=\"auto, (max-width: 143px) 100vw, 143px\" \/><\/div><div class='dt-sc-team-details'><h4>\u0110\u0103ng k\u00fd test \u0111\u1ea7u v\u00e0o MI\u1ec4N PH\u00cd t\u1ea1i trung t\u00e2m<\/h4><h5><\/h5><p><\/p><\/div><\/div><\/div><\/div><\/div><\/div><div  data-delay=\"0\" class=\"vc_row wpb_row vc_row-fluid vc_custom_1650270947070 vc_row-o-equal-height vc_row-o-content-middle vc_row-flex\"><div class=\"dt-col-md-12 dt-col-sm-12 wpb_column vc_column_container vc_col-sm-6 vc_col-has-fill\" data-delay=\"0\"><div class=\"vc_column-inner vc_custom_1650270552678\"><div class=\"wpb_wrapper\"><\/div><\/div><\/div><div class=\"dt-col-md-12 dt-col-sm-12 wpb_column vc_column_container vc_col-sm-6 vc_col-has-fill\" data-delay=\"0\"><div class=\"vc_column-inner vc_custom_1548740573321\"><div class=\"wpb_wrapper\"><div class=\"vc_row wpb_row vc_inner vc_row-fluid vc_custom_1545384258814\"><div class=\"space-left-xlarge dt-col-md-12 dt-col-sm-12 wpb_column vc_column_container vc_col-sm-12\"><div class=\"vc_column-inner\"><div class=\"wpb_wrapper\"><h2 style=\"font-size: 30px;line-height: 40px;text-align: left\" class=\"vc_custom_heading vcr_heading-right wpb_animate_when_almost_visible wpb_fadeIn fadeIn\" >Teaching foreign languages<\/h2>\r\n\t<div class=\"wpb_text_column wpb_content_element  wpb_animate_when_almost_visible wpb_fadeIn fadeIn vc_custom_1547889581949\" >\r\n\t\t<div class=\"wpb_wrapper\">\r\n\t\t\t<div class='dt-sc-small-separator'><\/div>\n\r\n\t\t<\/div>\r\n\t<\/div>\r\n<ul class='dt-sc-fancy-list  blue  wpb_animate_when_almost_visible wpb_fadeInRight fadeInRight circle arrow' data-delay='500'>\n<li><strong>TRUNG T\u00c2M ANH NG\u1eee QU\u1ed0C T\u1ebe \u0110\u1ea0I D\u01af\u01a0NG<\/strong><\/li>\n<li><strong>\u0110\u1ecba ch\u1ec9:<\/strong> 76 Nguy\u1ec5n Ch\u00ed Thanh, Ph\u01b0\u1eddng 2, Qu\u1eadn 10, TP. H\u1ed3 Ch\u00ed Minh<\/li>\n<li>Chuy\u00ean cung c\u1ea5p c\u00e1c kh\u00f3a h\u1ecdc IELTS d\u00e0nh cho du h\u1ecdc, l\u00e0m vi\u1ec7c v\u00e0 \u0111\u1ecbnh c\u01b0 n\u01b0\u1edbc ngo\u00e0i.<\/li>\n<\/ul><a href='https:\/\/ngoaingudaiduong.edu.vn\/' target='_self' title='' class='dt-sc-button vc_custom_1705027955383  medium     wpb_animate_when_almost_visible wpb_fadeInRight fadeInRight gradient-button' data-delay='700' > Learn more <\/a><\/div><\/div><\/div><\/div><\/div><\/div><\/div><\/div><div  data-delay=\"0\" class=\"vc_row wpb_row vc_row-fluid\"><div class=\"wpb_column vc_column_container vc_col-sm-12\" data-delay=\"0\"><div class=\"vc_column-inner\"><div class=\"wpb_wrapper\"><h2 style=\"font-size: 30px;line-height: 40px;text-align: left\" class=\"vc_custom_heading vcr_heading-right wpb_animate_when_almost_visible wpb_fadeIn fadeIn\" >G\u00f3c h\u1ecdc li\u1ec7u<\/h2>\r\n\t<div class=\"wpb_text_column wpb_content_element  wpb_animate_when_almost_visible wpb_fadeIn fadeIn vc_custom_1547889581949\" >\r\n\t\t<div class=\"wpb_wrapper\">\r\n\t\t\t<div class='dt-sc-small-separator'><\/div>\n\r\n\t\t<\/div>\r\n\t<\/div>\r\n<div class=\"dt-sc-posts-list-wrapper\" data-delay=\"0\"><div class='tpl-blog-holder apply-isotope'><div class='grid-sizer column dt-sc-one-third dt-sc-post-entry entry-grid-layout dt-sc-boxed-style  dt-sc-default-hover dt-sc-default-overlay alignnone'><\/div><div class=\"column dt-sc-one-third dt-sc-post-entry entry-grid-layout dt-sc-boxed-style  dt-sc-default-hover dt-sc-default-overlay alignnone first\"><article id=\"post-27632\" class=\"blog-entry format-standard post-27632 post type-post status-publish has-post-thumbnail hentry category-hoc-ngoai-ngu\">\t\t\t<!-- Featured Image -->\r\n\t\t\t<div class=\"entry-thumb\">\r\n\t\t\t\t\t\t<a href=\"https:\/\/duhocdaiduong.com\/en\/dem-nguoc-ngay-thi-thpt-quoc-gia-2024\/\" title=\"Permalink to \u0110\u1ebfm ng\u01b0\u1ee3c ng\u00e0y thi THPT Qu\u1ed1c gia 2024\">\r\n\t\t\t<img loading=\"lazy\" decoding=\"async\" width=\"570\" height=\"380\" src=\"https:\/\/duhocdaiduong.com\/wp-content\/uploads\/2024\/06\/Dem-nguoc-ngay-thi-duhocdaiduong-570x380.png\" class=\"attachment-elearni-blog-iii-column size-elearni-blog-iii-column wp-post-image\" alt=\"\" srcset=\"https:\/\/duhocdaiduong.com\/wp-content\/uploads\/2024\/06\/Dem-nguoc-ngay-thi-duhocdaiduong-570x380.png 570w, https:\/\/duhocdaiduong.com\/wp-content\/uploads\/2024\/06\/Dem-nguoc-ngay-thi-duhocdaiduong-750x500.png 750w, https:\/\/duhocdaiduong.com\/wp-content\/uploads\/2024\/06\/Dem-nguoc-ngay-thi-duhocdaiduong-600x400.png 600w\" sizes=\"auto, (max-width: 570px) 100vw, 570px\" \/>\t\t<\/a>\r\n                \t\t\t<\/div><!-- Featured Image -->\r\n        <!-- Entry Title -->\r\n        <div class=\"entry-title\">\r\n        \t\r\n\t<h4>\r\n\t        \t<a href=\"https:\/\/duhocdaiduong.com\/en\/dem-nguoc-ngay-thi-thpt-quoc-gia-2024\/\" title=\"Permalink to \u0110\u1ebfm ng\u01b0\u1ee3c ng\u00e0y thi THPT Qu\u1ed1c gia 2024\">\u0110\u1ebfm ng\u01b0\u1ee3c ng\u00e0y thi THPT Qu\u1ed1c gia 2024<\/a>\r\n\t<\/h4>        <\/div><!-- Entry Title --><\/article><\/div><div class=\"column dt-sc-one-third dt-sc-post-entry entry-grid-layout dt-sc-boxed-style  dt-sc-default-hover dt-sc-default-overlay alignnone\"><article id=\"post-26555\" class=\"blog-entry format-standard post-26555 post type-post status-publish has-post-thumbnail hentry category-hoc-ngoai-ngu\">\t\t\t<!-- Featured Image -->\r\n\t\t\t<div class=\"entry-thumb\">\r\n\t\t\t\t\t\t<a href=\"https:\/\/duhocdaiduong.com\/en\/giai-de-thi-writing-2023-dang-double-linegraphs-va-discussion\/\" title=\"Permalink to GI\u1ea2I \u0110\u1ec0 THI WRITING 2023 D\u1ea0NG DOUBLE LINEGRAPHS V\u00c0 DISCUSSION\">\r\n\t\t\t<img loading=\"lazy\" decoding=\"async\" width=\"480\" height=\"270\" src=\"https:\/\/duhocdaiduong.com\/wp-content\/uploads\/2023\/12\/GIAI-DE-THI-WRITING-2023-DANG-DOUBLE-LINEGRAPHS-VA-DISCUSSION.png\" class=\"attachment-elearni-blog-iii-column size-elearni-blog-iii-column wp-post-image\" alt=\"\" srcset=\"https:\/\/duhocdaiduong.com\/wp-content\/uploads\/2023\/12\/GIAI-DE-THI-WRITING-2023-DANG-DOUBLE-LINEGRAPHS-VA-DISCUSSION.png 480w, https:\/\/duhocdaiduong.com\/wp-content\/uploads\/2023\/12\/GIAI-DE-THI-WRITING-2023-DANG-DOUBLE-LINEGRAPHS-VA-DISCUSSION-300x169.png 300w, https:\/\/duhocdaiduong.com\/wp-content\/uploads\/2023\/12\/GIAI-DE-THI-WRITING-2023-DANG-DOUBLE-LINEGRAPHS-VA-DISCUSSION-18x10.png 18w\" sizes=\"auto, (max-width: 480px) 100vw, 480px\" \/>\t\t<\/a>\r\n                \t\t\t<\/div><!-- Featured Image -->\r\n        <!-- Entry Title -->\r\n        <div class=\"entry-title\">\r\n        \t\r\n\t<h4>\r\n\t        \t<a href=\"https:\/\/duhocdaiduong.com\/en\/giai-de-thi-writing-2023-dang-double-linegraphs-va-discussion\/\" title=\"Permalink to GI\u1ea2I \u0110\u1ec0 THI WRITING 2023 D\u1ea0NG DOUBLE LINEGRAPHS V\u00c0 DISCUSSION\">GI\u1ea2I \u0110\u1ec0 THI WRITING 2023 D\u1ea0NG DOUBLE LINEGRAPHS V\u00c0 DISCUSSION<\/a>\r\n\t<\/h4>        <\/div><!-- Entry Title --><\/article><\/div><div class=\"column dt-sc-one-third dt-sc-post-entry entry-grid-layout dt-sc-boxed-style  dt-sc-default-hover dt-sc-default-overlay alignnone\"><article id=\"post-26421\" class=\"blog-entry format-standard post-26421 post type-post status-publish has-post-thumbnail hentry category-hoc-ngoai-ngu\">\t\t\t<!-- Featured Image -->\r\n\t\t\t<div class=\"entry-thumb\">\r\n\t\t\t\t\t\t<a href=\"https:\/\/duhocdaiduong.com\/en\/cach-trinh-bay-hieu-qua-trong-phan-thi-noi-speaking-part-3-cua-ky-thi-ielts\/\" title=\"Permalink to C\u00c1CH TR\u00ccNH B\u00c0Y HI\u1ec6U QU\u1ea2 TRONG PH\u1ea6N THI N\u00d3I &#8211; SPEAKING PART 3 C\u1ee6A K\u1ef2 THI IELTS\">\r\n\t\t\t<img loading=\"lazy\" decoding=\"async\" width=\"480\" height=\"270\" src=\"https:\/\/duhocdaiduong.com\/wp-content\/uploads\/2023\/11\/CACH-TRINH-BAY-HIEU-QUA-TRONG-PHAN-THI-NOI.png\" class=\"attachment-elearni-blog-iii-column size-elearni-blog-iii-column wp-post-image\" alt=\"\" srcset=\"https:\/\/duhocdaiduong.com\/wp-content\/uploads\/2023\/11\/CACH-TRINH-BAY-HIEU-QUA-TRONG-PHAN-THI-NOI.png 480w, https:\/\/duhocdaiduong.com\/wp-content\/uploads\/2023\/11\/CACH-TRINH-BAY-HIEU-QUA-TRONG-PHAN-THI-NOI-300x169.png 300w, https:\/\/duhocdaiduong.com\/wp-content\/uploads\/2023\/11\/CACH-TRINH-BAY-HIEU-QUA-TRONG-PHAN-THI-NOI-18x10.png 18w\" sizes=\"auto, (max-width: 480px) 100vw, 480px\" \/>\t\t<\/a>\r\n                \t\t\t<\/div><!-- Featured Image -->\r\n        <!-- Entry Title -->\r\n        <div class=\"entry-title\">\r\n        \t\r\n\t<h4>\r\n\t        \t<a href=\"https:\/\/duhocdaiduong.com\/en\/cach-trinh-bay-hieu-qua-trong-phan-thi-noi-speaking-part-3-cua-ky-thi-ielts\/\" title=\"Permalink to C\u00c1CH TR\u00ccNH B\u00c0Y HI\u1ec6U QU\u1ea2 TRONG PH\u1ea6N THI N\u00d3I &#8211; SPEAKING PART 3 C\u1ee6A K\u1ef2 THI IELTS\">C\u00c1CH TR\u00ccNH B\u00c0Y HI\u1ec6U QU\u1ea2 TRONG PH\u1ea6N THI N\u00d3I &#8211; SPEAKING PART 3 C\u1ee6A K\u1ef2 THI IELTS<\/a>\r\n\t<\/h4>        <\/div><!-- Entry Title --><\/article><\/div><div class=\"column dt-sc-one-third dt-sc-post-entry entry-grid-layout dt-sc-boxed-style  dt-sc-default-hover dt-sc-default-overlay alignnone first\"><article id=\"post-26398\" class=\"blog-entry format-standard post-26398 post type-post status-publish has-post-thumbnail hentry category-hoc-ngoai-ngu\">\t\t\t<!-- Featured Image -->\r\n\t\t\t<div class=\"entry-thumb\">\r\n\t\t\t\t\t\t<a href=\"https:\/\/duhocdaiduong.com\/en\/dang-bai-viet-double-question-essay-trong-ielts-writing-task-2-academic\/\" title=\"Permalink to D\u1ea0NG B\u00c0I VI\u1ebeT: DOUBLE QUESTION ESSAY TRONG IELTS WRITING TASK 2 (ACADEMIC)\">\r\n\t\t\t<img loading=\"lazy\" decoding=\"async\" width=\"480\" height=\"270\" src=\"https:\/\/duhocdaiduong.com\/wp-content\/uploads\/2023\/11\/DANG-BAI-VIET-DOUBLE-QUESTION-ESSAY-TRONG-IELTS-WRITING-TASK-2-ACADEMIC.png\" class=\"attachment-elearni-blog-iii-column size-elearni-blog-iii-column wp-post-image\" alt=\"\" srcset=\"https:\/\/duhocdaiduong.com\/wp-content\/uploads\/2023\/11\/DANG-BAI-VIET-DOUBLE-QUESTION-ESSAY-TRONG-IELTS-WRITING-TASK-2-ACADEMIC.png 480w, https:\/\/duhocdaiduong.com\/wp-content\/uploads\/2023\/11\/DANG-BAI-VIET-DOUBLE-QUESTION-ESSAY-TRONG-IELTS-WRITING-TASK-2-ACADEMIC-300x169.png 300w, https:\/\/duhocdaiduong.com\/wp-content\/uploads\/2023\/11\/DANG-BAI-VIET-DOUBLE-QUESTION-ESSAY-TRONG-IELTS-WRITING-TASK-2-ACADEMIC-18x10.png 18w\" sizes=\"auto, (max-width: 480px) 100vw, 480px\" \/>\t\t<\/a>\r\n                \t\t\t<\/div><!-- Featured Image -->\r\n        <!-- Entry Title -->\r\n        <div class=\"entry-title\">\r\n        \t\r\n\t<h4>\r\n\t        \t<a href=\"https:\/\/duhocdaiduong.com\/en\/dang-bai-viet-double-question-essay-trong-ielts-writing-task-2-academic\/\" title=\"Permalink to D\u1ea0NG B\u00c0I VI\u1ebeT: DOUBLE QUESTION ESSAY TRONG IELTS WRITING TASK 2 (ACADEMIC)\">D\u1ea0NG B\u00c0I VI\u1ebeT: DOUBLE QUESTION ESSAY TRONG IELTS WRITING TASK 2 (ACADEMIC)<\/a>\r\n\t<\/h4>        <\/div><!-- Entry Title --><\/article><\/div><div class=\"column dt-sc-one-third dt-sc-post-entry entry-grid-layout dt-sc-boxed-style  dt-sc-default-hover dt-sc-default-overlay alignnone\"><article id=\"post-26063\" class=\"blog-entry format-standard post-26063 post type-post status-publish has-post-thumbnail hentry category-hoc-ngoai-ngu\">\t\t\t<!-- Featured Image -->\r\n\t\t\t<div class=\"entry-thumb\">\r\n\t\t\t\t\t\t<a href=\"https:\/\/duhocdaiduong.com\/en\/dang-bai-viet-positive-negative-essay-trong-ielts-writing-task-2-academic\/\" title=\"Permalink to D\u1ea0NG B\u00c0I VI\u1ebeT: POSITIVE\/NEGATIVE ESSAY TRONG IELTS WRITING TASK 2 (ACADEMIC)\">\r\n\t\t\t<img loading=\"lazy\" decoding=\"async\" width=\"570\" height=\"380\" src=\"https:\/\/duhocdaiduong.com\/wp-content\/uploads\/2023\/07\/Schedule-Checklist-570x380.png\" class=\"attachment-elearni-blog-iii-column size-elearni-blog-iii-column wp-post-image\" alt=\"\" srcset=\"https:\/\/duhocdaiduong.com\/wp-content\/uploads\/2023\/07\/Schedule-Checklist-570x380.png 570w, https:\/\/duhocdaiduong.com\/wp-content\/uploads\/2023\/07\/Schedule-Checklist-750x500.png 750w, https:\/\/duhocdaiduong.com\/wp-content\/uploads\/2023\/07\/Schedule-Checklist-600x400.png 600w\" sizes=\"auto, (max-width: 570px) 100vw, 570px\" \/>\t\t<\/a>\r\n                \t\t\t<\/div><!-- Featured Image -->\r\n        <!-- Entry Title -->\r\n        <div class=\"entry-title\">\r\n        \t\r\n\t<h4>\r\n\t        \t<a href=\"https:\/\/duhocdaiduong.com\/en\/dang-bai-viet-positive-negative-essay-trong-ielts-writing-task-2-academic\/\" title=\"Permalink to D\u1ea0NG B\u00c0I VI\u1ebeT: POSITIVE\/NEGATIVE ESSAY TRONG IELTS WRITING TASK 2 (ACADEMIC)\">D\u1ea0NG B\u00c0I VI\u1ebeT: POSITIVE\/NEGATIVE ESSAY TRONG IELTS WRITING TASK 2 (ACADEMIC)<\/a>\r\n\t<\/h4>        <\/div><!-- Entry Title --><\/article><\/div><div class=\"column dt-sc-one-third dt-sc-post-entry entry-grid-layout dt-sc-boxed-style  dt-sc-default-hover dt-sc-default-overlay alignnone\"><article id=\"post-26048\" class=\"blog-entry format-standard post-26048 post type-post status-publish has-post-thumbnail hentry category-hoc-ngoai-ngu\">\t\t\t<!-- Featured Image -->\r\n\t\t\t<div class=\"entry-thumb\">\r\n\t\t\t\t\t\t<a href=\"https:\/\/duhocdaiduong.com\/en\/dang-bai-viet-essays-advantages-disadvantages-trong-ielts-writing-task-2-academic\/\" title=\"Permalink to D\u1ea0NG B\u00c0I VI\u1ebeT ESSAYS : ADVANTAGES\/DISADVANTAGES TRONG IELTS WRITING TASK 2 (ACADEMIC)\">\r\n\t\t\t<img loading=\"lazy\" decoding=\"async\" width=\"570\" height=\"380\" src=\"https:\/\/duhocdaiduong.com\/wp-content\/uploads\/2023\/07\/DANG-BAI-VIET-ESSAYS-ADVANTAGESDISADVANTAGES-TRONG-IELTS-WRITING-TASK-2-ACADEMIC-570x380.png\" class=\"attachment-elearni-blog-iii-column size-elearni-blog-iii-column wp-post-image\" alt=\"\" srcset=\"https:\/\/duhocdaiduong.com\/wp-content\/uploads\/2023\/07\/DANG-BAI-VIET-ESSAYS-ADVANTAGESDISADVANTAGES-TRONG-IELTS-WRITING-TASK-2-ACADEMIC-570x380.png 570w, https:\/\/duhocdaiduong.com\/wp-content\/uploads\/2023\/07\/DANG-BAI-VIET-ESSAYS-ADVANTAGESDISADVANTAGES-TRONG-IELTS-WRITING-TASK-2-ACADEMIC-750x500.png 750w, https:\/\/duhocdaiduong.com\/wp-content\/uploads\/2023\/07\/DANG-BAI-VIET-ESSAYS-ADVANTAGESDISADVANTAGES-TRONG-IELTS-WRITING-TASK-2-ACADEMIC-600x400.png 600w\" sizes=\"auto, (max-width: 570px) 100vw, 570px\" \/>\t\t<\/a>\r\n                \t\t\t<\/div><!-- Featured Image -->\r\n        <!-- Entry Title -->\r\n        <div class=\"entry-title\">\r\n        \t\r\n\t<h4>\r\n\t        \t<a href=\"https:\/\/duhocdaiduong.com\/en\/dang-bai-viet-essays-advantages-disadvantages-trong-ielts-writing-task-2-academic\/\" title=\"Permalink to D\u1ea0NG B\u00c0I VI\u1ebeT ESSAYS : ADVANTAGES\/DISADVANTAGES TRONG IELTS WRITING TASK 2 (ACADEMIC)\">D\u1ea0NG B\u00c0I VI\u1ebeT ESSAYS : ADVANTAGES\/DISADVANTAGES TRONG IELTS WRITING TASK 2 (ACADEMIC)<\/a>\r\n\t<\/h4>        <\/div><!-- Entry Title --><\/article><\/div><div class=\"column dt-sc-one-third dt-sc-post-entry entry-grid-layout dt-sc-boxed-style  dt-sc-default-hover dt-sc-default-overlay alignnone first\"><article id=\"post-26002\" class=\"blog-entry format-standard post-26002 post type-post status-publish has-post-thumbnail hentry category-hoc-ngoai-ngu category-uncategorized-vi\">\t\t\t<!-- Featured Image -->\r\n\t\t\t<div class=\"entry-thumb\">\r\n\t\t\t\t\t\t<a href=\"https:\/\/duhocdaiduong.com\/en\/dang-bai-viet-essays-discussion-trong-ielts-writing-task-2-academic\/\" title=\"Permalink to D\u1ea0NG B\u00c0I VI\u1ebeT ESSAYS : DISCUSSION TRONG IELTS WRITING TASK 2 (ACADEMIC)\">\r\n\t\t\t<img loading=\"lazy\" decoding=\"async\" width=\"570\" height=\"380\" src=\"https:\/\/duhocdaiduong.com\/wp-content\/uploads\/2023\/07\/DANG-BAI-VIET-ESSAYS-DISCUSSION-TRONG-IELTS-WRITING-TASK-2-ACADEMIC-570x380.png\" class=\"attachment-elearni-blog-iii-column size-elearni-blog-iii-column wp-post-image\" alt=\"\" srcset=\"https:\/\/duhocdaiduong.com\/wp-content\/uploads\/2023\/07\/DANG-BAI-VIET-ESSAYS-DISCUSSION-TRONG-IELTS-WRITING-TASK-2-ACADEMIC-570x380.png 570w, https:\/\/duhocdaiduong.com\/wp-content\/uploads\/2023\/07\/DANG-BAI-VIET-ESSAYS-DISCUSSION-TRONG-IELTS-WRITING-TASK-2-ACADEMIC-750x500.png 750w, https:\/\/duhocdaiduong.com\/wp-content\/uploads\/2023\/07\/DANG-BAI-VIET-ESSAYS-DISCUSSION-TRONG-IELTS-WRITING-TASK-2-ACADEMIC-600x400.png 600w\" sizes=\"auto, (max-width: 570px) 100vw, 570px\" \/>\t\t<\/a>\r\n                \t\t\t<\/div><!-- Featured Image -->\r\n        <!-- Entry Title -->\r\n        <div class=\"entry-title\">\r\n        \t\r\n\t<h4>\r\n\t        \t<a href=\"https:\/\/duhocdaiduong.com\/en\/dang-bai-viet-essays-discussion-trong-ielts-writing-task-2-academic\/\" title=\"Permalink to D\u1ea0NG B\u00c0I VI\u1ebeT ESSAYS : DISCUSSION TRONG IELTS WRITING TASK 2 (ACADEMIC)\">D\u1ea0NG B\u00c0I VI\u1ebeT ESSAYS : DISCUSSION TRONG IELTS WRITING TASK 2 (ACADEMIC)<\/a>\r\n\t<\/h4>        <\/div><!-- Entry Title --><\/article><\/div><div class=\"column dt-sc-one-third dt-sc-post-entry entry-grid-layout dt-sc-boxed-style  dt-sc-default-hover dt-sc-default-overlay alignnone\"><article id=\"post-25862\" class=\"blog-entry format-standard post-25862 post type-post status-publish has-post-thumbnail hentry category-hoc-ngoai-ngu\">\t\t\t<!-- Featured Image -->\r\n\t\t\t<div class=\"entry-thumb\">\r\n\t\t\t\t\t\t<a href=\"https:\/\/duhocdaiduong.com\/en\/dang-bai-viet-essays-opinion-or-agree-disagree-trong-ielts-writing-task-2-academic\/\" title=\"Permalink to D\u1ea0NG B\u00c0I VI\u1ebeT ESSAYS : OPINION OR AGREE\/DISAGREE TRONG IELTS WRITING TASK 2  (ACADEMIC)\">\r\n\t\t\t<img loading=\"lazy\" decoding=\"async\" width=\"570\" height=\"380\" src=\"https:\/\/duhocdaiduong.com\/wp-content\/uploads\/2023\/06\/1-570x380.jpg\" class=\"attachment-elearni-blog-iii-column size-elearni-blog-iii-column wp-post-image\" alt=\"\" srcset=\"https:\/\/duhocdaiduong.com\/wp-content\/uploads\/2023\/06\/1-570x380.jpg 570w, https:\/\/duhocdaiduong.com\/wp-content\/uploads\/2023\/06\/1-750x500.jpg 750w, https:\/\/duhocdaiduong.com\/wp-content\/uploads\/2023\/06\/1-600x400.jpg 600w\" sizes=\"auto, (max-width: 570px) 100vw, 570px\" \/>\t\t<\/a>\r\n                \t\t\t<\/div><!-- Featured Image -->\r\n        <!-- Entry Title -->\r\n        <div class=\"entry-title\">\r\n        \t\r\n\t<h4>\r\n\t        \t<a href=\"https:\/\/duhocdaiduong.com\/en\/dang-bai-viet-essays-opinion-or-agree-disagree-trong-ielts-writing-task-2-academic\/\" title=\"Permalink to D\u1ea0NG B\u00c0I VI\u1ebeT ESSAYS : OPINION OR AGREE\/DISAGREE TRONG IELTS WRITING TASK 2  (ACADEMIC)\">D\u1ea0NG B\u00c0I VI\u1ebeT ESSAYS : OPINION OR AGREE\/DISAGREE TRONG IELTS WRITING TASK 2  (ACADEMIC)<\/a>\r\n\t<\/h4>        <\/div><!-- Entry Title --><\/article><\/div><div class=\"column dt-sc-one-third dt-sc-post-entry entry-grid-layout dt-sc-boxed-style  dt-sc-default-hover dt-sc-default-overlay alignnone\"><article id=\"post-25304\" class=\"blog-entry format-standard post-25304 post type-post status-publish has-post-thumbnail hentry category-hoc-ngoai-ngu\">\t\t\t<!-- Featured Image -->\r\n\t\t\t<div class=\"entry-thumb\">\r\n\t\t\t\t\t\t<a href=\"https:\/\/duhocdaiduong.com\/en\/cac-dang-bai-viet-essays-trong-ielts-writing-task-2-academic\/\" title=\"Permalink to C\u00c1C D\u1ea0NG B\u00c0I VI\u1ebeT ESSAYS TRONG IELTS WRITING TASK 2  (ACADEMIC)\">\r\n\t\t\t<img loading=\"lazy\" decoding=\"async\" width=\"570\" height=\"380\" src=\"https:\/\/duhocdaiduong.com\/wp-content\/uploads\/2023\/04\/Mau-Xanh-Duong-Nen-May-Troi-Cau-Noi-Hay-Ve-Cuoc-Song-Bai-Dang-Facebook-570x380.png\" class=\"attachment-elearni-blog-iii-column size-elearni-blog-iii-column wp-post-image\" alt=\"\" srcset=\"https:\/\/duhocdaiduong.com\/wp-content\/uploads\/2023\/04\/Mau-Xanh-Duong-Nen-May-Troi-Cau-Noi-Hay-Ve-Cuoc-Song-Bai-Dang-Facebook-570x380.png 570w, https:\/\/duhocdaiduong.com\/wp-content\/uploads\/2023\/04\/Mau-Xanh-Duong-Nen-May-Troi-Cau-Noi-Hay-Ve-Cuoc-Song-Bai-Dang-Facebook-750x500.png 750w, https:\/\/duhocdaiduong.com\/wp-content\/uploads\/2023\/04\/Mau-Xanh-Duong-Nen-May-Troi-Cau-Noi-Hay-Ve-Cuoc-Song-Bai-Dang-Facebook-600x400.png 600w\" sizes=\"auto, (max-width: 570px) 100vw, 570px\" \/>\t\t<\/a>\r\n                \t\t\t<\/div><!-- Featured Image -->\r\n        <!-- Entry Title -->\r\n        <div class=\"entry-title\">\r\n        \t\r\n\t<h4>\r\n\t        \t<a href=\"https:\/\/duhocdaiduong.com\/en\/cac-dang-bai-viet-essays-trong-ielts-writing-task-2-academic\/\" title=\"Permalink to C\u00c1C D\u1ea0NG B\u00c0I VI\u1ebeT ESSAYS TRONG IELTS WRITING TASK 2  (ACADEMIC)\">C\u00c1C D\u1ea0NG B\u00c0I VI\u1ebeT ESSAYS TRONG IELTS WRITING TASK 2  (ACADEMIC)<\/a>\r\n\t<\/h4>        <\/div><!-- Entry Title --><\/article><\/div><\/div><div class=\"pagination blog-pagination\"><div class=\"column one pager_wrapper\"><ul class='page-numbers'>\n\t<li><span aria-current=\"page\" class=\"page-numbers current\">1<\/span><\/li>\n\t<li><a class=\"page-numbers\" href=\"https:\/\/duhocdaiduong.com\/en\/wp-json\/wp\/v2\/pages\/11951\/page\/2\/\">2<\/a><\/li>\n\t<li><a class=\"next page-numbers\" href=\"https:\/\/duhocdaiduong.com\/en\/wp-json\/wp\/v2\/pages\/11951\/page\/2\/\">Next<i class=\"fas fa-angle-double-right\"><\/i><\/a><\/li>\n<\/ul>\n<\/div>\n<\/div><\/div><\/div><\/div><\/div><\/div>","protected":false},"excerpt":{"rendered":"TRUNG T\u00c2M NGO\u1ea0I NG\u1eee QU\u1ed0C T\u1ebe \u0110\u1ea0I D\u01af\u01a0NG Xin ch\u00e0o c\u00e1c em! H\u00f4m nay chuy\u00ean vi\u00ean gi\u00e1o d\u1ee5c c\u1ee7a C\u00f4ng ty Du h\u1ecdc \u0110\u1ea1i D\u01b0\u01a1ng xin g\u1eedi \u0111\u1ebfn c\u00e1c em m\u1ed9t b\u00e0i gi\u1edbi thi\u1ec7u t\u1ed5ng qu\u00e1t c\u00e1c d\u1ea1ng b\u00e0i vi\u1ebft essays trong IELTS Writing Task 2 (academic). Essay \u0111\u01b0\u1ee3c xem l\u00e0 m\u1ed9t trong nh\u1eefng ph\u1ea7n [...]","protected":false},"author":2,"featured_media":0,"parent":0,"menu_order":0,"comment_status":"closed","ping_status":"closed","template":"","meta":{"footnotes":""},"class_list":["post-11951","page","type-page","status-publish","hentry"],"aioseo_notices":[],"_links":{"self":[{"href":"https:\/\/duhocdaiduong.com\/en\/wp-json\/wp\/v2\/pages\/11951","targetHints":{"allow":["GET"]}}],"collection":[{"href":"https:\/\/duhocdaiduong.com\/en\/wp-json\/wp\/v2\/pages"}],"about":[{"href":"https:\/\/duhocdaiduong.com\/en\/wp-json\/wp\/v2\/types\/page"}],"author":[{"embeddable":true,"href":"https:\/\/duhocdaiduong.com\/en\/wp-json\/wp\/v2\/users\/2"}],"replies":[{"embeddable":true,"href":"https:\/\/duhocdaiduong.com\/en\/wp-json\/wp\/v2\/comments?post=11951"}],"version-history":[{"count":29,"href":"https:\/\/duhocdaiduong.com\/en\/wp-json\/wp\/v2\/pages\/11951\/revisions"}],"predecessor-version":[{"id":20299,"href":"https:\/\/duhocdaiduong.com\/en\/wp-json\/wp\/v2\/pages\/11951\/revisions\/20299"}],"wp:attachment":[{"href":"https:\/\/duhocdaiduong.com\/en\/wp-json\/wp\/v2\/media?parent=11951"}],"curies":[{"name":"wp","href":"https:\/\/api.w.org\/{rel}","templated":true}]}}