{"id":11865,"date":"2018-12-14T13:09:59","date_gmt":"2018-12-14T13:09:59","guid":{"rendered":"https:\/\/elearni.local\/?page_id=11865"},"modified":"2022-04-18T09:06:07","modified_gmt":"2022-04-18T09:06:07","slug":"dich-thuat","status":"publish","type":"page","link":"https:\/\/duhocdaiduong.com\/en\/dich-thuat\/","title":{"rendered":"Translation"},"content":{"rendered":"<div  style='background-position:right -235px !important;'  data-delay=\"0\" data-vc-full-width=\"true\" data-vc-full-width-init=\"false\" class=\"vc_row wpb_row vc_row-fluid fw4 vc_custom_1650271500051 vc_row-has-fill\"><div class=\"wpb_animate_when_almost_visible wpb_fadeIn fadeIn wpb_column vc_column_container vc_col-sm-12\" data-delay=\"500\"><div class=\"vc_column-inner\"><div class=\"wpb_wrapper\"><div class=\"vc_row wpb_row vc_inner vc_row-fluid\"><div class=\"aligncenter wpb_column vc_column_container vc_col-sm-12\"><div class=\"vc_column-inner\"><div class=\"wpb_wrapper\"><h2 class=\"default-title  wpb_animate_when_almost_visible wpb_fadeIn fadeIn\" data-delay='600'>Translation<\/h2><p style=\"text-align: center\" class=\"vc_custom_heading title_uppercase wpb_animate_when_almost_visible wpb_fadeIn fadeIn\" >Lu\u00f4n ch\u00ednh x\u00e1c, nhanh ch\u00f3ng<\/p><\/div><\/div><\/div><\/div><div id=\"1544179491125-4d5ad457-863d\" class=\"dt-sc-empty-space\"><\/div><div class=\"vc_row wpb_row vc_inner vc_row-fluid\"><div class=\"wpb_column vc_column_container vc_col-sm-2\"><div class=\"vc_column-inner\"><div class=\"wpb_wrapper\"><\/div><\/div><\/div><div class=\"aligncenter wpb_column vc_column_container vc_col-sm-8\"><div class=\"vc_column-inner vc_custom_1544179550282\"><div class=\"wpb_wrapper\">\r\n\t<div class=\"wpb_text_column wpb_content_element  wpb_animate_when_almost_visible wpb_fadeIn fadeIn\" >\r\n\t\t<div class=\"wpb_wrapper\">\r\n\t\t\t<p>Theo Lu\u1eadt C\u00f4ng ch\u1ee9ng s\u1eeda \u0111\u1ed5i v\u00e0 c\u00f3 hi\u1ec7u l\u1ef1c t\u1eeb ng\u00e0y 01\/01\/2015, c\u00e1c v\u0103n b\u1ea3n gi\u1ea5y t\u1edd c\u1ea7n d\u1ecbch thu\u1eadt c\u00f4ng ch\u1ee9ng s\u1ebd do c\u00e1c C\u00f4ng ch\u1ee9ng vi\u00ean th\u1ef1c hi\u1ec7n t\u1ea1i c\u00e1c Ph\u00f2ng C\u00f4ng Ch\u1ee9ng.<\/p>\n\r\n\t\t<\/div>\r\n\t<\/div>\r\n<\/div><\/div><\/div><div class=\"wpb_column vc_column_container vc_col-sm-2\"><div class=\"vc_column-inner\"><div class=\"wpb_wrapper\"><\/div><\/div><\/div><\/div><div id=\"1544179708769-28cebdc0-9ef7\" class=\"dt-sc-empty-space\"><\/div><\/div><\/div><\/div><\/div><div class=\"vc_row-full-width vc_clearfix\"><\/div><div  data-delay=\"0\" data-vc-full-width=\"true\" data-vc-full-width-init=\"false\" class=\"vc_row wpb_row vc_row-fluid modern-learning vc_custom_1628339019865 vc_row-has-fill vc_row-o-equal-height vc_row-o-content-middle vc_row-flex\"><div class=\"wpb_animate_when_almost_visible wpb_zoomInLeft zoomInLeft wpb_column vc_column_container vc_col-sm-4\" data-delay=\"1000\"><div class=\"vc_column-inner\"><div class=\"wpb_wrapper\"><div id=\"1544850822802-c483bc61-b17b\" class=\"dt-sc-empty-space\"><\/div>\n\t<div  class=\"wpb_single_image wpb_content_element vc_align_left   circle-image2\">\n\t\t\n\t\t<figure class=\"wpb_wrapper vc_figure\">\n\t\t\t<div class=\"vc_single_image-wrapper   vc_box_border_grey\"><img loading=\"lazy\" decoding=\"async\" width=\"402\" height=\"391\" src=\"https:\/\/duhocdaiduong.com\/wp-content\/uploads\/2019\/01\/girl-headphone.png\" class=\"vc_single_image-img attachment-full\" alt=\"img\" title=\"girl-headphone\" srcset=\"https:\/\/duhocdaiduong.com\/wp-content\/uploads\/2019\/01\/girl-headphone.png 402w, https:\/\/duhocdaiduong.com\/wp-content\/uploads\/2019\/01\/girl-headphone-300x292.png 300w\" sizes=\"auto, (max-width: 402px) 100vw, 402px\" \/><\/div>\n\t\t<\/figure>\n\t<\/div>\n<div id=\"1544850889819-ff356ee1-1c5f\" class=\"dt-sc-empty-space\"><\/div><\/div><\/div><\/div><div class=\"space-left-mid wpb_column vc_column_container vc_col-sm-8\" data-delay=\"0\"><div class=\"vc_column-inner\"><div class=\"wpb_wrapper\"><p style=\"text-align: left\" class=\"vc_custom_heading title_uppercase vcr_heading-right wpb_animate_when_almost_visible wpb_fadeIn fadeIn vc_custom_1650271818116\" >Th\u00f4ng tin chung<\/p><h2 style=\"font-size: 30px;line-height: 40px;text-align: left\" class=\"vc_custom_heading vcr_heading-right wpb_animate_when_almost_visible wpb_fadeIn fadeIn\" >V\u1ec1 d\u1ecbch thu\u1eadt<\/h2>\r\n\t<div class=\"wpb_text_column wpb_content_element  wpb_animate_when_almost_visible wpb_fadeIn fadeIn vc_custom_1547883185137\" >\r\n\t\t<div class=\"wpb_wrapper\">\r\n\t\t\t<div class='dt-sc-small-separator'><\/div>\n\r\n\t\t<\/div>\r\n\t<\/div>\r\n<div class=\"vc_row wpb_row vc_inner vc_row-fluid\"><div class=\"wpb_column vc_column_container vc_col-sm-12\"><div class=\"vc_column-inner\"><div class=\"wpb_wrapper\"><ul class='dt-sc-fancy-list  blue  wpb_animate_when_almost_visible wpb_fadeInRight fadeInRight circle arrow' data-delay='500'>\n<li>Vi\u1ec7c d\u1ecbch thu\u1eadt c\u00f4ng ch\u1ee9ng (ch\u1ee9ng th\u1ef1c b\u1ea3n d\u1ecbch) th\u01b0\u1eddng ph\u1ea3i qua nhi\u1ec1u quy tr\u00ecnh v\u00e0 m\u1ea5t nhi\u1ec1u th\u1eddi gian n\u1ebfu kh\u00e1ch h\u00e0ng t\u1ef1 l\u00e0m. Nh\u1eb1m ti\u1ebft ki\u1ec7m th\u1eddi gian qu\u00fd b\u00e1u c\u1ee7a kh\u00e1ch h\u00e0ng ch\u00fang t\u00f4i h\u00e2n h\u1ea1nh cung c\u1ea5p d\u1ecbch v\u1ee5 d\u1ecbch thu\u1eadt c\u00f4ng ch\u1ee9ng tr\u1ecdn g\u00f3i v\u1edbi ti\u00eau ch\u00ed ch\u00ednh x\u00e1c, t\u1ed1c \u0111\u1ed9, hi\u1ec7u qu\u1ea3, v\u00e0 gi\u00e1 c\u1ea3 c\u1ea1nh tranh nh\u1ea5t.<\/li>\n<li>D\u1ecbch v\u1ee5 d\u1ecbch thu\u1eadt c\u00f4ng ch\u1ee9ng c\u1ee7a ch\u00fang t\u00f4i \u0111\u00e3 \u0111\u01b0\u1ee3c c\u00e1c doanh nghi\u1ec7p, c\u00e1c s\u1edf ban ng\u00e0nh, c\u00e1c kh\u00e1ch h\u00e0ng c\u00e1 nh\u00e2n \u0111\u00e1nh gi\u00e1 cao v\u1ec1 \u0111\u1ed9 ch\u00ednh x\u00e1c c\u0169ng nh\u01b0 ti\u1ebfn \u0111\u1ed9 th\u1eddi gian quy \u0111\u1ecbnh.<\/li>\n<li><strong>Translation<\/strong> <strong>\u0110\u1ea1i D\u01b0\u01a1ng<\/strong> cam k\u1ebft lu\u00f4n n\u1ed7 l\u1ef1c cao nh\u1ea5t \u0111\u1ec3 tr\u1edf th\u00e0nh \u0111\u1ed1i t\u00e1c tin c\u1eady, \u0111\u1ed3ng h\u00e0nh c\u00f9ng s\u1ef1 ph\u00e1t tri\u1ec3n c\u1ee7a c\u00e1c doanh nghi\u1ec7p, c\u00e1c s\u1edf ban ng\u00e0nh trong v\u00e0 ngo\u00e0i n\u01b0\u1edbc&#8230;<\/li>\n<\/ul><\/div><\/div><\/div><\/div><div id=\"1544850786441-fcf30024-a99b\" class=\"dt-sc-empty-space\"><\/div><a href='\/en\/lien-he\/' target='_self' title='' class='dt-sc-button   medium     wpb_animate_when_almost_visible wpb_bounceInUp bounceInUp gradient-button' data-delay='1200' > Li\u00ean h\u1ec7 ngay <\/a><div id=\"1548670282329-07edb75f-d251\" class=\"dt-sc-empty-space\"><\/div><\/div><\/div><\/div><\/div><div class=\"vc_row-full-width vc_clearfix\"><\/div><!-- Row Backgrounds --><div class=\"upb_bg_img\" data-ultimate-bg=\"url(https:\/\/duhocdaiduong.com\/wp-content\/uploads\/2018\/12\/fw12.png)\" data-image-id=\"id^11837|url^https:\/\/duhocdaiduong.com\/wp-content\/uploads\/2018\/12\/fw12.png|caption^null|alt^img|title^fw12|description^null\" data-ultimate-bg-style=\"vcpb-vz-jquery\" data-bg-img-repeat=\"no-repeat\" data-bg-img-size=\"initial\" data-bg-img-position=\"\" data-parallx_sense=\"30\" data-bg-override=\"0\" data-bg_img_attach=\"scroll\" data-upb-overlay-color=\"\" data-upb-bg-animation=\"\" data-fadeout=\"\" data-bg-animation=\"left-animation\" data-bg-animation-type=\"h\" data-animation-repeat=\"repeat\" data-fadeout-percentage=\"30\" data-parallax-content=\"\" data-parallax-content-sense=\"30\" data-row-effect-mobile-disable=\"true\" data-img-parallax-mobile-disable=\"true\" data-rtl=\"false\"  data-custom-vc-row=\"\"  data-vc=\"6.8.0\"  data-is_old_vc=\"\"  data-theme-support=\"\"   data-overlay=\"false\" data-overlay-color=\"\" data-overlay-pattern=\"\" data-overlay-pattern-opacity=\"\" data-overlay-pattern-size=\"\"    ><\/div><div  data-delay=\"0\" class=\"vc_row wpb_row vc_row-fluid\"><div class=\"aligncenter wpb_column vc_column_container vc_col-sm-12\" data-delay=\"0\"><div class=\"vc_column-inner\"><div class=\"wpb_wrapper\"><div id=\"1545394222314-6932f21b-9861\" class=\"dt-sc-empty-space\"><\/div><h2 class=\"default-title  wpb_animate_when_almost_visible wpb_top-to-bottom top-to-bottom\" data-delay='150'>C\u00e1c l\u1ee3i \u00edch \u0111\u01b0\u1ee3c h\u01b0\u1edfng<\/h2><p style=\"text-align: center\" class=\"vc_custom_heading title_uppercase wpb_animate_when_almost_visible wpb_fadeIn fadeIn\" >Khi h\u1ee3p t\u00e1c v\u1edbi ch\u00fang t\u00f4i<\/p><div id=\"1545394300392-88a99bca-8a55\" class=\"dt-sc-empty-space\"><\/div><div class=\"vc_row wpb_row vc_inner vc_row-fluid\"><div class=\"wpb_column vc_column_container vc_col-sm-12\"><div class=\"vc_column-inner\"><div class=\"wpb_wrapper\"><div class='dt-sc-icon-box type3 circle  wpb_animate_when_almost_visible wpb_fadeInRight fadeInRight' data-delay='500' ><div class=\"icon-wrapper\"><span><img loading=\"lazy\" decoding=\"async\" width=\"100\" height=\"100\" src=\"https:\/\/duhocdaiduong.com\/wp-content\/uploads\/2018\/12\/app-access.png\" class=\"attachment-full\" alt=\"img\" title=\"app-access\" \/><\/span><\/div><div class=\"icon-content\"><h4>\u0110\u1ed9i ng\u0169 d\u1ecbch thu\u1eadt chuy\u00ean nghi\u1ec7p<\/h4><p>Hi\u1ec3u r\u1eb1ng ch\u1ea5t l\u01b0\u1ee3ng d\u1ecbch thu\u1eadt lu\u00f4n l\u00e0 m\u1ed1i quan t\u00e2m h\u00e0ng \u0111\u1ea7u c\u1ee7a qu\u00fd kh\u00e1ch h\u00e0ng, do \u0111\u00f3 <strong>D\u1ecbch thu\u1eadt \u0110\u1ea1i D\u01b0\u01a1ng<\/strong> ch\u1ec9 tuy\u1ec3n ch\u1ecdn \u0111\u1ed9i ng\u0169 CTV l\u00e0 c\u00e1c chuy\u00ean gia ng\u00f4n ng\u1eef c\u00f3 \u00edt nh\u1ea5t 5 n\u0103m kinh nghi\u1ec7m tr\u1edf l\u00ean, t\u1ed1t nghi\u1ec7p t\u1eeb c\u00e1c tr\u01b0\u1eddng \u0111\u1ea1i h\u1ecdc ngo\u1ea1i ng\u1eef danh ti\u1ebfng, am hi\u1ec3u m\u1ed9t ho\u1eb7c nhi\u1ec1u l\u0129nh v\u1ef1c nh\u1ea5t \u0111\u1ecbnh.<\/p><\/div><\/div><div id=\"1650272349129-5525fba8-a8e3\" class=\"dt-sc-empty-space\"><\/div><div class='dt-sc-icon-box type3 circle  wpb_animate_when_almost_visible wpb_fadeInRight fadeInRight' data-delay='900' ><div class=\"icon-wrapper\"><span><img loading=\"lazy\" decoding=\"async\" width=\"100\" height=\"100\" src=\"https:\/\/duhocdaiduong.com\/wp-content\/uploads\/2019\/01\/vip.png\" class=\"attachment-full\" alt=\"\" title=\"vip\" \/><\/span><\/div><div class=\"icon-content\"><h4>Quy tr\u00ecnh d\u1ecbch thu\u1eadt \u0111\u1ea3m b\u1ea3o ch\u1ea5t l\u01b0\u1ee3ng<\/h4><p>\u0110\u1ec3 \u0111\u1ea3m b\u1ea3o ch\u1ea5t l\u01b0\u1ee3ng b\u1ea3n d\u1ecbch, <strong>D\u1ecbch thu\u1eadt \u0110\u1ea1i D\u01b0\u01a1ng<\/strong> lu\u00f4n tu\u00e2n th\u1ee7 ch\u1eb7t ch\u1ebd quy tr\u00ecnh d\u1ecbch thu\u1eadt 4 b\u01b0\u1edbc nh\u01b0 \u0111\u00e1nh gi\u00e1, ph\u00e2n t\u00edch t\u00e0i li\u1ec7u, d\u1ecbch thu\u1eadt, hi\u1ec7u \u0111\u00ednh v\u00e0 nghi\u1ec7m thu s\u1ea3n ph\u1ea9m. Qu\u00fd kh\u00e1ch h\u00e0ng c\u00f3 th\u1ec3 tham kh\u1ea3o quy tr\u00ecnh d\u1ecbch thu\u1eadt 4 b\u01b0\u1edbc c\u1ee7a ch\u00fang t\u00f4i.<\/p><\/div><\/div><div id=\"1544851582356-542a206d-27e4\" class=\"dt-sc-empty-space\"><\/div><div class='dt-sc-icon-box type3 circle  wpb_animate_when_almost_visible wpb_fadeInLeft fadeInLeft' data-delay='500' ><div class=\"icon-wrapper\"><span><img loading=\"lazy\" decoding=\"async\" width=\"100\" height=\"100\" src=\"https:\/\/duhocdaiduong.com\/wp-content\/uploads\/2018\/12\/bookmark-fav-courses.png\" class=\"attachment-full\" alt=\"img\" title=\"bookmark-fav-courses\" \/><\/span><\/div><div class=\"icon-content\"><h4>Ho\u00e0n th\u00e0nh \u0111\u00fang th\u1eddi h\u1ea1n<\/h4><p>D\u00f9 d\u1ef1 \u00e1n d\u1ecbch thu\u1eadt l\u1edbn hay nh\u1ecf, <strong>D\u1ecbch thu\u1eadt \u0110\u1ea1i D\u01b0\u01a1ng<\/strong> lu\u00f4n \u0111\u1ea3m b\u1ea3o th\u1eddi gian ho\u00e0n th\u00e0nh b\u1ea3n d\u1ecbch \u0111\u00e1p \u1ee9ng ch\u1ea5t l\u01b0\u1ee3ng v\u00e0 \u0111\u00fang th\u1eddi h\u1ea1n theo y\u00eau c\u1ea7u.<\/p><\/div><\/div><div id=\"1544851609294-183755e3-d323\" class=\"dt-sc-empty-space\"><\/div><div class='dt-sc-icon-box type3 circle  wpb_animate_when_almost_visible wpb_fadeInLeft fadeInLeft' data-delay='700' ><div class=\"icon-wrapper\"><span><img loading=\"lazy\" decoding=\"async\" width=\"100\" height=\"100\" src=\"https:\/\/duhocdaiduong.com\/wp-content\/uploads\/2018\/12\/video-demo.png\" class=\"attachment-full\" alt=\"img\" title=\"video-demo\" \/><\/span><\/div><div class=\"icon-content\"><h4>Gi\u00e1 h\u1ee3p l\u00fd v\u00e0 c\u1ea1nh tranh nh\u1ea5t<\/h4><p>V\u1edbi h\u01a1n 6 n\u0103m kinh nghi\u1ec7m d\u1ecbch thu\u1eadt, ch\u00fang t\u00f4i \u0111\u00e3 t\u00edch l\u0169y cho m\u00ecnh kinh nghi\u1ec7m, k\u1ef9 n\u0103ng v\u00e0 c\u01a1 s\u1edf d\u1eef li\u1ec7u c\u1ef1c l\u1edbn, do \u0111\u00f3 ch\u00fang t\u00f4i cam k\u1ebft m\u1ee9c gi\u00e1 ch\u00fang t\u00f4i \u0111\u01b0a ra l\u00e0 h\u1ee3p l\u00fd v\u00e0 c\u1ea1nh tranh nh\u1ea5t.<\/p><\/div><\/div><div id=\"1544851551035-acfebeb8-426b\" class=\"dt-sc-empty-space\"><\/div><div class='dt-sc-icon-box type3 circle  wpb_animate_when_almost_visible wpb_fadeInDown fadeInDown' data-delay='500' ><div class=\"icon-wrapper\"><span><img loading=\"lazy\" decoding=\"async\" width=\"100\" height=\"100\" src=\"https:\/\/duhocdaiduong.com\/wp-content\/uploads\/2018\/12\/live-chats.png\" class=\"attachment-full\" alt=\"img\" title=\"live-chats\" \/><\/span><\/div><div class=\"icon-content\"><h4>Lu\u00f4n h\u1ed7 tr\u1ee3 online 24\/7<\/h4><p>H\u1ed7 tr\u1ee3 online 24\/7, m\u1ecdi y\u00eau c\u1ea7u c\u1ee7a qu\u00fd kh\u00e1ch \u0111\u1ec1u \u0111\u01b0\u1ee3c ph\u1ea3n h\u1ed3i qua email m\u1ed9t c\u00e1ch nhanh ch\u00f3ng v\u00e0 d\u1ec5 d\u00e0ng, c\u0169ng nh\u01b0 \u0111\u1ea3m b\u1ea3o r\u1eb1ng qu\u00fd kh\u00e1ch s\u1ebd \u0111\u01b0\u1ee3c h\u1ed7 tr\u1ee3 b\u1ea5t k\u1ef3 l\u00fac n\u00e0o qua \u0111i\u1ec7n tho\u1ea1i. \u0110i\u1ec1u n\u00e0y s\u1ebd gi\u00fap qu\u00fd kh\u00e1ch ti\u1ebft ki\u1ec7m \u0111\u01b0\u1ee3c r\u1ea5t nhi\u1ec1u th\u1eddi gian khi c\u1ea7n ph\u1ea3i s\u1eeda ch\u1eefa ho\u1eb7c ch\u1ec9nh s\u1eeda b\u1ea3n d\u1ecbch. N\u1ebfu ch\u01b0a h\u00e0i l\u00f2ng 100% v\u1edbi b\u1ea3n d\u1ecbch, ch\u00fang t\u00f4i lu\u00f4n ch\u1ec9nh s\u1eeda, hi\u1ec7u \u0111\u00ednh mi\u1ec5n ph\u00ed theo y\u00eau c\u1ea7u kh\u00e1ch h\u00e0ng.<\/p><\/div><\/div><\/div><\/div><\/div><\/div><\/div><\/div><\/div><\/div>","protected":false},"excerpt":{"rendered":"D\u1ecbch thu\u1eadtLu\u00f4n ch\u00ednh x\u00e1c, nhanh ch\u00f3ng Theo Lu\u1eadt C\u00f4ng ch\u1ee9ng s\u1eeda \u0111\u1ed5i v\u00e0 c\u00f3 hi\u1ec7u l\u1ef1c t\u1eeb ng\u00e0y 01\/01\/2015, c\u00e1c v\u0103n b\u1ea3n gi\u1ea5y t\u1edd c\u1ea7n d\u1ecbch thu\u1eadt c\u00f4ng ch\u1ee9ng s\u1ebd do c\u00e1c C\u00f4ng ch\u1ee9ng vi\u00ean th\u1ef1c hi\u1ec7n t\u1ea1i c\u00e1c Ph\u00f2ng C\u00f4ng Ch\u1ee9ng. Th\u00f4ng tin chungV\u1ec1 d\u1ecbch thu\u1eadt Vi\u1ec7c d\u1ecbch thu\u1eadt c\u00f4ng ch\u1ee9ng (ch\u1ee9ng th\u1ef1c b\u1ea3n [...]","protected":false},"author":2,"featured_media":0,"parent":0,"menu_order":0,"comment_status":"closed","ping_status":"closed","template":"","meta":{"footnotes":""},"class_list":["post-11865","page","type-page","status-publish","hentry"],"aioseo_notices":[],"_links":{"self":[{"href":"https:\/\/duhocdaiduong.com\/en\/wp-json\/wp\/v2\/pages\/11865","targetHints":{"allow":["GET"]}}],"collection":[{"href":"https:\/\/duhocdaiduong.com\/en\/wp-json\/wp\/v2\/pages"}],"about":[{"href":"https:\/\/duhocdaiduong.com\/en\/wp-json\/wp\/v2\/types\/page"}],"author":[{"embeddable":true,"href":"https:\/\/duhocdaiduong.com\/en\/wp-json\/wp\/v2\/users\/2"}],"replies":[{"embeddable":true,"href":"https:\/\/duhocdaiduong.com\/en\/wp-json\/wp\/v2\/comments?post=11865"}],"version-history":[{"count":23,"href":"https:\/\/duhocdaiduong.com\/en\/wp-json\/wp\/v2\/pages\/11865\/revisions"}],"predecessor-version":[{"id":20335,"href":"https:\/\/duhocdaiduong.com\/en\/wp-json\/wp\/v2\/pages\/11865\/revisions\/20335"}],"wp:attachment":[{"href":"https:\/\/duhocdaiduong.com\/en\/wp-json\/wp\/v2\/media?parent=11865"}],"curies":[{"name":"wp","href":"https:\/\/api.w.org\/{rel}","templated":true}]}}